{"id":93164,"date":"2024-06-20T14:15:38","date_gmt":"2024-06-20T12:15:38","guid":{"rendered":"https:\/\/secureus.se\/magnetiskt-faste-for-brandlarm-universell-montering\/"},"modified":"2026-01-19T13:46:53","modified_gmt":"2026-01-19T12:46:53","slug":"magnetiskt-faste-brandlarm-universell-montering","status":"publish","type":"product","link":"https:\/\/secureus.se\/fr\/magnetiskt-faste-brandlarm-universell-montering\/","title":{"rendered":"Support magn\u00e9tique pour alarmes incendie - montage universel"},"content":{"rendered":"<p>Le support magn\u00e9tique pour alarmes incendie est la solution parfaite pour un montage rapide et s\u00fbr des alarmes incendie et des d\u00e9tecteurs de fum\u00e9e. Ce support universel est compatible avec tous les types d&#039;alarmes incendie et offre une installation sans outil. Avec des tampons adh\u00e9sifs puissants et de puissants aimants en n\u00e9odyme, vous pouvez monter votre alarme incendie en quelques minutes sans avoir \u00e0 percer ou endommager le plafond.<\/p>\n<h4>Caract\u00e9ristiques et avantages<\/h4>\n<ul>\n<li><strong>Montage autocollant - sans per\u00e7age :<\/strong> Utilisez la bande adh\u00e9sive pour fixer la plaque au plafond et le support magn\u00e9tique \u00e0 l&#039;alarme incendie. Cela r\u00e9duit le risque d&#039;endommager les c\u00e2bles qui pourraient se trouver dans le plafond.<\/li>\n<li><strong>Installation simple et rapide - utilisation universelle :<\/strong> Les attaches magn\u00e9tiques peuvent \u00eatre fix\u00e9es sans outils. La surface de votre alarme incendie doit \u00eatre plane et avoir un diam\u00e8tre d&#039;au moins 70 mm.<\/li>\n<li><strong>Adh\u00e9sif extra fort :<\/strong> Des tampons autocollants et deux puissants aimants en n\u00e9odyme permettent d&#039;utiliser le support pour les alarmes incendie et les alarmes de monoxyde de carbone.<\/li>\n<li><strong>Changement de pile simple :<\/strong> Ces supports magn\u00e9tiques facilitent la r\u00e9alisation de tests de fonctionnement et le changement des piles.<\/li>\n<li><strong>La livraison comprend :<\/strong> 1 x support magn\u00e9tique universel pour alarme incendie de 70 mm de diam\u00e8tre, \u00e0 coller ou \u00e0 visser.<\/li>\n<\/ul>\n<h3>Domaines d&#039;utilisation<\/h3>\n<ul>\n<li><strong>R\u00e9sidences :<\/strong> Id\u00e9al pour installer des alarmes incendie et des d\u00e9tecteurs de fum\u00e9e dans la maison sans avoir \u00e0 percer de trous dans le plafond.<\/li>\n<li><strong>Immobilier de bureaux et commerciaux :<\/strong> Id\u00e9al pour les bureaux et les b\u00e2timents commerciaux o\u00f9 une installation rapide et facile est requise.<\/li>\n<li><strong>Propri\u00e9t\u00e9s locatives\u00a0:<\/strong> Une excellente solution pour les immeubles locatifs o\u00f9 vous ne souhaitez pas apporter de modifications permanentes au toit.<\/li>\n<\/ul>\n<h3>Guide d&#039;installation simple<\/h3>\n<ol>\n<li><strong>Pr\u00e9parez le support :<\/strong> Assurez-vous que la surface du plafond est propre et s\u00e8che avant de fixer la bande autocollante.<\/li>\n<li><strong>Fixez la plaque au plafond :<\/strong> Utilisez la bande autocollante pour fixer la plaque de support au toit.<\/li>\n<li><strong>Fixez l&#039;aimant \u00e0 l&#039;alarme incendie\u00a0:<\/strong> Collez la partie m\u00e9tallique au dos de votre alarme incendie.<\/li>\n<li><strong>Montez l&#039;alarme incendie\u00a0:<\/strong> Placez l&#039;alarme incendie avec l&#039;aimant attach\u00e9 contre la plaque sur le toit. V\u00e9rifiez qu&#039;il est bien en place.<\/li>\n<\/ol>\n<h3>Sp\u00e9cification technique<\/h3>\n<ul>\n<li><strong>Diam\u00e8tre:<\/strong> 70 millim\u00e8tres<\/li>\n<li><strong>Compatibilit\u00e9:<\/strong> Tous types d&#039;alarmes incendie et de d\u00e9tecteurs de fum\u00e9e avec une surface plane d&#039;au moins 70 mm de diam\u00e8tre<\/li>\n<\/ul>\n<h3>Avantages du support magn\u00e9tique autocollant<\/h3>\n<ul>\n<li><strong>Installation simple et directe :<\/strong> Pas besoin d&#039;aligner les trous pour obtenir une installation soign\u00e9e et droite.<\/li>\n<li><strong>Pas de per\u00e7age :<\/strong> Id\u00e9al pour les toits solides comme le b\u00e9ton, o\u00f9 le per\u00e7age peut \u00eatre difficile ou ind\u00e9sirable.<\/li>\n<li><strong>Installation rapide :<\/strong> S&#039;assemble en quelques minutes seulement sans avoir besoin d&#039;outils.<\/li>\n<\/ul>","protected":false},"excerpt":{"rendered":"<p>Support magn\u00e9tique autocollant pour un montage facile et s\u00fbr des alarmes incendie et des d\u00e9tecteurs de fum\u00e9e \u2013 aucun per\u00e7age requis.<\/p>","protected":false},"featured_media":137545,"template":"","meta":{"_acf_changed":false},"product_brand":[],"product_cat":[3373],"product_tag":[],"class_list":{"0":"post-93164","1":"product","2":"type-product","3":"status-publish","4":"has-post-thumbnail","6":"product_cat-rokdetektorer","7":"product_shipping_class-postnord-varubrev","8":"pa_brands-stonehouse-security","9":"tm-no-options","11":"first","12":"instock","13":"taxable","14":"shipping-taxable","15":"purchasable","16":"product-type-simple"},"acf":[],"_links":{"self":[{"href":"https:\/\/secureus.se\/fr\/wp-json\/wp\/v2\/product\/93164","targetHints":{"allow":["GET"]}}],"collection":[{"href":"https:\/\/secureus.se\/fr\/wp-json\/wp\/v2\/product"}],"about":[{"href":"https:\/\/secureus.se\/fr\/wp-json\/wp\/v2\/types\/product"}],"wp:featuredmedia":[{"embeddable":true,"href":"https:\/\/secureus.se\/fr\/wp-json\/wp\/v2\/media\/137545"}],"wp:attachment":[{"href":"https:\/\/secureus.se\/fr\/wp-json\/wp\/v2\/media?parent=93164"}],"wp:term":[{"taxonomy":"product_brand","embeddable":true,"href":"https:\/\/secureus.se\/fr\/wp-json\/wp\/v2\/product_brand?post=93164"},{"taxonomy":"product_cat","embeddable":true,"href":"https:\/\/secureus.se\/fr\/wp-json\/wp\/v2\/product_cat?post=93164"},{"taxonomy":"product_tag","embeddable":true,"href":"https:\/\/secureus.se\/fr\/wp-json\/wp\/v2\/product_tag?post=93164"}],"curies":[{"name":"wp","href":"https:\/\/api.w.org\/{rel}","templated":true}]}}