{"id":93481,"date":"2024-06-25T13:54:44","date_gmt":"2024-06-25T11:54:44","guid":{"rendered":"https:\/\/secureus.se\/?post_type=product&#038;p=93481"},"modified":"2025-09-30T17:24:18","modified_gmt":"2025-09-30T15:24:18","slug":"larmbyggare-for-dsc-neo-larm","status":"publish","type":"product","link":"https:\/\/secureus.se\/fr\/larmbyggare-for-dsc-neo-larm\/","title":{"rendered":"G\u00e9n\u00e9rateur d&#039;alarme pour l&#039;alarme DSC NEO"},"content":{"rendered":"<p>Vous pouvez toujours nous contacter pour un devis individuel ou une assistance - Nous sommes l\u00e0 pour vous.<\/p>","protected":false},"excerpt":{"rendered":"<h1><a href=\"https:\/\/secureus.se\/fr\/larmbyggare-for-dsc-neo\/\"><strong>CLIQUEZ ICI POUR ALLER AU CONSTRUCTEUR<\/strong><\/a><\/h1>\n<p>Ici, vous pouvez cr\u00e9er votre propre syst\u00e8me d&#039;alarme comme vous le souhaitez. Vous n&#039;\u00eates pas oblig\u00e9 d&#039;acheter \u00e0 chaque \u00e9tape, mais vous choisissez ce dont vous avez besoin. Nous vous avons permis de voir facilement combien co\u00fbte votre colis et d&#039;obtenir un aper\u00e7u de toutes les pi\u00e8ces sans avoir \u00e0 mettre \u00e0 jour le processus de paiement.<\/p>\n<p>N\u2019oubliez pas que vous pouvez toujours \u00e9tendre votre protection au fur et \u00e0 mesure. Vous pouvez toujours nous contacter pour un devis individuel ou une assistance \u2013 nous sommes l\u00e0 pour vous.<\/p>","protected":false},"featured_media":95971,"template":"","meta":{"_acf_changed":false},"product_brand":[],"product_cat":[4025],"product_tag":[],"class_list":{"0":"post-93481","1":"product","2":"type-product","3":"status-publish","4":"has-post-thumbnail","6":"product_cat-larmbyggare-dsc-larm-neo-power-hybridlarm","7":"tm-no-options","9":"first","10":"instock","11":"taxable","12":"shipping-taxable","13":"purchasable","14":"product-type-simple"},"acf":[],"_links":{"self":[{"href":"https:\/\/secureus.se\/fr\/wp-json\/wp\/v2\/product\/93481","targetHints":{"allow":["GET"]}}],"collection":[{"href":"https:\/\/secureus.se\/fr\/wp-json\/wp\/v2\/product"}],"about":[{"href":"https:\/\/secureus.se\/fr\/wp-json\/wp\/v2\/types\/product"}],"wp:featuredmedia":[{"embeddable":true,"href":"https:\/\/secureus.se\/fr\/wp-json\/wp\/v2\/media\/95971"}],"wp:attachment":[{"href":"https:\/\/secureus.se\/fr\/wp-json\/wp\/v2\/media?parent=93481"}],"wp:term":[{"taxonomy":"product_brand","embeddable":true,"href":"https:\/\/secureus.se\/fr\/wp-json\/wp\/v2\/product_brand?post=93481"},{"taxonomy":"product_cat","embeddable":true,"href":"https:\/\/secureus.se\/fr\/wp-json\/wp\/v2\/product_cat?post=93481"},{"taxonomy":"product_tag","embeddable":true,"href":"https:\/\/secureus.se\/fr\/wp-json\/wp\/v2\/product_tag?post=93481"}],"curies":[{"name":"wp","href":"https:\/\/api.w.org\/{rel}","templated":true}]}}