{"id":94469,"date":"2023-02-20T14:15:27","date_gmt":"2023-02-20T13:15:27","guid":{"rendered":"https:\/\/secureus.se\/pir-detector-flx-a-dam\/"},"modified":"2026-03-04T14:43:58","modified_gmt":"2026-03-04T13:43:58","slug":"optex-flx-a-dam-x5-pir-detector","status":"publish","type":"product","link":"https:\/\/secureus.se\/fr\/optex-flx-a-dam-x5-pir-detector\/","title":{"rendered":"D\u00e9tecteur combin\u00e9 anti-masque Optex FLX-A-DAM-X5 PIR + micro-ondes 15 m 85 degr\u00e9s ou faisceau de 24 m\u00e8tres de long"},"content":{"rendered":"<h1>L&#039;Optex FLX-A-DAM-X5 est un d\u00e9tecteur de qualit\u00e9 du leader du march\u00e9 Optex, qui remplace le mod\u00e8le pr\u00e9c\u00e9dent CDX-DAM et offre une solution plus avanc\u00e9e et plus fiable pour la d\u00e9tection int\u00e9rieure.<\/h1>\n<p>Ce d\u00e9tecteur combine la technologie PIR (infrarouge passif) et micro-ondes pour garantir une d\u00e9tection plus pr\u00e9cise et s\u00e9curis\u00e9e avec un risque moindre de fausses alarmes.<\/p>\n<p>Avec une capacit\u00e9 de d\u00e9tection adaptable \u00e0 diff\u00e9rents besoins et une tr\u00e8s faible tendance aux fausses alarmes, le FLX-A-DAM-X5 est le choix \u00e9vident pour les environnements r\u00e9sidentiels et publics.<\/p>\n<p>Le d\u00e9tecteur est approuv\u00e9 SBSC dans la classe d&#039;alarme 3, ce qui signifie qu&#039;il r\u00e9pond \u00e0 des normes de s\u00e9curit\u00e9 strictes et est certifi\u00e9 pour une utilisation dans les syst\u00e8mes de s\u00e9curit\u00e9 professionnels.<\/p>\n<p>De plus, le FLX-A-DAM-X5 est immunis\u00e9 contre les petits animaux, ce qui le rend particuli\u00e8rement utile dans les environnements o\u00f9 de petits animaux sont pr\u00e9sents.<\/p>\n<p>L&#039;une des caract\u00e9ristiques les plus remarquables du FLX-A-DAM-X5 est la lentille r\u00e9versible, qui vous permet d&#039;ajuster la zone de d\u00e9tection en fonction des exigences d&#039;installation sp\u00e9cifiques.<\/p>\n<p>Il offre deux choix de mod\u00e8les de d\u00e9tection : un mod\u00e8le de faisceau de 15 x 15 m\u00e8tres de large, pr\u00e9s\u00e9lectionn\u00e9 et parfait pour les grandes zones ouvertes, et un mod\u00e8le de faisceau de 24 x 2 m\u00e8tres de long, id\u00e9al pour couvrir des passages ou des fen\u00eatres plus \u00e9troits.<\/p>\n<p>Lors de l&#039;utilisation du mod\u00e8le de faisceau long, la fonction micro-ondes est d\u00e9connect\u00e9e, ce qui en fait une solution polyvalente pour diff\u00e9rents types de zones d&#039;installation.<\/p>\n<p>Le FLX-A-DAM-X5 est \u00e9galement \u00e9quip\u00e9 d&#039;un processeur de signal num\u00e9rique et d&#039;un nouveau design de l&#039;\u00e9l\u00e9ment PIR.<\/p>\n<p>Cela permet au d\u00e9tecteur de d\u00e9tecter les mouvements avec plus de pr\u00e9cision et de garantir que toutes les parties de la zone de surveillance sont couvertes de mani\u00e8re fiable.<\/p>\n<p>La lentille sph\u00e9rique am\u00e9liore \u00e9galement la couverture et la pr\u00e9cision de la d\u00e9tection.<\/p>\n<p>Pour garantir une longue dur\u00e9e de vie et une fiabilit\u00e9, le d\u00e9tecteur dispose \u00e9galement d&#039;une protection de masquage, ce qui en fait un bon choix pour les lieux publics, o\u00f9 le risque de sabotage est plus \u00e9lev\u00e9.<\/p>\n<p>De plus, une analyse multidimensionnelle (SMDA) et un blindage \u00e0 double conducteur prot\u00e8gent le d\u00e9tecteur des interf\u00e9rences externes pouvant affecter ses performances.<\/p>\n<p>Ce d\u00e9tecteur est con\u00e7u pour une installation facile et dispose d&#039;un m\u00e9canisme pratique permettant de retirer facilement les borniers du d\u00e9tecteur pour simplifier le c\u00e2blage et la connexion.<\/p>\n<p>L&#039;installation s&#039;effectue g\u00e9n\u00e9ralement \u00e0 une hauteur comprise entre 2 et 3 m\u00e8tres, ce qui est la hauteur d&#039;installation recommand\u00e9e pour de meilleurs r\u00e9sultats.<\/p>\n<p>Le FLX-A-DAM-X5 pr\u00e9sente \u00e9galement un design moderne et durable, fabriqu\u00e9 en plastique acrylonitrile qui le rend r\u00e9sistant aux rayons UV et l&#039;emp\u00eache de jaunir avec le temps.<\/p>\n<p>Cela signifie qu&#039;il conserve son aspect esth\u00e9tique m\u00eame dans des environnements expos\u00e9s.<\/p>\n<p>En r\u00e9sum\u00e9, l&#039;Optex FLX-A-DAM-X5 est un d\u00e9tecteur de haute qualit\u00e9, flexible et fiable qui combine les derni\u00e8res technologies pour assurer une surveillance efficace et s\u00fbre dans les propri\u00e9t\u00e9s priv\u00e9es et commerciales.<\/p>\n<p>Il est facile \u00e0 installer, pr\u00e9sente un faible taux de fausses alarmes et offre des options de d\u00e9tection personnalis\u00e9es pour diff\u00e9rents environnements.<\/p>\n<p><strong>Sp\u00e9cifications techniques\u00a0:<\/strong><\/p>\n<ul>\n<li><strong>Type de d\u00e9tecteur\u00a0:<\/strong> D\u00e9tecteur combin\u00e9 (PIR + Micro-ondes)<\/li>\n<li><strong>Plage de d\u00e9tection\u00a0:<\/strong> 15 x 15 m (faisceau large) ou 24 x 2 m (faisceau long)<\/li>\n<li><strong>Immunis\u00e9 contre les animaux\u00a0:<\/strong> Oui, pour les petits animaux<\/li>\n<li><strong>Protection contre le masquage\u00a0:<\/strong> Oui<\/li>\n<li><strong>Processeur de signaux\u00a0:<\/strong> Num\u00e9rique<\/li>\n<li><strong>Hauteur d&#039;installation :<\/strong> 2 \u00e0 3 m\u00e8tres<\/li>\n<li><strong>Alimentation\u00a0:<\/strong> 12 V CC<\/li>\n<li><strong>Classe de protection\u00a0:<\/strong> IP50<\/li>\n<li><strong>Plage de temp\u00e9rature\u00a0:<\/strong> -20\u00b0C \u00e0 +45\u00b0C<\/li>\n<li><strong>Attestation\u00a0:<\/strong> SBSC r\u00e9ussi en LK 3<\/li>\n<li><strong>Mat\u00e9riel:<\/strong> Plastique acrylonitrile<\/li>\n<li><strong>Mesure:<\/strong> 160x62x59mm<\/li>\n<li><strong>Poids:<\/strong> 200 g<\/li>\n<\/ul>","protected":false},"excerpt":{"rendered":"<p>L&#039;Optex FLX-A-DAM-X5 est un d\u00e9tecteur PIR et micro-ondes approuv\u00e9 par le SBSC pour une utilisation en int\u00e9rieur, insensible aux animaux domestiques et avec des plages de d\u00e9tection r\u00e9glables.<\/p>\n<p>Avec une protection contre le masquage et une faible tendance aux fausses alarmes, le d\u00e9tecteur est id\u00e9al pour les locaux r\u00e9sidentiels et publics.<\/p>","protected":false},"featured_media":140467,"template":"","meta":{"_acf_changed":false},"product_brand":[],"product_cat":[1325],"product_tag":[2989,2145,2466],"class_list":{"0":"post-94469","1":"product","2":"type-product","3":"status-publish","4":"has-post-thumbnail","6":"product_cat-larmgivare-skalskydd","7":"product_tag-egen-logo-ej-taggar-kort","8":"product_tag-rorelsedetektor-ir-detektorer","9":"product_tag-sbsc-larmklass3","10":"product_shipping_class-postnord-varubrev","11":"pa_brands-optex","12":"tm-no-options","14":"first","15":"instock","16":"sale","17":"featured","18":"taxable","19":"shipping-taxable","20":"purchasable","21":"product-type-simple"},"acf":[],"_links":{"self":[{"href":"https:\/\/secureus.se\/fr\/wp-json\/wp\/v2\/product\/94469","targetHints":{"allow":["GET"]}}],"collection":[{"href":"https:\/\/secureus.se\/fr\/wp-json\/wp\/v2\/product"}],"about":[{"href":"https:\/\/secureus.se\/fr\/wp-json\/wp\/v2\/types\/product"}],"wp:featuredmedia":[{"embeddable":true,"href":"https:\/\/secureus.se\/fr\/wp-json\/wp\/v2\/media\/140467"}],"wp:attachment":[{"href":"https:\/\/secureus.se\/fr\/wp-json\/wp\/v2\/media?parent=94469"}],"wp:term":[{"taxonomy":"product_brand","embeddable":true,"href":"https:\/\/secureus.se\/fr\/wp-json\/wp\/v2\/product_brand?post=94469"},{"taxonomy":"product_cat","embeddable":true,"href":"https:\/\/secureus.se\/fr\/wp-json\/wp\/v2\/product_cat?post=94469"},{"taxonomy":"product_tag","embeddable":true,"href":"https:\/\/secureus.se\/fr\/wp-json\/wp\/v2\/product_tag?post=94469"}],"curies":[{"name":"wp","href":"https:\/\/api.w.org\/{rel}","templated":true}]}}