{"id":94472,"date":"2022-06-29T12:45:51","date_gmt":"2022-06-29T10:45:51","guid":{"rendered":"https:\/\/secureus.se\/ir-detektor-pdm-i18t\/"},"modified":"2026-03-26T11:49:54","modified_gmt":"2026-03-26T10:49:54","slug":"ir-detektor-pdm-i18t","status":"publish","type":"product","link":"https:\/\/secureus.se\/fr\/ir-detektor-pdm-i18t\/","title":{"rendered":"D\u00e9tecteur IR PDM-I18T Antimask - grand angle de 18 m\u00e8tres"},"content":{"rendered":"<h1>D\u00e9tecteur IR PDM-I18T Antimask - grand angle de 18 m\u00e8tres<\/h1>\n<p data-start=\"327\" data-end=\"1330\">Le d\u00e9tecteur IR PDM-I18T est un d\u00e9tecteur de mouvement au design \u00e9l\u00e9gant et moderne qui combine des technologies avanc\u00e9es telles que l&#039;optique miroir MAGIC et l&#039;algorithme Visatec pour fournir une d\u00e9tection fiable et une s\u00e9curit\u00e9 \u00e9lev\u00e9e.<\/p>\n<p data-start=\"327\" data-end=\"1330\">Avec une zone de couverture de 18 m\u00e8tres grand angle, le PDM-I18T est parfait pour tous les types d&#039;installations, y compris les environnements priv\u00e9s et commerciaux.<br data-start=\"707\" data-end=\"710\" \/>Une caract\u00e9ristique unique du PDM-I18T est sa fonction anti-masque en temps r\u00e9el, qui lui permet de d\u00e9tecter les tentatives de falsification et de masquage en temps r\u00e9el, offrant ainsi un niveau de s\u00e9curit\u00e9 plus \u00e9lev\u00e9.<br data-start=\"891\" data-end=\"894\" \/>Le PDM-I18T est \u00e9quip\u00e9 d&#039;un concept d&#039;installation convivial qui comprend une nouvelle proc\u00e9dure de test de marche et un syst\u00e8me EOL pour rendre l&#039;installation rapide et facile.<\/p>\n<p data-start=\"327\" data-end=\"1330\">Il a une faible consommation de courant de 3,9 mA (rms) et un pic maximal de 6,6 mA, ce qui le rend \u00e9conome en \u00e9nergie et fiable.<br data-start=\"1177\" data-end=\"1180\" \/>Le PDM-I18T est homologu\u00e9 selon les normes EN50131-2-2 grade 3, VdS classe C et SBSC classe 3\/4, garantissant ainsi qu&#039;il r\u00e9pond aux normes de s\u00e9curit\u00e9 les plus \u00e9lev\u00e9es.<\/p>\n<p data-start=\"1332\" data-end=\"1362\"><strong data-start=\"1332\" data-end=\"1360\">Caract\u00e9ristiques et avantages\u00a0:<\/strong><\/p>\n<ul data-start=\"1363\" data-end=\"1823\">\n<li data-start=\"1363\" data-end=\"1412\">\n<p data-start=\"1365\" data-end=\"1412\">Grand angle de 18 m\u00e8tres pour une d\u00e9tection compl\u00e8te<\/p>\n<\/li>\n<li data-start=\"1413\" data-end=\"1485\">\n<p data-start=\"1415\" data-end=\"1485\">Fonction anti-masque en temps r\u00e9el pour d\u00e9tecter les falsifications et le masquage<\/p>\n<\/li>\n<li data-start=\"1486\" data-end=\"1559\">\n<p data-start=\"1488\" data-end=\"1559\">Optique miroir MAGIC et algorithme Visatec pour une s\u00e9curit\u00e9 et une pr\u00e9cision \u00e9lev\u00e9es<\/p>\n<\/li>\n<li data-start=\"1560\" data-end=\"1614\">\n<p data-start=\"1562\" data-end=\"1614\">Faible consommation d&#039;\u00e9nergie (3,9 mA rms, 6,6 mA max cr\u00eate)<\/p>\n<\/li>\n<li data-start=\"1615\" data-end=\"1680\">\n<p data-start=\"1617\" data-end=\"1680\">Installation facile avec nouvelle proc\u00e9dure de test de marche et syst\u00e8me EOL<\/p>\n<\/li>\n<li data-start=\"1681\" data-end=\"1747\">\n<p data-start=\"1683\" data-end=\"1747\">Sortie : 30 VDC \/ 100 mA, NC pour une int\u00e9gration s\u00fbre et flexible<\/p>\n<\/li>\n<li data-start=\"1748\" data-end=\"1823\">\n<p data-start=\"1750\" data-end=\"1823\">Certifi\u00e9 selon EN50131-2-2 grade 3, VdS classe C et SBSC classe 3\/4<\/p>\n<\/li>\n<\/ul>\n<p data-start=\"1825\" data-end=\"1856\"><strong data-start=\"1825\" data-end=\"1854\">Sp\u00e9cifications techniques :<\/strong><\/p>\n<ul data-start=\"1857\" data-end=\"2177\">\n<li data-start=\"1857\" data-end=\"1889\">\n<p data-start=\"1859\" data-end=\"1889\">Couverture : 18 m\u00e8tres grand angle<\/p>\n<\/li>\n<li data-start=\"1890\" data-end=\"1934\">\n<p data-start=\"1892\" data-end=\"1934\">Alimentation : 9 \u2013 16 V CC (12 V nominal)<\/p>\n<\/li>\n<li data-start=\"1935\" data-end=\"1988\">\n<p data-start=\"1937\" data-end=\"1988\">Consommation de courant : 3,9 mA (rms), 6,6 mA (cr\u00eate max)<\/p>\n<\/li>\n<li data-start=\"1989\" data-end=\"2022\">\n<p data-start=\"1991\" data-end=\"2022\">Sorties : 30 VCC \/ 100 mA, NC<\/p>\n<\/li>\n<li data-start=\"2023\" data-end=\"2057\">\n<p data-start=\"2025\" data-end=\"2057\">Dimensions (LxHxP) : 64 x 147 x 35 mm<\/p>\n<\/li>\n<li data-start=\"2058\" data-end=\"2124\">\n<p data-start=\"2060\" data-end=\"2124\">Homologation : EN50131-2-2 grade 3, VdS classe C, SBSC classe 3\/4<\/p>\n<\/li>\n<li data-start=\"2125\" data-end=\"2177\">\n<p data-start=\"2127\" data-end=\"2177\">Plage de temp\u00e9rature : Standard pour les d\u00e9tecteurs PIR<\/p>\n<\/li>\n<\/ul>","protected":false},"excerpt":{"rendered":"<p>D\u00e9tecteur de mouvement MAGIC avec grand angle de 18 m\u00e8tres et anti-masque en temps r\u00e9el.<\/p>\n<p>Algorithme Visatec, miroir MAGIC brevet\u00e9 et haute s\u00e9curit\u00e9 pour une d\u00e9tection fiable.<\/p>","protected":false},"featured_media":142197,"template":"","meta":{"_acf_changed":false},"product_brand":[],"product_cat":[1325],"product_tag":[2145,2418,2466],"class_list":{"0":"post-94472","1":"product","2":"type-product","3":"status-publish","4":"has-post-thumbnail","6":"product_cat-larmgivare-skalskydd","7":"product_tag-rorelsedetektor-ir-detektorer","8":"product_tag-rel-larmgivare","9":"product_tag-sbsc-larmklass3","10":"product_shipping_class-postnord-varubrev","11":"pa_brands-6vanderbilt","12":"tm-no-options","14":"first","15":"instock","16":"sale","17":"featured","18":"taxable","19":"shipping-taxable","20":"purchasable","21":"product-type-simple"},"acf":[],"_links":{"self":[{"href":"https:\/\/secureus.se\/fr\/wp-json\/wp\/v2\/product\/94472","targetHints":{"allow":["GET"]}}],"collection":[{"href":"https:\/\/secureus.se\/fr\/wp-json\/wp\/v2\/product"}],"about":[{"href":"https:\/\/secureus.se\/fr\/wp-json\/wp\/v2\/types\/product"}],"wp:featuredmedia":[{"embeddable":true,"href":"https:\/\/secureus.se\/fr\/wp-json\/wp\/v2\/media\/142197"}],"wp:attachment":[{"href":"https:\/\/secureus.se\/fr\/wp-json\/wp\/v2\/media?parent=94472"}],"wp:term":[{"taxonomy":"product_brand","embeddable":true,"href":"https:\/\/secureus.se\/fr\/wp-json\/wp\/v2\/product_brand?post=94472"},{"taxonomy":"product_cat","embeddable":true,"href":"https:\/\/secureus.se\/fr\/wp-json\/wp\/v2\/product_cat?post=94472"},{"taxonomy":"product_tag","embeddable":true,"href":"https:\/\/secureus.se\/fr\/wp-json\/wp\/v2\/product_tag?post=94472"}],"curies":[{"name":"wp","href":"https:\/\/api.w.org\/{rel}","templated":true}]}}