{"id":94474,"date":"2022-06-29T12:45:15","date_gmt":"2022-06-29T10:45:15","guid":{"rendered":"https:\/\/secureus.se\/ir-detektor-pdm-i12\/"},"modified":"2026-04-23T11:08:36","modified_gmt":"2026-04-23T09:08:36","slug":"ir-detektor-pdm-i12","status":"publish","type":"product","link":"https:\/\/secureus.se\/fr\/ir-detektor-pdm-i12\/","title":{"rendered":"D\u00e9tecteur IR PDM-I12 \u2013 grand angle de 12 m\u00e8tres"},"content":{"rendered":"<h1>D\u00e9tecteur IR PDM-I12 \u2013 grand angle de 12 m\u00e8tres<\/h1>\n<p data-start=\"327\" data-end=\"1252\">Le d\u00e9tecteur IR PDM-I12 est un d\u00e9tecteur de mouvement moderne et \u00e9l\u00e9gant avec un grand angle de 12 m\u00e8tres, ce qui le rend parfait pour tous les types d&#039;installations.<\/p>\n<p data-start=\"327\" data-end=\"1252\">Gr\u00e2ce au miroir MAGIC brevet\u00e9 et \u00e0 l&#039;algorithme Visatec perfectionn\u00e9, le PDM-I12 offre une d\u00e9tection d&#039;intrusion fiable et la plus haute s\u00e9curit\u00e9 contre les alarmes injustifi\u00e9es.<br data-start=\"677\" data-end=\"680\" \/>Une caract\u00e9ristique unique du PDM-I12 est l&#039;immunit\u00e9 aux animaux, qui peut \u00eatre activ\u00e9e via le clip PO-CL Pet, permettant d&#039;utiliser le d\u00e9tecteur dans des environnements o\u00f9 des animaux sont pr\u00e9sents, sans risquer de fausses alarmes.<br data-start=\"872\" data-end=\"875\" \/>Pour faciliter l&#039;installation, le PDM-I12 dispose d&#039;une nouvelle proc\u00e9dure de test de marche et d&#039;un syst\u00e8me EOL, rendant l&#039;installation rapide et facile.<\/p>\n<p data-start=\"327\" data-end=\"1252\">Il a une consommation de courant maximale de 4,7 mA (LED allum\u00e9e) et une alimentation en tension de 9-16 VDC, ce qui le rend \u00e9conome en \u00e9nergie et fiable.<\/p>\n<p data-start=\"327\" data-end=\"1252\">Certifi\u00e9 selon le certificat SBSC 13-331, classe 1-2, garantit que le PDM-I12 r\u00e9pond aux exigences de s\u00e9curit\u00e9 les plus \u00e9lev\u00e9es.<\/p>\n<p data-start=\"1254\" data-end=\"1284\"><strong data-start=\"1254\" data-end=\"1282\">Caract\u00e9ristiques et avantages\u00a0:<\/strong><\/p>\n<ul data-start=\"1285\" data-end=\"1770\">\n<li data-start=\"1285\" data-end=\"1342\">\n<p data-start=\"1287\" data-end=\"1342\">Grand angle de 12 m\u00e8tres pour une d\u00e9tection efficace et pr\u00e9cise<\/p>\n<\/li>\n<li data-start=\"1343\" data-end=\"1429\">\n<p data-start=\"1345\" data-end=\"1429\">Immunit\u00e9 aux animaux de compagnie (peut \u00eatre activ\u00e9e via le clip pour animaux PO-CL) pour \u00e9viter les fausses alarmes<\/p>\n<\/li>\n<li data-start=\"1430\" data-end=\"1503\">\n<p data-start=\"1432\" data-end=\"1503\">Optique miroir MAGIC et algorithme Visatec pour une s\u00e9curit\u00e9 et une pr\u00e9cision \u00e9lev\u00e9es<\/p>\n<\/li>\n<li data-start=\"1504\" data-end=\"1575\">\n<p data-start=\"1506\" data-end=\"1575\">Faible consommation d&#039;\u00e9nergie (max 4,7 mA avec LED allum\u00e9e) pour une efficacit\u00e9 \u00e9nerg\u00e9tique<\/p>\n<\/li>\n<li data-start=\"1576\" data-end=\"1641\">\n<p data-start=\"1578\" data-end=\"1641\">Nouvelle proc\u00e9dure de test de marche et syst\u00e8me EOL pour une installation rapide<\/p>\n<\/li>\n<li data-start=\"1642\" data-end=\"1710\">\n<p data-start=\"1644\" data-end=\"1710\">Certifi\u00e9 selon le certificat SBSC 13-331, classe 1-2 pour une s\u00e9curit\u00e9 \u00e9lev\u00e9e<\/p>\n<\/li>\n<li data-start=\"1711\" data-end=\"1770\">\n<p data-start=\"1713\" data-end=\"1770\">Conception compacte et \u00e9l\u00e9gante qui s&#039;adapte \u00e0 n&#039;importe quelle installation<\/p>\n<\/li>\n<\/ul>\n<p data-start=\"1772\" data-end=\"1803\"><strong data-start=\"1772\" data-end=\"1801\">Sp\u00e9cifications techniques :<\/strong><\/p>\n<ul data-start=\"1804\" data-end=\"2101\">\n<li data-start=\"1804\" data-end=\"1836\">\n<p data-start=\"1806\" data-end=\"1836\">Couverture : 12 m\u00e8tres grand angle<\/p>\n<\/li>\n<li data-start=\"1837\" data-end=\"1869\">\n<p data-start=\"1839\" data-end=\"1869\">Alimentation : 9 \u2013 16 VDC<\/p>\n<\/li>\n<li data-start=\"1870\" data-end=\"1911\">\n<p data-start=\"1872\" data-end=\"1911\">Consommation de courant : max 4,7 mA (LED allum\u00e9e)<\/p>\n<\/li>\n<li data-start=\"1912\" data-end=\"1960\">\n<p data-start=\"1914\" data-end=\"1960\">Immunit\u00e9 des animaux de compagnie : Oui (via le clip pour animaux PO-CL)<\/p>\n<\/li>\n<li data-start=\"1961\" data-end=\"2006\">\n<p data-start=\"1963\" data-end=\"2006\">Approbation : certificat SBSC 13-331, classe 1-2<\/p>\n<\/li>\n<li data-start=\"2007\" data-end=\"2048\">\n<p data-start=\"2009\" data-end=\"2048\">Dimensions : Dimensions standard pour les d\u00e9tecteurs PIR<\/p>\n<\/li>\n<li data-start=\"2049\" data-end=\"2101\">\n<p data-start=\"2051\" data-end=\"2101\">Plage de temp\u00e9rature : Standard pour les d\u00e9tecteurs PIR<\/p>\n<\/li>\n<\/ul>","protected":false},"excerpt":{"rendered":"<p>D\u00e9tecteur de mouvement MAGIC avec grand angle de 12 m\u00e8tres, algorithme Visatec et immunit\u00e9 aux animaux (via clip PO-CL Pet).<\/p>\n<p>D\u00e9tection fiable et haute s\u00e9curit\u00e9 avec une faible consommation d&#039;\u00e9nergie.<\/p>","protected":false},"featured_media":142492,"template":"","meta":{"_acf_changed":false},"product_brand":[],"product_cat":[1325],"product_tag":[2145,2465],"class_list":{"0":"post-94474","1":"product","2":"type-product","3":"status-publish","4":"has-post-thumbnail","6":"product_cat-larmgivare-skalskydd","7":"product_tag-rorelsedetektor-ir-detektorer","8":"product_tag-sbsc-larmklass2","9":"product_shipping_class-postnord-varubrev","10":"pa_brands-6vanderbilt","11":"tm-no-options","13":"first","14":"instock","15":"sale","16":"featured","17":"taxable","18":"shipping-taxable","19":"purchasable","20":"product-type-simple"},"acf":[],"_links":{"self":[{"href":"https:\/\/secureus.se\/fr\/wp-json\/wp\/v2\/product\/94474","targetHints":{"allow":["GET"]}}],"collection":[{"href":"https:\/\/secureus.se\/fr\/wp-json\/wp\/v2\/product"}],"about":[{"href":"https:\/\/secureus.se\/fr\/wp-json\/wp\/v2\/types\/product"}],"wp:featuredmedia":[{"embeddable":true,"href":"https:\/\/secureus.se\/fr\/wp-json\/wp\/v2\/media\/142492"}],"wp:attachment":[{"href":"https:\/\/secureus.se\/fr\/wp-json\/wp\/v2\/media?parent=94474"}],"wp:term":[{"taxonomy":"product_brand","embeddable":true,"href":"https:\/\/secureus.se\/fr\/wp-json\/wp\/v2\/product_brand?post=94474"},{"taxonomy":"product_cat","embeddable":true,"href":"https:\/\/secureus.se\/fr\/wp-json\/wp\/v2\/product_cat?post=94474"},{"taxonomy":"product_tag","embeddable":true,"href":"https:\/\/secureus.se\/fr\/wp-json\/wp\/v2\/product_tag?post=94474"}],"curies":[{"name":"wp","href":"https:\/\/api.w.org\/{rel}","templated":true}]}}