{"id":94475,"date":"2022-06-13T15:04:05","date_gmt":"2022-06-13T13:04:05","guid":{"rendered":"https:\/\/secureus.se\/kombi-bosch-blueline-husdj-isc-bdl2-wp12g\/"},"modified":"2026-04-01T13:22:34","modified_gmt":"2026-04-01T11:22:34","slug":"kombi-bosch-blueline-husdj-isc-bdl2-wp12g","status":"publish","type":"product","link":"https:\/\/secureus.se\/fr\/kombi-bosch-blueline-husdj-isc-bdl2-wp12g\/","title":{"rendered":"D\u00e9tecteur combin\u00e9 d&#039;animaux Bosch BLUELINE ISC-BDL2-WP12G"},"content":{"rendered":"<h1>D\u00e9tecteur combin\u00e9 d&#039;animaux Bosch BLUELINE ISC-BDL2-WP12G<\/h1>\n<p data-start=\"352\" data-end=\"1150\">Le Bosch BLUELINE ISC-BDL2-WP12G est un d\u00e9tecteur combin\u00e9 avanc\u00e9 qui utilise la technologie IR et micro-ondes pour fournir une d\u00e9tection fiable et pr\u00e9cise.<\/p>\n<p data-start=\"352\" data-end=\"1150\">Avec une zone de couverture de 12 x 12 m\u00e8tres et une immunit\u00e9 aux animaux s\u00e9lectionnable jusqu&#039;\u00e0 45 kg, il est id\u00e9al pour les environnements commerciaux et r\u00e9sidentiels, y compris l\u00e0 o\u00f9 des animaux domestiques sont pr\u00e9sents.<br data-start=\"696\" data-end=\"699\" \/>Le d\u00e9tecteur est \u00e9quip\u00e9 du First Step Processing (FSP) et d&#039;une compensation de temp\u00e9rature dynamique, lui permettant de s&#039;adapter aux conditions environnementales changeantes et d&#039;offrir une grande fiabilit\u00e9 \u00e0 toutes les temp\u00e9ratures.<\/p>\n<p data-start=\"352\" data-end=\"1150\">Le montage flexible sans r\u00e9glage de hauteur et le bo\u00eetier autobloquant en deux parties rendent l&#039;installation rapide et facile.<br data-start=\"1029\" data-end=\"1032\" \/>L&#039;ISC-BDL2-WP12G combine la meilleure technologie pour assurer un haut niveau de s\u00e9curit\u00e9 et r\u00e9duire le risque de fausses alarmes.<\/p>\n<p data-start=\"1152\" data-end=\"1182\"><strong data-start=\"1152\" data-end=\"1180\">Caract\u00e9ristiques et avantages\u00a0:<\/strong><\/p>\n<ul data-start=\"1183\" data-end=\"1650\">\n<li data-start=\"1183\" data-end=\"1235\">\n<p data-start=\"1185\" data-end=\"1235\">Zone de couverture de 12 x 12 m pour une d\u00e9tection efficace<\/p>\n<\/li>\n<li data-start=\"1236\" data-end=\"1302\">\n<p data-start=\"1238\" data-end=\"1302\">Combinez IR et micro-ondes pour une pr\u00e9cision et une fiabilit\u00e9 accrues<\/p>\n<\/li>\n<li data-start=\"1303\" data-end=\"1374\">\n<p data-start=\"1305\" data-end=\"1374\">Immunit\u00e9 aux animaux s\u00e9lectionnable jusqu&#039;\u00e0 45 kg pour \u00e9viter les fausses alarmes<\/p>\n<\/li>\n<li data-start=\"1375\" data-end=\"1436\">\n<p data-start=\"1377\" data-end=\"1436\">Traitement de premi\u00e8re \u00e9tape (FSP) pour une d\u00e9tection rapide et pr\u00e9cise<\/p>\n<\/li>\n<li data-start=\"1437\" data-end=\"1515\">\n<p data-start=\"1439\" data-end=\"1515\">Compensation dynamique de la temp\u00e9rature pour des performances constantes \u00e0 toutes les temp\u00e9ratures<\/p>\n<\/li>\n<li data-start=\"1516\" data-end=\"1579\">\n<p data-start=\"1518\" data-end=\"1579\">Installation facile et flexible sans besoin de r\u00e9glage de la hauteur<\/p>\n<\/li>\n<li data-start=\"1580\" data-end=\"1650\">\n<p data-start=\"1582\" data-end=\"1650\">Bo\u00eetier autobloquant en deux parties pour une installation et un entretien faciles<\/p>\n<\/li>\n<\/ul>\n<p data-start=\"1652\" data-end=\"1683\"><strong data-start=\"1652\" data-end=\"1681\">Sp\u00e9cifications techniques :<\/strong><\/p>\n<ul data-start=\"1684\" data-end=\"2050\">\n<li data-start=\"1684\" data-end=\"1707\">\n<p data-start=\"1686\" data-end=\"1707\">Couverture : 12 x 12 m<\/p>\n<\/li>\n<li data-start=\"1708\" data-end=\"1745\">\n<p data-start=\"1710\" data-end=\"1745\">Technologie : Combin\u00e9 IR\/micro-ondes<\/p>\n<\/li>\n<li data-start=\"1746\" data-end=\"1790\">\n<p data-start=\"1748\" data-end=\"1790\">Immunit\u00e9 des animaux de compagnie : s\u00e9lectionnable jusqu&#039;\u00e0 45 kg<\/p>\n<\/li>\n<li data-start=\"1791\" data-end=\"1822\">\n<p data-start=\"1793\" data-end=\"1822\">Traitement de premi\u00e8re \u00e9tape (FSP)<\/p>\n<\/li>\n<li data-start=\"1823\" data-end=\"1858\">\n<p data-start=\"1825\" data-end=\"1858\">Compensation dynamique de la temp\u00e9rature<\/p>\n<\/li>\n<li data-start=\"1859\" data-end=\"1911\">\n<p data-start=\"1861\" data-end=\"1911\">Option de montage : Flexible sans r\u00e9glage de la hauteur<\/p>\n<\/li>\n<li data-start=\"1912\" data-end=\"1948\">\n<p data-start=\"1914\" data-end=\"1948\">Bo\u00eetier : En deux parties, autobloquant<\/p>\n<\/li>\n<li data-start=\"1949\" data-end=\"2000\">\n<p data-start=\"1951\" data-end=\"2000\">Alimentation : Standard pour les d\u00e9tecteurs Bosch<\/p>\n<\/li>\n<li data-start=\"2001\" data-end=\"2050\">\n<p data-start=\"2003\" data-end=\"2050\">Dimensions : Dimensions standard pour les d\u00e9tecteurs PIR\/micro-ondes<\/p>\n<\/li>\n<\/ul>","protected":false},"excerpt":{"rendered":"<p>D\u00e9tecteur combin\u00e9 (IR\/micro-ondes) avec couverture de 12 x 12 m et immunit\u00e9 aux animaux s\u00e9lectionnable jusqu&#039;\u00e0 45 kg.<\/p>\n<p>Traitement de premi\u00e8re \u00e9tape et compensation dynamique de temp\u00e9rature.<\/p>","protected":false},"featured_media":144201,"template":"","meta":{"_acf_changed":false},"product_brand":[],"product_cat":[1325],"product_tag":[2146,2418,2465],"class_list":{"0":"post-94475","1":"product","2":"type-product","3":"status-publish","4":"has-post-thumbnail","6":"product_cat-larmgivare-skalskydd","7":"product_tag-rorelsedetektor-kombidetektorer","8":"product_tag-rel-larmgivare","9":"product_tag-sbsc-larmklass2","10":"product_shipping_class-postnord-varubrev","11":"pa_brands-bosch","12":"tm-no-options","14":"first","15":"instock","16":"sale","17":"featured","18":"taxable","19":"shipping-taxable","20":"purchasable","21":"product-type-simple"},"acf":[],"_links":{"self":[{"href":"https:\/\/secureus.se\/fr\/wp-json\/wp\/v2\/product\/94475","targetHints":{"allow":["GET"]}}],"collection":[{"href":"https:\/\/secureus.se\/fr\/wp-json\/wp\/v2\/product"}],"about":[{"href":"https:\/\/secureus.se\/fr\/wp-json\/wp\/v2\/types\/product"}],"wp:featuredmedia":[{"embeddable":true,"href":"https:\/\/secureus.se\/fr\/wp-json\/wp\/v2\/media\/144201"}],"wp:attachment":[{"href":"https:\/\/secureus.se\/fr\/wp-json\/wp\/v2\/media?parent=94475"}],"wp:term":[{"taxonomy":"product_brand","embeddable":true,"href":"https:\/\/secureus.se\/fr\/wp-json\/wp\/v2\/product_brand?post=94475"},{"taxonomy":"product_cat","embeddable":true,"href":"https:\/\/secureus.se\/fr\/wp-json\/wp\/v2\/product_cat?post=94475"},{"taxonomy":"product_tag","embeddable":true,"href":"https:\/\/secureus.se\/fr\/wp-json\/wp\/v2\/product_tag?post=94475"}],"curies":[{"name":"wp","href":"https:\/\/api.w.org\/{rel}","templated":true}]}}