{"id":94479,"date":"2022-03-10T15:47:00","date_gmt":"2022-03-10T14:47:00","guid":{"rendered":"https:\/\/secureus.se\/optex-ir-detektor-fmx-dt-kombi-15x15-meter-husdjur-sbsc-klass-2\/"},"modified":"2026-04-01T14:37:02","modified_gmt":"2026-04-01T12:37:02","slug":"optex-ir-detektor-fmx-dt-kombi-15x15-meter-husdjur-sbsc-klass-2","status":"publish","type":"product","link":"https:\/\/secureus.se\/fr\/optex-ir-detektor-fmx-dt-kombi-15x15-meter-husdjur-sbsc-klass-2\/","title":{"rendered":"Optex FMX-DT \u2013 D\u00e9tecteur de mouvement Dual-Tech PIR + Micro-ondes (15 m)"},"content":{"rendered":"<h1 data-start=\"610\" data-end=\"682\">Optex FMX-DT \u2013 D\u00e9tecteur de mouvement Dual-Tech pour environnements int\u00e9rieurs exigeants<\/h1>\n<p class=\"\" data-start=\"684\" data-end=\"1087\"><strong data-start=\"684\" data-end=\"700\">Optex FMX-DT<\/strong> est un professionnel <strong data-start=\"721\" data-end=\"740\">double technologie<\/strong> D\u00e9tecteur de mouvement pour usage int\u00e9rieur, d\u00e9velopp\u00e9 pour offrir une s\u00e9curit\u00e9 maximale m\u00eame dans les environnements o\u00f9 les capteurs traditionnels risquent de fausses alarmes. En combinant <strong data-start=\"894\" data-end=\"919\">PIR (infrarouge passif)<\/strong> avec <strong data-start=\"924\" data-end=\"946\">technologie des micro-ondes<\/strong>, il faut que les deux technologies d\u00e9tectent simultan\u00e9ment le mouvement pour qu&#039;une alarme soit d\u00e9clench\u00e9e \u2013 une m\u00e9thode qui r\u00e9duit consid\u00e9rablement le risque de fausses alarmes.<\/p>\n<p class=\"\" data-start=\"1089\" data-end=\"1348\">Le d\u00e9tecteur couvre jusqu&#039;\u00e0 <strong data-start=\"1115\" data-end=\"1150\">15 m\u00e8tres de largeur avec un angle de 85\u00b0<\/strong> et a un <strong data-start=\"1162\" data-end=\"1204\">logique d&#039;analyse num\u00e9rique intelligente (SMDA)<\/strong> qui adapte la sensibilit\u00e9 \u00e0 la temp\u00e9rature et aux perturbations de l&#039;environnement. Il est \u00e9galement r\u00e9sistant aux animaux, ce qui le rend adapt\u00e9 m\u00eame aux maisons avec des animaux domestiques.<\/p>\n<p class=\"\" data-start=\"1350\" data-end=\"1517\">Le FMX-DT est particuli\u00e8rement efficace dans les espaces o\u00f9 il y a <strong data-start=\"1408\" data-end=\"1460\">\u00e9change de chaleur, courants d&#039;air, lumi\u00e8re vive ou \u00e9lectronique<\/strong>, comme dans <strong data-start=\"1470\" data-end=\"1516\">garages, halls d&#039;entr\u00e9e, sous-sols et locaux techniques<\/strong>.<\/p>\n<hr class=\"\" data-start=\"1519\" data-end=\"1522\" \/>\n<h3 class=\"\" data-start=\"1524\" data-end=\"1539\">Avantages :<\/h3>\n<ul data-start=\"1540\" data-end=\"1914\">\n<li class=\"\" data-start=\"1540\" data-end=\"1604\">\n<p class=\"\" data-start=\"1542\" data-end=\"1604\"><strong data-start=\"1542\" data-end=\"1577\">Double technologie (PIR + Micro-ondes)<\/strong> pour un minimum de fausses alarmes<\/p>\n<\/li>\n<li class=\"\" data-start=\"1605\" data-end=\"1667\">\n<p class=\"\" data-start=\"1607\" data-end=\"1667\"><strong data-start=\"1607\" data-end=\"1620\">R\u00e9sistant aux animaux<\/strong> \u2013 sp\u00e9cialement adapt\u00e9 aux environnements domestiques avec des animaux de compagnie<\/p>\n<\/li>\n<li class=\"\" data-start=\"1668\" data-end=\"1738\">\n<p class=\"\" data-start=\"1670\" data-end=\"1738\"><strong data-start=\"1670\" data-end=\"1684\">Logique SMDA<\/strong> \u2013 ajuste la sensibilit\u00e9 et am\u00e9liore la fiabilit\u00e9<\/p>\n<\/li>\n<li class=\"\" data-start=\"1739\" data-end=\"1800\">\n<p class=\"\" data-start=\"1741\" data-end=\"1800\"><strong data-start=\"1741\" data-end=\"1767\">Compensation de temp\u00e9rature<\/strong> \u2013 fonctionnement stable quelle que soit la saison<\/p>\n<\/li>\n<li class=\"\" data-start=\"1801\" data-end=\"1846\">\n<p class=\"\" data-start=\"1803\" data-end=\"1846\"><strong data-start=\"1803\" data-end=\"1820\">indicateur LED<\/strong> \u2013 affichage s\u00e9lectionnable en cas d&#039;alarme<\/p>\n<\/li>\n<li class=\"\" data-start=\"1847\" data-end=\"1914\">\n<p class=\"\" data-start=\"1849\" data-end=\"1914\"><strong data-start=\"1849\" data-end=\"1871\">Installation simple<\/strong> \u2013 Prise en charge de l&#039;unit\u00e9 de fin de ligne enfichable (PEU)<\/p>\n<\/li>\n<\/ul>\n<hr class=\"\" data-start=\"1916\" data-end=\"1919\" \/>\n<h3 class=\"\" data-start=\"1921\" data-end=\"1950\">Sp\u00e9cification technique :<\/h3>\n<ul data-start=\"1951\" data-end=\"2320\">\n<li class=\"\" data-start=\"1951\" data-end=\"1991\">\n<p class=\"\" data-start=\"1953\" data-end=\"1991\"><strong data-start=\"1953\" data-end=\"1963\">Technique<\/strong>: PIR + Micro-ondes (Dual-Tech)<\/p>\n<\/li>\n<li class=\"\" data-start=\"1992\" data-end=\"2025\">\n<p class=\"\" data-start=\"1994\" data-end=\"2025\"><strong data-start=\"1994\" data-end=\"2006\">Couverture<\/strong>: 15 m x 15 m (85\u00b0)<\/p>\n<\/li>\n<li class=\"\" data-start=\"2026\" data-end=\"2051\">\n<p class=\"\" data-start=\"2028\" data-end=\"2051\"><strong data-start=\"2028\" data-end=\"2037\">Zones<\/strong>: 78 (par PIR)<\/p>\n<\/li>\n<li class=\"\" data-start=\"2052\" data-end=\"2085\">\n<p class=\"\" data-start=\"2054\" data-end=\"2085\"><strong data-start=\"2054\" data-end=\"2072\">Hauteur de montage<\/strong>: 2,2 \u2013 3,0 m<\/p>\n<\/li>\n<li class=\"\" data-start=\"2086\" data-end=\"2129\">\n<p class=\"\" data-start=\"2088\" data-end=\"2129\"><strong data-start=\"2088\" data-end=\"2108\">Consommation d&#039;\u00e9nergie<\/strong>: environ 17 mA \u00e0 12 VCC<\/p>\n<\/li>\n<li class=\"\" data-start=\"2130\" data-end=\"2169\">\n<p class=\"\" data-start=\"2132\" data-end=\"2169\"><strong data-start=\"2132\" data-end=\"2151\">Plage de temp\u00e9rature<\/strong>: -20\u00b0C \u00e0 +50\u00b0C<\/p>\n<\/li>\n<li class=\"\" data-start=\"2170\" data-end=\"2204\">\n<p class=\"\" data-start=\"2172\" data-end=\"2204\"><strong data-start=\"2172\" data-end=\"2180\">Mesure<\/strong>: 111,7 x 61,4 x 50,0 mm<\/p>\n<\/li>\n<li class=\"\" data-start=\"2205\" data-end=\"2225\">\n<p class=\"\" data-start=\"2207\" data-end=\"2225\"><strong data-start=\"2207\" data-end=\"2215\">Poids<\/strong>: environ 100g<\/p>\n<\/li>\n<li class=\"\" data-start=\"2226\" data-end=\"2253\">\n<p class=\"\" data-start=\"2228\" data-end=\"2253\"><strong data-start=\"2228\" data-end=\"2235\">LED<\/strong>: Marche\/arr\u00eat via cavalier<\/p>\n<\/li>\n<li class=\"\" data-start=\"2254\" data-end=\"2320\">\n<p class=\"\" data-start=\"2256\" data-end=\"2320\"><strong data-start=\"2256\" data-end=\"2274\">Compatible PEU<\/strong>:Oui (pour une connexion facile aux centres d&#039;alarme)<\/p>\n<\/li>\n<\/ul>\n<hr class=\"\" data-start=\"2322\" data-end=\"2325\" \/>\n<h3 class=\"\" data-start=\"2327\" data-end=\"2347\">Id\u00e9al pour :<\/h3>\n<ul data-start=\"2348\" data-end=\"2491\">\n<li class=\"\" data-start=\"2348\" data-end=\"2379\">\n<p class=\"\" data-start=\"2350\" data-end=\"2379\">Garage, sous-sol et local technique<\/p>\n<\/li>\n<li class=\"\" data-start=\"2380\" data-end=\"2416\">\n<p class=\"\" data-start=\"2382\" data-end=\"2416\">Halls d&#039;entr\u00e9e avec courants d&#039;air ou soleil<\/p>\n<\/li>\n<li class=\"\" data-start=\"2417\" data-end=\"2450\">\n<p class=\"\" data-start=\"2419\" data-end=\"2450\">Villas avec des environnements int\u00e9rieurs difficiles<\/p>\n<\/li>\n<li class=\"\" data-start=\"2451\" data-end=\"2491\">\n<p class=\"\" data-start=\"2453\" data-end=\"2491\">Locaux commerciaux o\u00f9 une s\u00e9curit\u00e9 \u00e9lev\u00e9e est requise<\/p>\n<\/li>\n<\/ul>\n<hr class=\"\" data-start=\"2493\" data-end=\"2496\" \/>\n<p class=\"\" data-start=\"2498\" data-end=\"2630\">Am\u00e9liorez votre protection int\u00e9rieure avec <strong data-start=\"2531\" data-end=\"2547\">Optex FMX-DT<\/strong> \u2013 un capteur s\u00fbr et intelligent qui offre une tranquillit\u00e9 d\u2019esprit m\u00eame dans les environnements les plus difficiles.<\/p>","protected":false},"excerpt":{"rendered":"<p><strong data-start=\"322\" data-end=\"338\">Optex FMX-DT<\/strong> est un d\u00e9tecteur de mouvement avanc\u00e9 avec double technologie (PIR + micro-ondes), couverture de 15 \u00d7 15 m\u00e8tres, alliant pr\u00e9cision et r\u00e9sistance maximale aux fausses alarmes - parfait pour les environnements int\u00e9rieurs difficiles tels que les garages, les entr\u00e9es et les sous-sols.<\/p>","protected":false},"featured_media":144961,"template":"","meta":{"_acf_changed":false},"product_brand":[],"product_cat":[1325],"product_tag":[2146,2418,2465],"class_list":{"0":"post-94479","1":"product","2":"type-product","3":"status-publish","4":"has-post-thumbnail","6":"product_cat-larmgivare-skalskydd","7":"product_tag-rorelsedetektor-kombidetektorer","8":"product_tag-rel-larmgivare","9":"product_tag-sbsc-larmklass2","10":"product_shipping_class-postnord-varubrev","11":"pa_brands-optex","12":"tm-no-options","14":"first","15":"instock","16":"sale","17":"featured","18":"taxable","19":"shipping-taxable","20":"purchasable","21":"product-type-simple"},"acf":[],"_links":{"self":[{"href":"https:\/\/secureus.se\/fr\/wp-json\/wp\/v2\/product\/94479","targetHints":{"allow":["GET"]}}],"collection":[{"href":"https:\/\/secureus.se\/fr\/wp-json\/wp\/v2\/product"}],"about":[{"href":"https:\/\/secureus.se\/fr\/wp-json\/wp\/v2\/types\/product"}],"wp:featuredmedia":[{"embeddable":true,"href":"https:\/\/secureus.se\/fr\/wp-json\/wp\/v2\/media\/144961"}],"wp:attachment":[{"href":"https:\/\/secureus.se\/fr\/wp-json\/wp\/v2\/media?parent=94479"}],"wp:term":[{"taxonomy":"product_brand","embeddable":true,"href":"https:\/\/secureus.se\/fr\/wp-json\/wp\/v2\/product_brand?post=94479"},{"taxonomy":"product_cat","embeddable":true,"href":"https:\/\/secureus.se\/fr\/wp-json\/wp\/v2\/product_cat?post=94479"},{"taxonomy":"product_tag","embeddable":true,"href":"https:\/\/secureus.se\/fr\/wp-json\/wp\/v2\/product_tag?post=94479"}],"curies":[{"name":"wp","href":"https:\/\/api.w.org\/{rel}","templated":true}]}}