{"id":94480,"date":"2022-03-10T15:47:00","date_gmt":"2022-03-10T14:47:00","guid":{"rendered":"https:\/\/secureus.se\/optex-ir-detektor-mw-fmx-dst-kombi-15x15-meter-husdjur-sbsc-klass-2\/"},"modified":"2026-02-20T11:29:44","modified_gmt":"2026-02-20T10:29:44","slug":"optex-ir-detektor-mw-fmx-dst-kombi-15x15-meter-husdjur-sbsc-klass-2","status":"publish","type":"product","link":"https:\/\/secureus.se\/fr\/optex-ir-detektor-mw-fmx-dst-kombi-15x15-meter-husdjur-sbsc-klass-2\/","title":{"rendered":"Optex FMX-DST \u2013 D\u00e9tecteur IR \u2013 15\u00d715 m\u00e8tres Animaux"},"content":{"rendered":"<h1 data-start=\"511\" data-end=\"598\">Optex FMX-DST \u2013 D\u00e9tecteur de mouvement int\u00e9rieur haute pr\u00e9cision et faible taux de fausses alarmes<\/h1>\n<p class=\"\" data-start=\"600\" data-end=\"888\"><strong data-start=\"600\" data-end=\"617\">Optex FMX-DST<\/strong> est un d\u00e9tecteur de mouvement infrarouge passif (PIR) haute performance con\u00e7u pour une utilisation en int\u00e9rieur, par exemple dans les villas, les bureaux et les environnements commerciaux l\u00e9gers. Le d\u00e9tecteur offre <strong data-start=\"783\" data-end=\"813\">Couverture de 15 \u00d7 15 m\u00e8tres de large<\/strong> avec un angle de 85\u00b0, optimis\u00e9 pour un montage \u00e0 des hauteurs comprises entre 2,2 et 3,0 m\u00e8tres.<\/p>\n<p class=\"\" data-start=\"890\" data-end=\"1175\">Gr\u00e2ce \u00e0 l&#039;intelligence <strong data-start=\"917\" data-end=\"945\">Logique de zone num\u00e9rique Quad\u2122<\/strong> les mouvements sont analys\u00e9s avec une extr\u00eame pr\u00e9cision. Plus de quatre zones superpos\u00e9es sont utilis\u00e9es \u00e0 chaque point pour d\u00e9terminer si une alarme doit \u00eatre d\u00e9clench\u00e9e, r\u00e9duisant ainsi efficacement le risque de fausses alarmes, m\u00eame en pr\u00e9sence d&#039;animaux plus petits tels que des chats domestiques.<\/p>\n<p class=\"\" data-start=\"1177\" data-end=\"1341\">Le FMX-DST est \u00e9galement \u00e9quip\u00e9 de <strong data-start=\"1210\" data-end=\"1241\">Double blindage conducteur<\/strong>, ce qui lui permet de fonctionner de mani\u00e8re stable m\u00eame dans des environnements avec un fort ensoleillement ou des interf\u00e9rences \u00e9lectriques.<\/p>\n<hr class=\"\" data-start=\"1343\" data-end=\"1346\" \/>\n<h3 class=\"\" data-start=\"1348\" data-end=\"1363\">Avantages :<\/h3>\n<ul data-start=\"1364\" data-end=\"1749\">\n<li class=\"\" data-start=\"1364\" data-end=\"1431\">\n<p class=\"\" data-start=\"1366\" data-end=\"1431\"><strong data-start=\"1366\" data-end=\"1379\">R\u00e9sistant aux animaux<\/strong> \u2013 identifie la diff\u00e9rence entre les humains et les petits animaux<\/p>\n<\/li>\n<li class=\"\" data-start=\"1432\" data-end=\"1493\">\n<p class=\"\" data-start=\"1434\" data-end=\"1493\"><strong data-start=\"1434\" data-end=\"1452\">Haute sensibilit\u00e9<\/strong> \u2013 r\u00e9glable sur trois niveaux (faible\/moyen\/\u00e9lev\u00e9)<\/p>\n<\/li>\n<li class=\"\" data-start=\"1494\" data-end=\"1552\">\n<p class=\"\" data-start=\"1496\" data-end=\"1552\"><strong data-start=\"1496\" data-end=\"1515\">Forte protection solaire<\/strong> \u2013 gr\u00e2ce au filtre biconducteur int\u00e9gr\u00e9<\/p>\n<\/li>\n<li class=\"\" data-start=\"1553\" data-end=\"1625\">\n<p class=\"\" data-start=\"1555\" data-end=\"1625\"><strong data-start=\"1555\" data-end=\"1575\">Analyse avanc\u00e9e<\/strong> \u2013 r\u00e9duit les fausses alarmes gr\u00e2ce \u00e0 la logique de zone num\u00e9rique quadruple<\/p>\n<\/li>\n<li class=\"\" data-start=\"1626\" data-end=\"1681\">\n<p class=\"\" data-start=\"1628\" data-end=\"1681\"><strong data-start=\"1628\" data-end=\"1653\">Faible consommation d&#039;\u00e9nergie<\/strong> \u2013 seulement 8-11 mA \u00e0 12 VDC<\/p>\n<\/li>\n<li class=\"\" data-start=\"1682\" data-end=\"1749\">\n<p class=\"\" data-start=\"1684\" data-end=\"1749\"><strong data-start=\"1684\" data-end=\"1706\">Installation rapide<\/strong> \u2013 Prise en charge de l&#039;unit\u00e9 de fin de ligne enfichable (PEU)<\/p>\n<\/li>\n<\/ul>\n<hr class=\"\" data-start=\"1751\" data-end=\"1754\" \/>\n<h3 class=\"\" data-start=\"1756\" data-end=\"1785\">Sp\u00e9cification technique :<\/h3>\n<ul data-start=\"1786\" data-end=\"2109\">\n<li class=\"\" data-start=\"1786\" data-end=\"1821\">\n<p class=\"\" data-start=\"1788\" data-end=\"1821\"><strong data-start=\"1788\" data-end=\"1798\">Technique<\/strong>: Infrarouge passif (PIR)<\/p>\n<\/li>\n<li class=\"\" data-start=\"1822\" data-end=\"1855\">\n<p class=\"\" data-start=\"1824\" data-end=\"1855\"><strong data-start=\"1824\" data-end=\"1836\">Couverture<\/strong>: 15 m x 15 m (85\u00b0)<\/p>\n<\/li>\n<li class=\"\" data-start=\"1856\" data-end=\"1871\">\n<p class=\"\" data-start=\"1858\" data-end=\"1871\"><strong data-start=\"1858\" data-end=\"1867\">Zones<\/strong>: 78<\/p>\n<\/li>\n<li class=\"\" data-start=\"1872\" data-end=\"1905\">\n<p class=\"\" data-start=\"1874\" data-end=\"1905\"><strong data-start=\"1874\" data-end=\"1892\">Hauteur de montage<\/strong>: 2,2 \u2013 3,0 m<\/p>\n<\/li>\n<li class=\"\" data-start=\"1906\" data-end=\"1956\">\n<p class=\"\" data-start=\"1908\" data-end=\"1956\"><strong data-start=\"1908\" data-end=\"1928\">Consommation d&#039;\u00e9nergie<\/strong>: 8 mA (normal), 11 mA (maximum)<\/p>\n<\/li>\n<li class=\"\" data-start=\"1957\" data-end=\"1996\">\n<p class=\"\" data-start=\"1959\" data-end=\"1996\"><strong data-start=\"1959\" data-end=\"1978\">Plage de temp\u00e9rature<\/strong>: -20\u00b0C \u00e0 +50\u00b0C<\/p>\n<\/li>\n<li class=\"\" data-start=\"1997\" data-end=\"2031\">\n<p class=\"\" data-start=\"1999\" data-end=\"2031\"><strong data-start=\"1999\" data-end=\"2007\">Mesure<\/strong>: 111,7 x 61,4 x 50,0 mm<\/p>\n<\/li>\n<li class=\"\" data-start=\"2032\" data-end=\"2052\">\n<p class=\"\" data-start=\"2034\" data-end=\"2052\"><strong data-start=\"2034\" data-end=\"2042\">Poids<\/strong>: environ 100g<\/p>\n<\/li>\n<li class=\"\" data-start=\"2053\" data-end=\"2109\">\n<p class=\"\" data-start=\"2055\" data-end=\"2109\"><strong data-start=\"2055\" data-end=\"2073\">Humidit\u00e9 ambiante<\/strong>: jusqu&#039;\u00e0 95 % (sans condensation)<\/p>\n<\/li>\n<\/ul>\n<hr class=\"\" data-start=\"2111\" data-end=\"2114\" \/>\n<h3 class=\"\" data-start=\"2116\" data-end=\"2140\">S&#039;int\u00e8gre parfaitement dans :<\/h3>\n<ul data-start=\"2141\" data-end=\"2215\">\n<li class=\"\" data-start=\"2141\" data-end=\"2169\">\n<p class=\"\" data-start=\"2143\" data-end=\"2169\">Salon, chambre, bureau<\/p>\n<\/li>\n<li class=\"\" data-start=\"2170\" data-end=\"2189\">\n<p class=\"\" data-start=\"2172\" data-end=\"2189\">Villas et maisons de ville<\/p>\n<\/li>\n<li class=\"\" data-start=\"2190\" data-end=\"2215\">\n<p class=\"\" data-start=\"2192\" data-end=\"2215\">Des environnements d&#039;affaires plus l\u00e9gers<\/p>\n<\/li>\n<\/ul>\n<hr class=\"\" data-start=\"2217\" data-end=\"2220\" \/>\n<p class=\"\" data-start=\"2222\" data-end=\"2382\">Donnez \u00e0 votre syst\u00e8me de s\u00e9curit\u00e9 une base s\u00fbre et stable avec <strong data-start=\"2276\" data-end=\"2293\">Optex FMX-DST<\/strong> \u2013 un d\u00e9tecteur de mouvement professionnel qui combine haute technologie et fonction fiable.<\/p>","protected":false},"excerpt":{"rendered":"<p><strong data-start=\"207\" data-end=\"224\">Optex FMX-DST<\/strong> est un d\u00e9tecteur de mouvement int\u00e9rieur avanc\u00e9 avec technologie PIR, parfait pour les villas et les petits locaux. Avec une couverture de 15 \u00d7 15 m\u00e8tres, une logique de zone num\u00e9rique et une conception r\u00e9sistante aux animaux, les fausses alarmes sont efficacement minimis\u00e9es, m\u00eame dans les environnements ensoleill\u00e9s.<\/p>","protected":false},"featured_media":145333,"template":"","meta":{"_acf_changed":false},"product_brand":[],"product_cat":[1325],"product_tag":[2146,2418,2465],"class_list":{"0":"post-94480","1":"product","2":"type-product","3":"status-publish","4":"has-post-thumbnail","6":"product_cat-larmgivare-skalskydd","7":"product_tag-rorelsedetektor-kombidetektorer","8":"product_tag-rel-larmgivare","9":"product_tag-sbsc-larmklass2","10":"product_shipping_class-postnord-varubrev","11":"pa_brands-optex","12":"tm-no-options","14":"first","15":"onbackorder","16":"sale","17":"featured","18":"taxable","19":"shipping-taxable","20":"purchasable","21":"product-type-simple"},"acf":[],"_links":{"self":[{"href":"https:\/\/secureus.se\/fr\/wp-json\/wp\/v2\/product\/94480","targetHints":{"allow":["GET"]}}],"collection":[{"href":"https:\/\/secureus.se\/fr\/wp-json\/wp\/v2\/product"}],"about":[{"href":"https:\/\/secureus.se\/fr\/wp-json\/wp\/v2\/types\/product"}],"wp:featuredmedia":[{"embeddable":true,"href":"https:\/\/secureus.se\/fr\/wp-json\/wp\/v2\/media\/145333"}],"wp:attachment":[{"href":"https:\/\/secureus.se\/fr\/wp-json\/wp\/v2\/media?parent=94480"}],"wp:term":[{"taxonomy":"product_brand","embeddable":true,"href":"https:\/\/secureus.se\/fr\/wp-json\/wp\/v2\/product_brand?post=94480"},{"taxonomy":"product_cat","embeddable":true,"href":"https:\/\/secureus.se\/fr\/wp-json\/wp\/v2\/product_cat?post=94480"},{"taxonomy":"product_tag","embeddable":true,"href":"https:\/\/secureus.se\/fr\/wp-json\/wp\/v2\/product_tag?post=94480"}],"curies":[{"name":"wp","href":"https:\/\/api.w.org\/{rel}","templated":true}]}}