{"id":94862,"date":"2024-07-04T10:34:25","date_gmt":"2024-07-04T08:34:25","guid":{"rendered":"https:\/\/secureus.se\/ajax-turretcam-5mp-28mm-vit\/"},"modified":"2026-03-30T12:32:14","modified_gmt":"2026-03-30T10:32:14","slug":"ajax-turretcam-5mp-2-8mm-lins-vit","status":"publish","type":"product","link":"https:\/\/secureus.se\/fr\/ajax-turretcam-5mp-2-8mm-lins-vit\/","title":{"rendered":"Ajax TurretCam 5MP \u2013 Objectif 2,8 mm, blanc"},"content":{"rendered":"<h3>L&#039;Ajax TurretCam 5MP est une cam\u00e9ra de s\u00e9curit\u00e9 puissante et fiable qui offre des images cristallines et un stockage flexible pour les petits et grands syst\u00e8mes de s\u00e9curit\u00e9.<\/h3>\n<p>Avec une r\u00e9solution impressionnante de 5MP (2880 x 1620), cette cam\u00e9ra capture chaque d\u00e9tail de vos zones surveill\u00e9es.<\/p>\n<p>Que ce soit pour la surveillance int\u00e9rieure ou ext\u00e9rieure, l&#039;Ajax TurretCam 5MP offre des performances fiables et une technologie avanc\u00e9e pour garantir qu&#039;aucun d\u00e9tail n&#039;est n\u00e9glig\u00e9.<\/p>\n<p>La cam\u00e9ra est \u00e9quip\u00e9e d&#039;un objectif de 2,8 mm et offre un angle de vision de 100\u00b0 \u00e0 110\u00b0, ce qui la rend id\u00e9ale pour couvrir de grandes surfaces telles que les entr\u00e9es, les parkings et les jardins.<\/p>\n<p>La reconnaissance avanc\u00e9e d&#039;objets bas\u00e9e sur l&#039;IA permet \u00e0 la cam\u00e9ra d&#039;identifier et de distinguer les personnes, les v\u00e9hicules et les animaux domestiques, r\u00e9duisant ainsi consid\u00e9rablement le nombre de fausses alarmes. Cela permet \u00e9galement d&#039;\u00e9conomiser de l&#039;espace de stockage et signifie que la cam\u00e9ra stocke uniquement les \u00e9v\u00e9nements pertinents.<\/p>\n<p>Une autre caract\u00e9ristique impressionnante de l&#039;Ajax TurretCam 5MP est la technologie True WDR, qui permet \u00e0 la cam\u00e9ra de g\u00e9rer des conditions d&#039;\u00e9clairage extr\u00eames, telles que le contre-jour et les ombres.<\/p>\n<p>Il garantit que vous obtenez des images claires et d\u00e9taill\u00e9es m\u00eame lorsque la lumi\u00e8re varie consid\u00e9rablement, ce qui peut constituer un d\u00e9fi pour de nombreuses cam\u00e9ras de s\u00e9curit\u00e9.<\/p>\n<p>Pour une installation et une alimentation faciles, l&#039;Ajax TurretCam 5MP prend en charge PoE (Power over Ethernet), ce qui signifie que la connexion r\u00e9seau et l&#039;alimentation \u00e9lectrique s&#039;effectuent via un seul c\u00e2ble Ethernet.<\/p>\n<p>Cela simplifie grandement l&#039;installation et r\u00e9duit le besoin de c\u00e2bles suppl\u00e9mentaires. Pour ceux qui pr\u00e9f\u00e8rent une source d&#039;alimentation s\u00e9par\u00e9e, la cam\u00e9ra peut \u00e9galement \u00eatre connect\u00e9e via une alimentation standard 12 V CC.<\/p>\n<p>L&#039;Ajax TurretCam 5MP offre \u00e9galement des options de stockage flexibles. Vous pouvez stocker des s\u00e9quences vid\u00e9o localement sur une carte microSD (jusqu&#039;\u00e0 256 Go) ou connecter la cam\u00e9ra \u00e0 un syst\u00e8me Ajax NVR pour le stockage centralis\u00e9 et la gestion de plusieurs cam\u00e9ras. Pour plus de s\u00e9curit\u00e9, les flux vid\u00e9o sont crypt\u00e9s avec mTLS (mutual Transport Layer Security), qui prot\u00e8ge vos enregistrements contre tout acc\u00e8s non autoris\u00e9.<\/p>\n<p>La cam\u00e9ra est \u00e9galement \u00e9quip\u00e9e d&#039;un \u00e9clairage IR int\u00e9gr\u00e9 qui s&#039;\u00e9tend jusqu&#039;\u00e0 35 m\u00e8tres, ce qui garantit que vous obtenez des images claires m\u00eame dans l&#039;obscurit\u00e9 totale.<\/p>\n<p>Il dispose \u00e9galement d&#039;une large plage de temp\u00e9ratures allant de -25\u00b0C \u00e0 +40\u00b0C et d&#039;un indice IP65, lui permettant d&#039;\u00eatre utilis\u00e9 dans des climats froids et chauds ainsi que de r\u00e9sister \u00e0 des conditions m\u00e9t\u00e9orologiques difficiles.<\/p>\n<p>Pour l&#039;installation et la configuration, vous pouvez utiliser l&#039;application Ajax pour ajouter rapidement la cam\u00e9ra \u00e0 votre syst\u00e8me en scannant un code QR.<\/p>\n<p>L&#039;application facilite la gestion des enregistrements et la personnalisation des zones de d\u00e9tection de mouvement pour \u00e9viter les fausses alarmes.<\/p>\n<p><strong>Caract\u00e9ristiques<\/strong>:<\/p>\n<ul>\n<li><strong>R\u00e9solution<\/strong>: 5MP (2880 x 1620 \u00e0 25 ips)<\/li>\n<li><strong>Lentille<\/strong>: 2,8 mm avec un angle de vision de 100\u00b0 \u00e0 110\u00b0<\/li>\n<li><strong>Stockage<\/strong>: carte microSD (jusqu&#039;\u00e0 256 Go) ou connexion NVR<\/li>\n<li><strong>Connexion r\u00e9seau<\/strong>: Ethernet avec prise en charge de PoE (802.3at)<\/li>\n<li><strong>Peinture<\/strong>: Blanc<\/li>\n<li><strong>Dimensions<\/strong>: 103 \u00d7 98 \u00d7 98 mm<\/li>\n<li><strong>Poids<\/strong>: 475g<\/li>\n<li><strong>Alimentation<\/strong>: 12V ou PoE<\/li>\n<li><strong>R\u00e9sistance aux intemp\u00e9ries<\/strong>: IP65, r\u00e9siste \u00e0 des temp\u00e9ratures de \u221225\u00b0C \u00e0 +40\u00b0C<\/li>\n<\/ul>\n<p><strong>Le paquet contient<\/strong>:<\/p>\n<ul>\n<li>Ajax TurretCam 5MP<\/li>\n<li>Mod\u00e8le d&#039;installation<\/li>\n<li>Kit de montage<\/li>\n<li>Guide de d\u00e9marrage rapide<\/li>\n<\/ul>\n<p><strong>Conclusion<\/strong>: Ajax TurretCam 5MP offre la derni\u00e8re technologie pour une surveillance fiable et flexible. Avec une qualit\u00e9 d&#039;image haute d\u00e9finition, une IA avanc\u00e9e et une conception robuste, cette cam\u00e9ra est une solution id\u00e9ale pour les particuliers et les entreprises.<\/p>\n<p>Une installation facile et un stockage s\u00e9curis\u00e9 en font un excellent choix pour prot\u00e9ger votre maison ou votre entreprise 24h\/24 et 7j\/7.<\/p>","protected":false},"excerpt":{"rendered":"<p>Ajax TurretCam 5MP est une cam\u00e9ra de s\u00e9curit\u00e9 filaire qui offre une r\u00e9solution de 5MP, une reconnaissance d&#039;objets bas\u00e9e sur l&#039;IA et une prise en charge PoE.<\/p>\n<p>La cam\u00e9ra fournit des images nettes et d\u00e9taill\u00e9es avec un angle de vision de 100\u00b0 \u00e0 110\u00b0.<\/p>\n<p>Il est r\u00e9sistant aux intemp\u00e9ries et id\u00e9al pour une utilisation int\u00e9rieure et ext\u00e9rieure.<\/p>","protected":false},"featured_media":151975,"template":"","meta":{"_acf_changed":false},"product_brand":[],"product_cat":[4011],"product_tag":[4863],"class_list":{"0":"post-94862","1":"product","2":"type-product","3":"status-publish","4":"has-post-thumbnail","6":"product_cat-ajax-kameror","7":"product_tag-pf","8":"product_shipping_class-tunga-paket","9":"pa_brands-ajax-systems","10":"pa_farg-vit","11":"tm-no-options","13":"first","14":"instock","15":"sale","16":"taxable","17":"shipping-taxable","18":"purchasable","19":"product-type-simple"},"acf":[],"_links":{"self":[{"href":"https:\/\/secureus.se\/fr\/wp-json\/wp\/v2\/product\/94862","targetHints":{"allow":["GET"]}}],"collection":[{"href":"https:\/\/secureus.se\/fr\/wp-json\/wp\/v2\/product"}],"about":[{"href":"https:\/\/secureus.se\/fr\/wp-json\/wp\/v2\/types\/product"}],"wp:featuredmedia":[{"embeddable":true,"href":"https:\/\/secureus.se\/fr\/wp-json\/wp\/v2\/media\/151975"}],"wp:attachment":[{"href":"https:\/\/secureus.se\/fr\/wp-json\/wp\/v2\/media?parent=94862"}],"wp:term":[{"taxonomy":"product_brand","embeddable":true,"href":"https:\/\/secureus.se\/fr\/wp-json\/wp\/v2\/product_brand?post=94862"},{"taxonomy":"product_cat","embeddable":true,"href":"https:\/\/secureus.se\/fr\/wp-json\/wp\/v2\/product_cat?post=94862"},{"taxonomy":"product_tag","embeddable":true,"href":"https:\/\/secureus.se\/fr\/wp-json\/wp\/v2\/product_tag?post=94862"}],"curies":[{"name":"wp","href":"https:\/\/api.w.org\/{rel}","templated":true}]}}