{"id":94919,"date":"2024-07-04T13:57:56","date_gmt":"2024-07-04T11:57:56","guid":{"rendered":"https:\/\/secureus.se\/?post_type=product&#038;p=94919"},"modified":"2026-04-09T11:38:00","modified_gmt":"2026-04-09T09:38:00","slug":"winland-ea200-enviroalert-2-zons-miljosensor-for-kritiskt-tillstand-24v-dc-1-sensoringang","status":"publish","type":"product","link":"https:\/\/secureus.se\/fr\/winland-ea200-enviroalert-2-zons-miljosensor-for-kritiskt-tillstand-24v-dc-1-sensoringang\/","title":{"rendered":"Capteur environnemental Winland EA200 EnviroAlert pour conditions critiques \u00e0 2 zones, 24 V CC, 1 entr\u00e9e de capteur"},"content":{"rendered":"<h3 id=\"pdp_productoverview\" class=\"item-headertop rd-prod-overview-hygiene\">Pr\u00e9sentation du produit<\/h3>\n<div class=\"pd-overview-details pd-show-full-overview\">\n<div class=\"headernamehrnone\">Le dispositif de surveillance de l&#039;environnement critique EnviroAlert\u00ae EA-200 offre une visibilit\u00e9 sur 2 facteurs environnementaux\u00a0: la temp\u00e9rature ambiante et un facteur suppl\u00e9mentaire de temp\u00e9rature, d&#039;humidit\u00e9 ou de pr\u00e9sence d&#039;eau. En plus des alertes visuelles et acoustiques locales (sur l&#039;appareil), le syst\u00e8me, lorsqu&#039;il est int\u00e9gr\u00e9 \u00e0 un panneau de s\u00e9curit\u00e9, peut fournir une notification en temps r\u00e9el d&#039;un incident et une action corrective imm\u00e9diate.<\/div>\n<div class=\"row headername\">\n<div class=\"item-header rd-hyg-item-header\"><strong>Principales caract\u00e9ristiques<\/strong><\/div>\n<div class=\"row\">\n<ul>\n<li>Fonctionnement simultan\u00e9 de deux capteurs<\/li>\n<li>\u00c9cran LCD facile \u00e0 lire<\/li>\n<li>8 m\u00e9moires pour les \u00e9v\u00e9nements, y compris l&#039;heure et la date<\/li>\n<li>Relais de sortie auxiliaire pour alarme acoustique locale<\/li>\n<li>Fonction d&#039;insonorisation pour alarme auxiliaire avec minuterie de 10 minutes<\/li>\n<li>Ajustement de l&#039;\u00e9talonnage du capteur de d\u00e9calage<\/li>\n<li>R\u00e9glage du verrouillage inviolable<\/li>\n<li>Message d&#039;alarme via relais \u00e0 contact sec vers n&#039;importe quel panneau d&#039;alarme<\/li>\n<\/ul>\n<\/div>\n<\/div>\n<\/div>","protected":false},"excerpt":{"rendered":"<p>Capteur environnemental Winland EA200 EnviroAlert pour conditions critiques \u00e0 2 zones, 24 V CC, 1 entr\u00e9e de capteur<\/p>","protected":false},"featured_media":137629,"template":"","meta":{"_acf_changed":false},"product_brand":[],"product_cat":[1309],"product_tag":[],"class_list":{"0":"post-94919","1":"product","2":"type-product","3":"status-publish","4":"has-post-thumbnail","6":"product_cat-temperaturdetektor-vattendetektor","7":"product_shipping_class-tunga-paket","8":"pa_brands-winland-electronics","9":"tm-no-options","11":"first","12":"instock","13":"sale","14":"taxable","15":"shipping-taxable","16":"purchasable","17":"product-type-simple"},"acf":[],"_links":{"self":[{"href":"https:\/\/secureus.se\/fr\/wp-json\/wp\/v2\/product\/94919","targetHints":{"allow":["GET"]}}],"collection":[{"href":"https:\/\/secureus.se\/fr\/wp-json\/wp\/v2\/product"}],"about":[{"href":"https:\/\/secureus.se\/fr\/wp-json\/wp\/v2\/types\/product"}],"wp:featuredmedia":[{"embeddable":true,"href":"https:\/\/secureus.se\/fr\/wp-json\/wp\/v2\/media\/137629"}],"wp:attachment":[{"href":"https:\/\/secureus.se\/fr\/wp-json\/wp\/v2\/media?parent=94919"}],"wp:term":[{"taxonomy":"product_brand","embeddable":true,"href":"https:\/\/secureus.se\/fr\/wp-json\/wp\/v2\/product_brand?post=94919"},{"taxonomy":"product_cat","embeddable":true,"href":"https:\/\/secureus.se\/fr\/wp-json\/wp\/v2\/product_cat?post=94919"},{"taxonomy":"product_tag","embeddable":true,"href":"https:\/\/secureus.se\/fr\/wp-json\/wp\/v2\/product_tag?post=94919"}],"curies":[{"name":"wp","href":"https:\/\/api.w.org\/{rel}","templated":true}]}}