{"id":96401,"date":"2024-07-22T12:18:46","date_gmt":"2024-07-22T10:18:46","guid":{"rendered":"https:\/\/secureus.se\/seagate-skyhawk-st2000vx017-2tb-3-5-sata-6gbs-harddisk-3-ars-seagate-rescue-data-recovery\/"},"modified":"2026-04-21T12:10:11","modified_gmt":"2026-04-21T10:10:11","slug":"seagate-skyhawk-st2000vx017-2tb-3-5-sata-6gbs-harddisk-3-ars-seagate-rescue-data-recovery","status":"publish","type":"product","link":"https:\/\/secureus.se\/fr\/seagate-skyhawk-st2000vx017-2tb-3-5-sata-6gbs-harddisk-3-ars-seagate-rescue-data-recovery\/","title":{"rendered":"Seagate SkyHawk ST2000VX017 \u2013 Disque dur 2 To 3,5\u2033 SATA 6 Gb\/s avec 3 ans de r\u00e9cup\u00e9ration de donn\u00e9es Seagate Rescue"},"content":{"rendered":"<div class=\"headernamehrnone\">SkyHawk b\u00e9n\u00e9ficie de la vaste exp\u00e9rience de Seagate dans la conception de disques durs sp\u00e9cialement con\u00e7us pour les applications de surveillance.<\/div>\n<div class=\"row headername\"><\/div>\n<div>\n<ul>\n<li>Micrologiciel ImagePerfect\u2122<\/li>\n<li>Gestion de la sant\u00e9 SkyHawk<\/li>\n<li>Protection des donn\u00e9es in\u00e9gal\u00e9e<\/li>\n<li>1 million d&#039;heures MTBF<\/li>\n<\/ul>\n<div class=\"ns_font_title_6 ns_m_b_4 ns_m_t_3\">En g\u00e9n\u00e9ral<\/div>\n<div class=\"nsv-table\">\n<div class=\"nsv-table-container\">\n<div class=\"nsv-scroll_container\">\n<div class=\"nsv-scroll_container-scrollable\">\n<table class=\"nsv-table-native is-nsv-table-horizontal ns_b_b\">\n<caption class=\"ns_visually_hidden\">En g\u00e9n\u00e9ral<\/caption>\n<tbody>\n<tr class=\"nsv-table-native-row isDraggable\">\n<th id=\"nsvTableHeader-8.0\" class=\"nsv-table-cell is-header-cell is-nsv-table-column-scrolled-right nsv-table-cell--odd_row nsv-keyvalue-table-header ns_font_title_7 specification-tab-key_column ns_font_title_7 ns_font_title_6 ns_p_v_3\" title=\"Type d&#039;appareil\" scope=\"row\">\n<div class=\"ns_p_v_2\">\n<div class=\"\">Type d&#039;appareil<\/div>\n<\/div>\n<\/th>\n<td class=\"nsv-table-cell is-nsv-table-column-scrolled-right nsv-table-cell--odd_row ns_font_details\" headers=\"nsvTableHeader-8.0\">\n<div>\n<div class=\"ns_m_v_3 ns_p_v_2 ns_p_h_3\">Disque dur - int\u00e9gr\u00e9<\/div>\n<\/div>\n<\/td>\n<\/tr>\n<tr class=\"nsv-table-native-row isDraggable\">\n<th id=\"nsvTableHeader-8.1\" class=\"nsv-table-cell is-header-cell is-nsv-table-column-scrolled-right nsv-table-cell--even_row nsv-keyvalue-table-header ns_font_title_7 specification-tab-key_column ns_font_title_7 ns_font_title_6 ns_p_v_3\" title=\"Capacit\u00e9\" scope=\"row\">\n<div class=\"ns_p_v_2\">\n<div class=\"\">Capacit\u00e9<\/div>\n<\/div>\n<\/th>\n<td class=\"nsv-table-cell is-nsv-table-column-scrolled-right nsv-table-cell--even_row ns_font_details\" headers=\"nsvTableHeader-8.1\">\n<div>\n<div class=\"ns_m_v_3 ns_p_v_2 ns_p_h_3\">2 To<\/div>\n<\/div>\n<\/td>\n<\/tr>\n<tr class=\"nsv-table-native-row isDraggable\">\n<th id=\"nsvTableHeader-8.2\" class=\"nsv-table-cell is-header-cell is-nsv-table-column-scrolled-right nsv-table-cell--odd_row nsv-keyvalue-table-header ns_font_title_7 specification-tab-key_column ns_font_title_7 ns_font_title_6 ns_p_v_3\" title=\"Facteur de forme\" scope=\"row\">\n<div class=\"ns_p_v_2\">\n<div class=\"\">Facteur de forme<\/div>\n<\/div>\n<\/th>\n<td class=\"nsv-table-cell is-nsv-table-column-scrolled-right nsv-table-cell--odd_row ns_font_details\" headers=\"nsvTableHeader-8.2\">\n<div>\n<div class=\"ns_m_v_3 ns_p_v_2 ns_p_h_3\">3,5\u2033<\/div>\n<\/div>\n<\/td>\n<\/tr>\n<tr class=\"nsv-table-native-row isDraggable\">\n<th id=\"nsvTableHeader-8.3\" class=\"nsv-table-cell is-header-cell is-nsv-table-column-scrolled-right nsv-table-cell--even_row nsv-keyvalue-table-header ns_font_title_7 specification-tab-key_column ns_font_title_7 ns_font_title_6 ns_p_v_3\" title=\"Interface\" scope=\"row\">\n<div class=\"ns_p_v_2\">\n<div class=\"\">Interface<\/div>\n<\/div>\n<\/th>\n<td class=\"nsv-table-cell is-nsv-table-column-scrolled-right nsv-table-cell--even_row ns_font_details\" headers=\"nsvTableHeader-8.3\">\n<div>\n<div class=\"ns_m_v_3 ns_p_v_2 ns_p_h_3\">SATA 6 Go\/s<\/div>\n<\/div>\n<\/td>\n<\/tr>\n<tr class=\"nsv-table-native-row isDraggable\">\n<th id=\"nsvTableHeader-8.4\" class=\"nsv-table-cell is-header-cell is-nsv-table-column-scrolled-right nsv-table-cell--odd_row nsv-keyvalue-table-header ns_font_title_7 specification-tab-key_column ns_font_title_7 ns_font_title_6 ns_p_v_3\" title=\"Taille du tampon\" scope=\"row\">\n<div class=\"ns_p_v_2\">\n<div class=\"\">Taille du tampon<\/div>\n<\/div>\n<\/th>\n<td class=\"nsv-table-cell is-nsv-table-column-scrolled-right nsv-table-cell--odd_row ns_font_details\" headers=\"nsvTableHeader-8.4\">\n<div>\n<div class=\"ns_m_v_3 ns_p_v_2 ns_p_h_3\">256 Mo<\/div>\n<\/div>\n<\/td>\n<\/tr>\n<tr class=\"nsv-table-native-row isDraggable\">\n<th id=\"nsvTableHeader-8.5\" class=\"nsv-table-cell is-header-cell is-nsv-table-column-scrolled-right nsv-table-cell--even_row nsv-keyvalue-table-header ns_font_title_7 specification-tab-key_column ns_font_title_7 ns_font_title_6 ns_p_v_3\" title=\"Caract\u00e9ristiques\" scope=\"row\">\n<div class=\"ns_p_v_2\">\n<div class=\"\">Caract\u00e9ristiques<\/div>\n<\/div>\n<\/th>\n<td class=\"nsv-table-cell is-nsv-table-column-scrolled-right nsv-table-cell--even_row ns_font_details\" headers=\"nsvTableHeader-8.5\">\n<div>\n<div class=\"ns_m_v_3 ns_p_v_2 ns_p_h_3\">Capteur RV, fonctionnement continu 24h\/24 et 7j\/7, CMR (enregistrement magn\u00e9tique conventionnel), r\u00e9sistant aux taches<\/div>\n<\/div>\n<\/td>\n<\/tr>\n<tr class=\"nsv-table-native-row isDraggable\">\n<th id=\"nsvTableHeader-8.6\" class=\"nsv-table-cell is-header-cell is-nsv-table-column-scrolled-right nsv-table-cell--odd_row nsv-keyvalue-table-header ns_font_title_7 specification-tab-key_column ns_font_title_7 ns_font_title_6 ns_p_v_3\" title=\"Largeur\" scope=\"row\">\n<div class=\"ns_p_v_2\">\n<div class=\"\">Largeur<\/div>\n<\/div>\n<\/th>\n<td class=\"nsv-table-cell is-nsv-table-column-scrolled-right nsv-table-cell--odd_row ns_font_details\" headers=\"nsvTableHeader-8.6\">\n<div>\n<div class=\"ns_m_v_3 ns_p_v_2 ns_p_h_3\">101,6 millim\u00e8tres<\/div>\n<\/div>\n<\/td>\n<\/tr>\n<tr class=\"nsv-table-native-row isDraggable\">\n<th id=\"nsvTableHeader-8.7\" class=\"nsv-table-cell is-header-cell is-nsv-table-column-scrolled-right nsv-table-cell--even_row nsv-keyvalue-table-header ns_font_title_7 specification-tab-key_column ns_font_title_7 ns_font_title_6 ns_p_v_3\" title=\"Profondeur\" scope=\"row\">\n<div class=\"ns_p_v_2\">\n<div class=\"\">Profondeur<\/div>\n<\/div>\n<\/th>\n<td class=\"nsv-table-cell is-nsv-table-column-scrolled-right nsv-table-cell--even_row ns_font_details\" headers=\"nsvTableHeader-8.7\">\n<div>\n<div class=\"ns_m_v_3 ns_p_v_2 ns_p_h_3\">146,99 millim\u00e8tres<\/div>\n<\/div>\n<\/td>\n<\/tr>\n<tr class=\"nsv-table-native-row isDraggable\">\n<th id=\"nsvTableHeader-8.8\" class=\"nsv-table-cell is-header-cell is-nsv-table-column-scrolled-right nsv-table-cell--odd_row nsv-keyvalue-table-header ns_font_title_7 specification-tab-key_column ns_font_title_7 ns_font_title_6 ns_p_v_3\" title=\"Hauteur\" scope=\"row\">\n<div class=\"ns_p_v_2\">\n<div class=\"\">Hauteur<\/div>\n<\/div>\n<\/th>\n<td class=\"nsv-table-cell is-nsv-table-column-scrolled-right nsv-table-cell--odd_row ns_font_details\" headers=\"nsvTableHeader-8.8\">\n<div>\n<div class=\"ns_m_v_3 ns_p_v_2 ns_p_h_3\">20,2 millim\u00e8tres<\/div>\n<\/div>\n<\/td>\n<\/tr>\n<tr class=\"nsv-table-native-row isDraggable\">\n<th id=\"nsvTableHeader-8.9\" class=\"nsv-table-cell is-header-cell is-nsv-table-column-scrolled-right nsv-table-cell--even_row nsv-keyvalue-table-header ns_font_title_7 specification-tab-key_column ns_font_title_7 ns_font_title_6 ns_p_v_3\" title=\"Poids\" scope=\"row\">\n<div class=\"ns_p_v_2\">\n<div class=\"\">Poids<\/div>\n<\/div>\n<\/th>\n<td class=\"nsv-table-cell is-nsv-table-column-scrolled-right nsv-table-cell--even_row ns_font_details\" headers=\"nsvTableHeader-8.9\">\n<div>\n<div class=\"ns_m_v_3 ns_p_v_2 ns_p_h_3\">415g<\/div>\n<\/div>\n<\/td>\n<\/tr>\n<tr class=\"nsv-table-native-row isDraggable\">\n<th id=\"nsvTableHeader-8.10\" class=\"nsv-table-cell is-header-cell is-nsv-table-column-scrolled-right nsv-table-cell--odd_row nsv-keyvalue-table-header ns_font_title_7 specification-tab-key_column ns_font_title_7 ns_font_title_6 ns_p_v_3\" title=\"Combin\u00e9 avec\" scope=\"row\">\n<div class=\"ns_p_v_2\">\n<div class=\"\">Combin\u00e9 avec<\/div>\n<\/div>\n<\/th>\n<td class=\"nsv-table-cell is-nsv-table-column-scrolled-right nsv-table-cell--odd_row ns_font_details\" headers=\"nsvTableHeader-8.10\">\n<div>\n<div class=\"ns_m_v_3 ns_p_v_2 ns_p_h_3\">3 ans de r\u00e9cup\u00e9ration de donn\u00e9es Seagate Rescue<\/div>\n<\/div>\n<\/td>\n<\/tr>\n<\/tbody>\n<\/table>\n<\/div>\n<\/div>\n<\/div>\n<\/div>\n<div class=\"ns_font_title_6 ns_m_b_4 ns_m_t_8\">Performance<\/div>\n<div class=\"nsv-table\">\n<div class=\"nsv-table-container\">\n<div class=\"nsv-scroll_container\">\n<div class=\"nsv-scroll_container-scrollable\">\n<table class=\"nsv-table-native is-nsv-table-horizontal ns_b_b\">\n<caption class=\"ns_visually_hidden\">Performance<\/caption>\n<tbody>\n<tr class=\"nsv-table-native-row isDraggable\">\n<th id=\"nsvTableHeader-7.0\" class=\"nsv-table-cell is-header-cell is-nsv-table-column-scrolled-right nsv-table-cell--odd_row nsv-keyvalue-table-header ns_font_title_7 specification-tab-key_column ns_font_title_7 ns_font_title_6 ns_p_v_3\" title=\"La vitesse de transfert du disque dur\" scope=\"row\">\n<div class=\"ns_p_v_2\">\n<div class=\"\">La vitesse de transfert du disque dur<\/div>\n<\/div>\n<\/th>\n<td class=\"nsv-table-cell is-nsv-table-column-scrolled-right nsv-table-cell--odd_row ns_font_details\" headers=\"nsvTableHeader-7.0\">\n<div>\n<div class=\"ns_m_v_3 ns_p_v_2 ns_p_h_3\">600 Mbps (externe)<\/div>\n<\/div>\n<\/td>\n<\/tr>\n<tr class=\"nsv-table-native-row isDraggable\">\n<th id=\"nsvTableHeader-7.1\" class=\"nsv-table-cell is-header-cell is-nsv-table-column-scrolled-right nsv-table-cell--even_row nsv-keyvalue-table-header ns_font_title_7 specification-tab-key_column ns_font_title_7 ns_font_title_6 ns_p_v_3\" title=\"D\u00e9bit de donn\u00e9es interne\" scope=\"row\">\n<div class=\"ns_p_v_2\">\n<div class=\"\">D\u00e9bit de donn\u00e9es interne<\/div>\n<\/div>\n<\/th>\n<td class=\"nsv-table-cell is-nsv-table-column-scrolled-right nsv-table-cell--even_row ns_font_details\" headers=\"nsvTableHeader-7.1\">\n<div>\n<div class=\"ns_m_v_3 ns_p_v_2 ns_p_h_3\">180 Mbps<\/div>\n<\/div>\n<\/td>\n<\/tr>\n<\/tbody>\n<\/table>\n<\/div>\n<\/div>\n<\/div>\n<\/div>\n<div class=\"ns_font_title_6 ns_m_b_4 ns_m_t_8\">Fiabilit\u00e9<\/div>\n<div class=\"nsv-table\">\n<div class=\"nsv-table-container\">\n<div class=\"nsv-scroll_container\">\n<div class=\"nsv-scroll_container-scrollable\">\n<table class=\"nsv-table-native is-nsv-table-horizontal ns_b_b\">\n<caption class=\"ns_visually_hidden\">Fiabilit\u00e9<\/caption>\n<tbody>\n<tr class=\"nsv-table-native-row isDraggable\">\n<th id=\"nsvTableHeader-6.0\" class=\"nsv-table-cell is-header-cell is-nsv-table-column-scrolled-right nsv-table-cell--odd_row nsv-keyvalue-table-header ns_font_title_7 specification-tab-key_column ns_font_title_7 ns_font_title_6 ns_p_v_3\" title=\"MTBF (temps moyen entre pannes)\" scope=\"row\">\n<div class=\"ns_p_v_2\">\n<div class=\"\">MTBF (temps moyen entre pannes)<\/div>\n<\/div>\n<\/th>\n<td class=\"nsv-table-cell is-nsv-table-column-scrolled-right nsv-table-cell--odd_row ns_font_details\" headers=\"nsvTableHeader-6.0\">\n<div>\n<div class=\"ns_m_v_3 ns_p_v_2 ns_p_h_3\">100 000 heures<\/div>\n<\/div>\n<\/td>\n<\/tr>\n<tr class=\"nsv-table-native-row isDraggable\">\n<th id=\"nsvTableHeader-6.1\" class=\"nsv-table-cell is-header-cell is-nsv-table-column-scrolled-right nsv-table-cell--even_row nsv-keyvalue-table-header ns_font_title_7 specification-tab-key_column ns_font_title_7 ns_font_title_6 ns_p_v_3\" title=\"Fonctionnement 24 heures sur 24\" scope=\"row\">\n<div class=\"ns_p_v_2\">\n<div class=\"\">Fonctionnement 24 heures sur 24<\/div>\n<\/div>\n<\/th>\n<td class=\"nsv-table-cell is-nsv-table-column-scrolled-right nsv-table-cell--even_row ns_font_details\" headers=\"nsvTableHeader-6.1\">\n<div>\n<div class=\"ns_m_v_3 ns_p_v_2 ns_p_h_3\">Oui<\/div>\n<\/div>\n<\/td>\n<\/tr>\n<tr class=\"nsv-table-native-row isDraggable\">\n<th id=\"nsvTableHeader-6.2\" class=\"nsv-table-cell is-header-cell is-nsv-table-column-scrolled-right nsv-table-cell--odd_row nsv-keyvalue-table-header ns_font_title_7 specification-tab-key_column ns_font_title_7 ns_font_title_6 ns_p_v_3\" title=\"Erreur irr\u00e9cup\u00e9rable\" scope=\"row\">\n<div class=\"ns_p_v_2\">\n<div class=\"\">Erreur irr\u00e9cup\u00e9rable<\/div>\n<\/div>\n<\/th>\n<td class=\"nsv-table-cell is-nsv-table-column-scrolled-right nsv-table-cell--odd_row ns_font_details\" headers=\"nsvTableHeader-6.2\">\n<div>\n<div class=\"ns_m_v_3 ns_p_v_2 ns_p_h_3\">1 pour 10 ^ 14<\/div>\n<\/div>\n<\/td>\n<\/tr>\n<tr class=\"nsv-table-native-row isDraggable\">\n<th id=\"nsvTableHeader-6.3\" class=\"nsv-table-cell is-header-cell is-nsv-table-column-scrolled-right nsv-table-cell--even_row nsv-keyvalue-table-header ns_font_title_7 specification-tab-key_column ns_font_title_7 ns_font_title_6 ns_p_v_3\" title=\"Cycles de chargement\/d\u00e9chargement\" scope=\"row\">\n<div class=\"ns_p_v_2\">\n<div class=\"\">Cycles de chargement\/d\u00e9chargement<\/div>\n<\/div>\n<\/th>\n<td class=\"nsv-table-cell is-nsv-table-column-scrolled-right nsv-table-cell--even_row ns_font_details\" headers=\"nsvTableHeader-6.3\">\n<div>\n<div class=\"ns_m_v_3 ns_p_v_2 ns_p_h_3\">600,000<\/div>\n<\/div>\n<\/td>\n<\/tr>\n<\/tbody>\n<\/table>\n<\/div>\n<\/div>\n<\/div>\n<\/div>\n<div class=\"ns_font_title_6 ns_m_b_4 ns_m_t_8\">Expansion et connexions<\/div>\n<div class=\"nsv-table\">\n<div class=\"nsv-table-container\">\n<div class=\"nsv-scroll_container\">\n<div class=\"nsv-scroll_container-scrollable\">\n<table class=\"nsv-table-native is-nsv-table-horizontal ns_b_b\">\n<caption class=\"ns_visually_hidden\">\n<div class=\"ns_font_title_6 ns_m_b_4 ns_m_t_8\">Expansion et connexions<\/div>\n<\/caption>\n<tbody>\n<tr class=\"nsv-table-native-row isDraggable\">\n<th id=\"nsvTableHeader-5.0\" class=\"nsv-table-cell is-header-cell is-nsv-table-column-scrolled-right nsv-table-cell--odd_row nsv-keyvalue-table-header ns_font_title_7 specification-tab-key_column ns_font_title_7 ns_font_title_6 ns_p_v_3\" title=\"Interface\" scope=\"row\">\n<div class=\"ns_p_v_2\">\n<div class=\"\">Interface<\/div>\n<\/div>\n<\/th>\n<td class=\"nsv-table-cell is-nsv-table-column-scrolled-right nsv-table-cell--odd_row ns_font_details\" headers=\"nsvTableHeader-5.0\">\n<div>\n<div class=\"ns_m_v_3 ns_p_v_2 ns_p_h_3\">1 x SATA 6 Gb\/s<\/div>\n<\/div>\n<\/td>\n<\/tr>\n<tr class=\"nsv-table-native-row isDraggable\">\n<th id=\"nsvTableHeader-5.1\" class=\"nsv-table-cell is-header-cell is-nsv-table-column-scrolled-right nsv-table-cell--even_row nsv-keyvalue-table-header ns_font_title_7 specification-tab-key_column ns_font_title_7 ns_font_title_6 ns_p_v_3\" title=\"Compartiment compatible\" scope=\"row\">\n<div class=\"ns_p_v_2\">\n<div class=\"\">Compartiment compatible<\/div>\n<\/div>\n<\/th>\n<td class=\"nsv-table-cell is-nsv-table-column-scrolled-right nsv-table-cell--even_row ns_font_details\" headers=\"nsvTableHeader-5.1\">\n<div>\n<div class=\"ns_m_v_3 ns_p_v_2 ns_p_h_3\">3,5\u2033<\/div>\n<\/div>\n<\/td>\n<\/tr>\n<\/tbody>\n<\/table>\n<\/div>\n<\/div>\n<\/div>\n<\/div>\n<div class=\"ns_font_title_6 ns_m_b_4 ns_m_t_8\">Alimentation<\/div>\n<div class=\"nsv-table\">\n<div class=\"nsv-table-container\">\n<div class=\"nsv-scroll_container\">\n<div class=\"nsv-scroll_container-scrollable\">\n<table class=\"nsv-table-native is-nsv-table-horizontal ns_b_b\">\n<caption class=\"ns_visually_hidden\">\n<div class=\"ns_font_title_6 ns_m_b_4 ns_m_t_8\">Alimentation<\/div>\n<\/caption>\n<tbody>\n<tr class=\"nsv-table-native-row isDraggable\">\n<th id=\"nsvTableHeader-4.0\" class=\"nsv-table-cell is-header-cell is-nsv-table-column-scrolled-right nsv-table-cell--odd_row nsv-keyvalue-table-header ns_font_title_7 specification-tab-key_column ns_font_title_7 ns_font_title_6 ns_p_v_3\" title=\"Tension secteur\" scope=\"row\">\n<div class=\"ns_p_v_2\">\n<div class=\"\">Tension secteur<\/div>\n<\/div>\n<\/th>\n<td class=\"nsv-table-cell is-nsv-table-column-scrolled-right nsv-table-cell--odd_row ns_font_details\" headers=\"nsvTableHeader-4.0\">\n<div>\n<div class=\"ns_m_v_3 ns_p_v_2 ns_p_h_3\">5 \u2013 12 V<\/div>\n<\/div>\n<\/td>\n<\/tr>\n<tr class=\"nsv-table-native-row isDraggable\">\n<th id=\"nsvTableHeader-4.1\" class=\"nsv-table-cell is-header-cell is-nsv-table-column-scrolled-right nsv-table-cell--even_row nsv-keyvalue-table-header ns_font_title_7 specification-tab-key_column ns_font_title_7 ns_font_title_6 ns_p_v_3\" title=\"Consommation d&#039;\u00e9nergie\" scope=\"row\">\n<div class=\"ns_p_v_2\">\n<div class=\"\">Consommation d&#039;\u00e9nergie<\/div>\n<\/div>\n<\/th>\n<td class=\"nsv-table-cell is-nsv-table-column-scrolled-right nsv-table-cell--even_row ns_font_details\" headers=\"nsvTableHeader-4.1\">\n<div>\n<div class=\"ns_m_v_3 ns_p_v_2 ns_p_h_3\">3,7 watts (actif) 2,5 watts (inactif) 0,25 watts (mode veille) 0,25 watts (mode veille)<\/div>\n<\/div>\n<\/td>\n<\/tr>\n<\/tbody>\n<\/table>\n<\/div>\n<\/div>\n<\/div>\n<\/div>\n<div class=\"ns_font_title_6 ns_m_b_4 ns_m_t_8\">Configuration logicielle et syst\u00e8me requise<\/div>\n<div class=\"nsv-table\">\n<div class=\"nsv-table-container\">\n<div class=\"nsv-scroll_container\">\n<div class=\"nsv-scroll_container-scrollable\">\n<table class=\"nsv-table-native is-nsv-table-horizontal ns_b_b\">\n<caption class=\"ns_visually_hidden\">\n<div class=\"ns_font_title_6 ns_m_b_4 ns_m_t_8\">Configuration logicielle et syst\u00e8me requise<\/div>\n<\/caption>\n<tbody>\n<tr class=\"nsv-table-native-row isDraggable\">\n<th id=\"nsvTableHeader-3.0\" class=\"nsv-table-cell is-header-cell is-nsv-table-column-scrolled-right nsv-table-cell--odd_row nsv-keyvalue-table-header ns_font_title_7 specification-tab-key_column ns_font_title_7 ns_font_title_6 ns_p_v_3\" title=\"Logiciel inclus\" scope=\"row\">\n<div class=\"ns_p_v_2\">\n<div class=\"\">Logiciel inclus<\/div>\n<\/div>\n<\/th>\n<td class=\"nsv-table-cell is-nsv-table-column-scrolled-right nsv-table-cell--odd_row ns_font_details\" headers=\"nsvTableHeader-3.0\">\n<div>\n<div class=\"ns_m_v_3 ns_p_v_2 ns_p_h_3\">Gestion de la sant\u00e9 SkyHawk<\/div>\n<\/div>\n<\/td>\n<\/tr>\n<\/tbody>\n<\/table>\n<\/div>\n<\/div>\n<\/div>\n<\/div>\n<div class=\"ns_font_title_6 ns_m_b_4 ns_m_t_8\">Garantie du fabricant<\/div>\n<div class=\"nsv-table\">\n<div class=\"nsv-table-container\">\n<div class=\"nsv-scroll_container\">\n<div class=\"nsv-scroll_container-scrollable\">\n<table class=\"nsv-table-native is-nsv-table-horizontal ns_b_b\">\n<caption class=\"ns_visually_hidden\">\n<div class=\"ns_font_title_6 ns_m_b_4 ns_m_t_8\">Garantie du fabricant<\/div>\n<\/caption>\n<tbody>\n<tr class=\"nsv-table-native-row isDraggable\">\n<th id=\"nsvTableHeader-2.0\" class=\"nsv-table-cell is-header-cell is-nsv-table-column-scrolled-right nsv-table-cell--odd_row nsv-keyvalue-table-header ns_font_title_7 specification-tab-key_column ns_font_title_7 ns_font_title_6 ns_p_v_3\" title=\"Service et assistance\" scope=\"row\">\n<div class=\"ns_p_v_2\">\n<div class=\"\">Service et assistance<\/div>\n<\/div>\n<\/th>\n<td class=\"nsv-table-cell is-nsv-table-column-scrolled-right nsv-table-cell--odd_row ns_font_details\" headers=\"nsvTableHeader-2.0\">\n<div>\n<div class=\"ns_m_v_3 ns_p_v_2 ns_p_h_3\">Garantie limit\u00e9e - 3 ans<\/div>\n<\/div>\n<\/td>\n<\/tr>\n<\/tbody>\n<\/table>\n<\/div>\n<\/div>\n<\/div>\n<\/div>\n<div class=\"ns_font_title_6 ns_m_b_4 ns_m_t_8\">Param\u00e8tres environnementaux<\/div>\n<div class=\"nsv-table\">\n<div class=\"nsv-table-container\">\n<div class=\"nsv-scroll_container\">\n<div class=\"nsv-scroll_container-scrollable\">\n<table class=\"nsv-table-native is-nsv-table-horizontal ns_b_b\">\n<caption class=\"ns_visually_hidden\">Param\u00e8tres environnementaux<\/caption>\n<tbody>\n<tr class=\"nsv-table-native-row isDraggable\">\n<th id=\"nsvTableHeader-1.0\" class=\"nsv-table-cell is-header-cell is-nsv-table-column-scrolled-right nsv-table-cell--odd_row nsv-keyvalue-table-header ns_font_title_7 specification-tab-key_column ns_font_title_7 ns_font_title_6 ns_p_v_3\" title=\"Ma temp\u00e9rature de fonctionnement\" scope=\"row\">\n<div class=\"ns_p_v_2\">\n<div class=\"\">Ma temp\u00e9rature de fonctionnement<\/div>\n<\/div>\n<\/th>\n<td class=\"nsv-table-cell is-nsv-table-column-scrolled-right nsv-table-cell--odd_row ns_font_details\" headers=\"nsvTableHeader-1.0\">\n<div>\n<div class=\"ns_m_v_3 ns_p_v_2 ns_p_h_3\">0 \u00b0C<\/div>\n<\/div>\n<\/td>\n<\/tr>\n<tr class=\"nsv-table-native-row isDraggable\">\n<th id=\"nsvTableHeader-1.1\" class=\"nsv-table-cell is-header-cell is-nsv-table-column-scrolled-right nsv-table-cell--even_row nsv-keyvalue-table-header ns_font_title_7 specification-tab-key_column ns_font_title_7 ns_font_title_6 ns_p_v_3\" title=\"Temp\u00e9rature maximale pendant le fonctionnement\" scope=\"row\">\n<div class=\"ns_p_v_2\">\n<div class=\"\">Temp\u00e9rature maximale pendant le fonctionnement<\/div>\n<\/div>\n<\/th>\n<td class=\"nsv-table-cell is-nsv-table-column-scrolled-right nsv-table-cell--even_row ns_font_details\" headers=\"nsvTableHeader-1.1\">\n<div>\n<div class=\"ns_m_v_3 ns_p_v_2 ns_p_h_3\">65 \u00b0C<\/div>\n<\/div>\n<\/td>\n<\/tr>\n<tr class=\"nsv-table-native-row isDraggable\">\n<th id=\"nsvTableHeader-1.2\" class=\"nsv-table-cell is-header-cell is-nsv-table-column-scrolled-right nsv-table-cell--odd_row nsv-keyvalue-table-header ns_font_title_7 specification-tab-key_column ns_font_title_7 ns_font_title_6 ns_p_v_3\" title=\"Ma temp\u00e9rature de stockage\" scope=\"row\">\n<div class=\"ns_p_v_2\">\n<div class=\"\">Ma temp\u00e9rature de stockage<\/div>\n<\/div>\n<\/th>\n<td class=\"nsv-table-cell is-nsv-table-column-scrolled-right nsv-table-cell--odd_row ns_font_details\" headers=\"nsvTableHeader-1.2\">\n<div>\n<div class=\"ns_m_v_3 ns_p_v_2 ns_p_h_3\">-40 \u00b0C<\/div>\n<\/div>\n<\/td>\n<\/tr>\n<\/tbody>\n<\/table>\n<\/div>\n<\/div>\n<\/div>\n<\/div>\n<\/div>","protected":false},"excerpt":{"rendered":"<p>Am\u00e9liorez votre surveillance avec le Seagate SkyHawk ST2000VX017. Ce disque dur de 2 To offre des performances fiables et un transfert de donn\u00e9es rapide avec SATA 6 Gb\/s. Parfait pour les syst\u00e8mes DVR et NVR, avec une fiabilit\u00e9 robuste et optimis\u00e9 pour un enregistrement continu. Comprend 3 ans de service Seagate Rescue Data Recovery pour une protection maximale des donn\u00e9es et une tranquillit\u00e9 d&#039;esprit.<\/p>","protected":false},"featured_media":137384,"template":"","meta":{"_acf_changed":false},"product_brand":[],"product_cat":[3261],"product_tag":[],"class_list":{"0":"post-96401","1":"product","2":"type-product","3":"status-publish","4":"has-post-thumbnail","6":"product_cat-hdd-harddisk-3-5","7":"product_shipping_class-tunga-paket","8":"pa_brands-seagate","9":"tm-no-options","11":"first","12":"outofstock","13":"taxable","14":"shipping-taxable","15":"purchasable","16":"product-type-simple"},"acf":[],"_links":{"self":[{"href":"https:\/\/secureus.se\/fr\/wp-json\/wp\/v2\/product\/96401","targetHints":{"allow":["GET"]}}],"collection":[{"href":"https:\/\/secureus.se\/fr\/wp-json\/wp\/v2\/product"}],"about":[{"href":"https:\/\/secureus.se\/fr\/wp-json\/wp\/v2\/types\/product"}],"wp:featuredmedia":[{"embeddable":true,"href":"https:\/\/secureus.se\/fr\/wp-json\/wp\/v2\/media\/137384"}],"wp:attachment":[{"href":"https:\/\/secureus.se\/fr\/wp-json\/wp\/v2\/media?parent=96401"}],"wp:term":[{"taxonomy":"product_brand","embeddable":true,"href":"https:\/\/secureus.se\/fr\/wp-json\/wp\/v2\/product_brand?post=96401"},{"taxonomy":"product_cat","embeddable":true,"href":"https:\/\/secureus.se\/fr\/wp-json\/wp\/v2\/product_cat?post=96401"},{"taxonomy":"product_tag","embeddable":true,"href":"https:\/\/secureus.se\/fr\/wp-json\/wp\/v2\/product_tag?post=96401"}],"curies":[{"name":"wp","href":"https:\/\/api.w.org\/{rel}","templated":true}]}}