{"id":96405,"date":"2024-07-22T12:21:55","date_gmt":"2024-07-22T10:21:55","guid":{"rendered":"https:\/\/secureus.se\/4tb-hdd-seagate-skyhawk\/"},"modified":"2026-04-20T17:18:09","modified_gmt":"2026-04-20T15:18:09","slug":"4tb-hdd-seagate-skyhawk","status":"publish","type":"product","link":"https:\/\/secureus.se\/fr\/4tb-hdd-seagate-skyhawk\/","title":{"rendered":"Seagate SkyHawk ST4000VX016 \u2013 Disque dur 4 To 3,5\u2033 SATA 6 Gb\/s avec 3 ans de r\u00e9cup\u00e9ration de donn\u00e9es Seagate Rescue"},"content":{"rendered":"<p>SkyHawk est le premier appareil vid\u00e9o au monde sp\u00e9cialement con\u00e7u pour les syst\u00e8mes vid\u00e9o. Id\u00e9al pour les syst\u00e8mes DVR et NVR, ce disque dur de 4 To de Seagate peut g\u00e9rer jusqu&#039;\u00e0 64 cam\u00e9ras HD simultan\u00e9ment, ce qui le rend parfait pour les solutions de surveillance compl\u00e8tes. La technologie ImagePerfect am\u00e9lior\u00e9e minimise le risque de perte d&#039;image et garantit que vos enregistrements sont nets et clairs sans interruption.<\/p>\n<p>SkyHawk inclut SkyHawk Health Management, qui est compatible avec les syst\u00e8mes HikVision et Dahua. Ce syst\u00e8me surveille en permanence la sant\u00e9 du disque dur et fournit des recommandations de mesures pr\u00e9ventives, am\u00e9liorant encore la fiabilit\u00e9 et la long\u00e9vit\u00e9 du disque. Avec un temps moyen entre pannes (MTBF) de 1 million d&#039;heures et un cycle d\u00e9marrage-arr\u00eat de 600 000, vous pouvez \u00eatre s\u00fbr que ce disque dur offrira des performances fiables 24 heures sur 24.<\/p>\n<p>Ce disque dur offre un taux de transfert de 6 Gbit\/s et un taux de transfert soutenu de 180 MiB\/s, garantissant un transfert de donn\u00e9es rapide et efficace. Avec une taille de m\u00e9moire tampon de 256 Mo, des capteurs RV et une consommation \u00e9lectrique de seulement 3,7 W en lecture et en \u00e9criture, SkyHawk est \u00e0 la fois puissant et \u00e9conome en \u00e9nergie.<\/p>\n<p>Pour plus de tranquillit\u00e9 d&#039;esprit, une garantie limit\u00e9e de trois ans est incluse ainsi que les services exclusifs de r\u00e9cup\u00e9ration de donn\u00e9es Rescue de Seagate, vous offrant une tranquillit\u00e9 d&#039;esprit \u00e0 long terme en prot\u00e9geant vos donn\u00e9es contre les \u00e9v\u00e9nements inattendus.<\/p>\n<p><strong>Propri\u00e9t\u00e9s:<\/strong><\/p>\n<ul>\n<li><strong>Capacit\u00e9:<\/strong> 4 To<\/li>\n<li><strong>Facteur de forme\u00a0:<\/strong> 3,5\u2033<\/li>\n<li><strong>Interface:<\/strong> SATA 6,0 Gbit\/s<\/li>\n<li><strong>Taille du tampon\u00a0:<\/strong> 256 Mo<\/li>\n<li><strong>Taux de transfert maintenu\u00a0:<\/strong> 180 Mio\/s<\/li>\n<li><strong>Fonctionnement 24h\/24 et 7j\/7\u00a0:<\/strong> Oui<\/li>\n<li><strong>Capteurs VR\u00a0:<\/strong> Oui<\/li>\n<li><strong>Nombre maximum de cam\u00e9ras prises en charge\u00a0:<\/strong> 64<\/li>\n<li><strong>Temps moyen entre pannes (MTBF)\u00a0:<\/strong> 1 000 000 d&#039;heures<\/li>\n<li><strong>Cycle de d\u00e9marrage et d&#039;arr\u00eat\u00a0:<\/strong> 600,000<\/li>\n<li><strong>Consommation d&#039;\u00e9nergie (lecture\/\u00e9criture)\u00a0:<\/strong> 3,7 W<\/li>\n<li><strong>Consommation d&#039;\u00e9nergie (mode veille)\u00a0:<\/strong> 2,5 W<\/li>\n<li><strong>Tension de fonctionnement\u00a0:<\/strong> 5 \/ 12 V<\/li>\n<li><strong>Temp\u00e9rature pendant le fonctionnement\u00a0:<\/strong> 0 \u2013 65 \u00b0C<\/li>\n<li><strong>Poids:<\/strong> 490g<\/li>\n<li><strong>Dimensions (L x H x P)\u00a0:<\/strong> 101,85 mm x 20,2 mm x 146,99 mm<\/li>\n<li><strong>Code SH\u00a0:<\/strong> 84717050<\/li>\n<\/ul>","protected":false},"excerpt":{"rendered":"<p><strong>Seagate SkyHawk ST4000VX016 \u2013 Disque dur SATA 4 To 3,5\u2033<\/strong><\/p>\n<p>SkyHawk est con\u00e7u pour les syst\u00e8mes vid\u00e9o, id\u00e9al pour les syst\u00e8mes DVR et NVR prenant en charge jusqu&#039;\u00e0 64 cam\u00e9ras HD. Gr\u00e2ce \u00e0 la technologie ImagePerfect et \u00e0 SkyHawk Health Management, il garantit un enregistrement vid\u00e9o fiable et continu. Il offre un transfert de donn\u00e9es rapide de 6 Gbit\/s, un taux de transfert soutenu de 180 Mio\/s et dispose d&#039;une taille de m\u00e9moire tampon de 256 Mo. Comprend trois ans de Seagate Rescue Data Recovery pour une protection suppl\u00e9mentaire des donn\u00e9es.<\/p>","protected":false},"featured_media":137186,"template":"","meta":{"_acf_changed":false},"product_brand":[],"product_cat":[3261],"product_tag":[],"class_list":{"0":"post-96405","1":"product","2":"type-product","3":"status-publish","4":"has-post-thumbnail","6":"product_cat-hdd-harddisk-3-5","7":"product_shipping_class-tunga-paket","8":"pa_brands-seagate","9":"tm-no-options","11":"first","12":"outofstock","13":"taxable","14":"shipping-taxable","15":"purchasable","16":"product-type-simple"},"acf":[],"_links":{"self":[{"href":"https:\/\/secureus.se\/fr\/wp-json\/wp\/v2\/product\/96405","targetHints":{"allow":["GET"]}}],"collection":[{"href":"https:\/\/secureus.se\/fr\/wp-json\/wp\/v2\/product"}],"about":[{"href":"https:\/\/secureus.se\/fr\/wp-json\/wp\/v2\/types\/product"}],"wp:featuredmedia":[{"embeddable":true,"href":"https:\/\/secureus.se\/fr\/wp-json\/wp\/v2\/media\/137186"}],"wp:attachment":[{"href":"https:\/\/secureus.se\/fr\/wp-json\/wp\/v2\/media?parent=96405"}],"wp:term":[{"taxonomy":"product_brand","embeddable":true,"href":"https:\/\/secureus.se\/fr\/wp-json\/wp\/v2\/product_brand?post=96405"},{"taxonomy":"product_cat","embeddable":true,"href":"https:\/\/secureus.se\/fr\/wp-json\/wp\/v2\/product_cat?post=96405"},{"taxonomy":"product_tag","embeddable":true,"href":"https:\/\/secureus.se\/fr\/wp-json\/wp\/v2\/product_tag?post=96405"}],"curies":[{"name":"wp","href":"https:\/\/api.w.org\/{rel}","templated":true}]}}