{"id":96588,"date":"2024-08-06T16:08:53","date_gmt":"2024-08-06T14:08:53","guid":{"rendered":"https:\/\/secureus.se\/rfid-lasare-kombi-emmifare-bordslasare-med-usb-vanderbilt-bewator-omnis-2010-13-siffor-utlasning\/"},"modified":"2026-04-01T12:22:25","modified_gmt":"2026-04-01T10:22:25","slug":"rfid-lasare-kombi-emmifare-bordslasare-med-usb-vanderbilt-bewator-omnis-2010-13-siffor-utlasning","status":"publish","type":"product","link":"https:\/\/secureus.se\/fr\/rfid-lasare-kombi-emmifare-bordslasare-med-usb-vanderbilt-bewator-omnis-2010-13-siffor-utlasning\/","title":{"rendered":"Lecteur RFID Combi EM+Mifare Lecteur de table avec USB - Vanderbilt\/Bewator Omnis\/2010 Lecture \u00e0 13 chiffres"},"content":{"rendered":"<h1>Lecteur RFID Combi EM+Mifare Lecteur de table avec USB - Vanderbilt\/Bewator Omnis\/2010 Lecture \u00e0 13 chiffres<\/h1>\n<p>Ce lecteur RFID EM4200 est un lecteur de table fiable et rapide qui offre une lecture facile des \u00e9tiquettes-cl\u00e9s RFID et des cartes d&#039;acc\u00e8s.<\/p>\n<p>Le lecteur est \u00e9mul\u00e9 par un clavier, ce qui signifie qu&#039;il ne n\u00e9cessite aucun logiciel suppl\u00e9mentaire pour fonctionner. Branchez-le simplement sur un port USB et commencez \u00e0 l\u2019utiliser.<\/p>\n<p>Le lecteur est pr\u00e9configur\u00e9 pour fonctionner avec EM et Mifare pour le syst\u00e8me de s\u00e9curit\u00e9 \u00e0 13 chiffres Vanderbilt\/Bewator Omnis\/2010, ce qui en fait un excellent choix pour le march\u00e9 de la s\u00e9curit\u00e9 et ses clients finaux.<\/p>\n<p>Veuillez noter que ce lecteur n&#039;est pas compatible avec les ordinateurs MAC.<\/p>\n<p>L&#039;un des grands avantages de ce lecteur est sa simplicit\u00e9 et sa facilit\u00e9 d&#039;utilisation. Parce qu&#039;il est \u00e9mul\u00e9 par un clavier, il enverra les donn\u00e9es directement \u00e0 votre ordinateur comme si elles \u00e9taient saisies \u00e0 partir d&#039;un clavier. Cela le rend id\u00e9al pour les applications o\u00f9 vous avez besoin d&#039;une lecture rapide et facile du code sur la puce \u00e9lectronique de votre lecteur RFID.<\/p>\n<p>Stonehouse Security a d\u00e9velopp\u00e9 la pr\u00e9sentation et le logiciel pour tous les lecteurs ACCESS, et ce lecteur de table ne fait pas exception.<\/p>\n<p>Il est sp\u00e9cialement adapt\u00e9 au march\u00e9 scandinave et b\u00e9n\u00e9ficie d&#039;une garantie de deux ans.<\/p>\n<h3>Domaines d&#039;utilisation des lecteurs RFID<\/h3>\n<ul>\n<li>Le march\u00e9 de la s\u00e9curit\u00e9<\/li>\n<li>Syst\u00e8me de contr\u00f4le d&#039;acc\u00e8s<\/li>\n<li>Lecture de badges RFID et de cartes d&#039;acc\u00e8s<\/li>\n<li>Autres applications n\u00e9cessitant une lecture RFID<\/li>\n<\/ul>\n<h3>Caract\u00e9ristiques et avantages\u00a0:<\/h3>\n<ul>\n<li><strong>Installation facile :<\/strong> Plug and play, aucun logiciel requis<\/li>\n<li><strong>Clavier \u00e9mul\u00e9\u00a0:<\/strong> Envoie des donn\u00e9es directement \u00e0 votre ordinateur<\/li>\n<li><strong>Pr\u00e9configur\u00e9\u00a0:<\/strong> Pour EM et Mifare pour Vanderbilt\/Bewator Omnis\/2010 Syst\u00e8me de s\u00e9curit\u00e9 \u00e0 13 chiffres<\/li>\n<li><strong>Connexion USB\u00a0:<\/strong> Connexion facile et rapide<\/li>\n<li><strong>Non compatible avec MAC\u00a0:<\/strong> \u00c0 utiliser avec les ordinateurs Windows<\/li>\n<li><strong>Garantie de deux ans :<\/strong> Utilisation fiable et durable<\/li>\n<\/ul>\n<h3>Informations techniques\u00a0:<\/h3>\n<ul>\n<li><strong>Connexion:<\/strong> USB<\/li>\n<li><strong>Compatibilit\u00e9:<\/strong> LF et HF uniquement<\/li>\n<li><strong>Garantie:<\/strong> 2 ans<\/li>\n<li><strong>Logiciel:<\/strong> T\u00e9l\u00e9chargement gratuit pour la mise \u00e0 jour et la programmation<\/li>\n<\/ul>\n<h3>\u00c0 propos du lecteur ACCESS RFID\u00a0:<\/h3>\n<p>Le lecteur de table ACCESS utilise une connexion USB et est plug and play avec un lecteur d\u00e9j\u00e0 cod\u00e9.<\/p>\n<p>Pour ceux qui souhaitent une totale libert\u00e9 de choix pour mettre \u00e0 jour ou programmer leur lecteur, le logiciel est disponible en t\u00e9l\u00e9chargement gratuit. Si vous avez besoin d&#039;aide pour la programmation, nous sommes pr\u00eats \u00e0 vous aider sans frais suppl\u00e9mentaires.<\/p>","protected":false},"excerpt":{"rendered":"<p>Lecteur RFID Lecteur de table pour lire les badges RFID et les cartes d&#039;acc\u00e8s. Clavier \u00e9mul\u00e9 et ne n\u00e9cessite aucun logiciel. Pr\u00e9configur\u00e9 pour EM et Mifare pour Vanderbilt\/Bewator Omnis\/2010 Syst\u00e8me de s\u00e9curit\u00e9 \u00e0 13 chiffres. Non compatible avec MAC.<\/p>","protected":false},"featured_media":136832,"template":"","meta":{"_acf_changed":false},"product_brand":[],"product_cat":[3845],"product_tag":[2405,2958],"class_list":{"0":"post-96588","1":"product","2":"type-product","3":"status-publish","4":"has-post-thumbnail","6":"product_cat-vanderbilt-omnis-taggar","7":"product_tag-rel-rfid","8":"product_tag-stonehouse-produkt","9":"product_shipping_class-tunga-paket","10":"pa_access-lasare-chippets-uid-kod","11":"pa_access-lasare-em-kod-aptus","12":"pa_access-lasare-em-kod-rco","13":"pa_access-lasare-em-kod-assa-arx","14":"pa_access-lasare-em-kod-axema-10-siffror","15":"pa_access-lasare-em-kod-axema-vaka-13-siffror","16":"pa_access-lasare-em-kod-bewator-vanderbilt-13-siffror","17":"pa_access-lasare-em-kod-bewator-vanderbilt-8-siffror","18":"pa_brands-stonehouse-security","19":"tm-no-options","21":"first","22":"instock","23":"featured","24":"taxable","25":"shipping-taxable","26":"purchasable","27":"product-type-simple"},"acf":[],"_links":{"self":[{"href":"https:\/\/secureus.se\/fr\/wp-json\/wp\/v2\/product\/96588","targetHints":{"allow":["GET"]}}],"collection":[{"href":"https:\/\/secureus.se\/fr\/wp-json\/wp\/v2\/product"}],"about":[{"href":"https:\/\/secureus.se\/fr\/wp-json\/wp\/v2\/types\/product"}],"wp:featuredmedia":[{"embeddable":true,"href":"https:\/\/secureus.se\/fr\/wp-json\/wp\/v2\/media\/136832"}],"wp:attachment":[{"href":"https:\/\/secureus.se\/fr\/wp-json\/wp\/v2\/media?parent=96588"}],"wp:term":[{"taxonomy":"product_brand","embeddable":true,"href":"https:\/\/secureus.se\/fr\/wp-json\/wp\/v2\/product_brand?post=96588"},{"taxonomy":"product_cat","embeddable":true,"href":"https:\/\/secureus.se\/fr\/wp-json\/wp\/v2\/product_cat?post=96588"},{"taxonomy":"product_tag","embeddable":true,"href":"https:\/\/secureus.se\/fr\/wp-json\/wp\/v2\/product_tag?post=96588"}],"curies":[{"name":"wp","href":"https:\/\/api.w.org\/{rel}","templated":true}]}}