{"id":96662,"date":"2022-06-28T12:30:53","date_gmt":"2022-06-28T10:30:53","guid":{"rendered":"https:\/\/secureus.se\/kombidet-ir-mw-tak-dd669am\/"},"modified":"2026-04-08T16:47:20","modified_gmt":"2026-04-08T14:47:20","slug":"kombidet-ir-mw-tak-dd669am","status":"publish","type":"product","link":"https:\/\/secureus.se\/fr\/kombidet-ir-mw-tak-dd669am\/","title":{"rendered":"D\u00e9tecteur combin\u00e9 UTC Ir\/Mw Tak Dd669Am Antimask"},"content":{"rendered":"<h1>D\u00e9tecteur combin\u00e9 UTC Ir\/Mw Tak Dd669Am Antimask<\/h1>\n<p data-start=\"388\" data-end=\"879\">Le d\u00e9tecteur combin\u00e9 IR\/MW de plafond UTC DD669AM appartient \u00e0 la s\u00e9rie DD669 et offre une combinaison de d\u00e9tection PIR (infrarouge passif) et micro-ondes pour une pr\u00e9cision maximale dans diff\u00e9rents environnements.<\/p>\n<p data-start=\"388\" data-end=\"879\">Le d\u00e9tecteur est \u00e9quip\u00e9 d&#039;une protection de masquage et d&#039;une technologie optique \u00e0 miroir unique qui garantit une d\u00e9tection compl\u00e8te sans que les intrus puissent s&#039;\u00e9chapper.<\/p>\n<p data-start=\"388\" data-end=\"879\">Avec 18 rideaux, le DD669AM offre une zone prot\u00e9g\u00e9e jusqu&#039;\u00e0 20 m\u00e8tres de diam\u00e8tre, garantissant que toute la pi\u00e8ce ou la zone est efficacement couverte.<\/p>\n<p data-start=\"881\" data-end=\"1230\">Le traitement du signal 4D et le traitement bi-rideau permettent au d\u00e9tecteur de faire la distinction entre les vrais intrus et les signaux de brouillage, ce qui le rend particuli\u00e8rement utile dans les environnements difficiles.<\/p>\n<p data-start=\"881\" data-end=\"1230\">La technologie radar 5,8 GHz avec r\u00e9glage de la port\u00e9e vous permet d&#039;ajuster la port\u00e9e de d\u00e9tection pour \u00e9viter les fausses alarmes dues aux mouvements en dehors de la distance sp\u00e9cifi\u00e9e.<\/p>\n<p data-start=\"1232\" data-end=\"1424\">L&#039;installation du DD669AM est simple et peut \u00eatre encastr\u00e9e dans le plafond \u00e0 l&#039;aide de l&#039;accessoire 360FM, qui permet une installation \u00e9l\u00e9gante et discr\u00e8te o\u00f9 seule la partie sup\u00e9rieure du capteur est visible.<\/p>\n<p data-start=\"1426\" data-end=\"1455\"><strong data-start=\"1426\" data-end=\"1454\">Sp\u00e9cifications techniques<\/strong>:<\/p>\n<ul data-start=\"1456\" data-end=\"1866\">\n<li data-start=\"1456\" data-end=\"1497\">\n<p data-start=\"1458\" data-end=\"1497\"><strong data-start=\"1458\" data-end=\"1482\">Tension (pendant le fonctionnement)<\/strong>: 9 \u00e0 15 VCC<\/p>\n<\/li>\n<li data-start=\"1498\" data-end=\"1527\">\n<p data-start=\"1500\" data-end=\"1527\"><strong data-start=\"1500\" data-end=\"1520\">Consommation d&#039;\u00e9nergie<\/strong>: 12 mA<\/p>\n<\/li>\n<li data-start=\"1528\" data-end=\"1558\">\n<p data-start=\"1530\" data-end=\"1558\"><strong data-start=\"1530\" data-end=\"1555\">Classe d&#039;alarme certifi\u00e9e<\/strong>: 3<\/p>\n<\/li>\n<li data-start=\"1559\" data-end=\"1613\">\n<p data-start=\"1561\" data-end=\"1613\"><strong data-start=\"1561\" data-end=\"1583\">Plage de d\u00e9tection<\/strong>:Jusqu&#039;\u00e0 20 m\u00e8tres de diam\u00e8tre<\/p>\n<\/li>\n<li data-start=\"1614\" data-end=\"1646\">\n<p data-start=\"1616\" data-end=\"1646\"><strong data-start=\"1616\" data-end=\"1637\">Fr\u00e9quence micro-ondes<\/strong>: 5,8 GHz<\/p>\n<\/li>\n<li data-start=\"1647\" data-end=\"1671\">\n<p data-start=\"1649\" data-end=\"1671\"><strong data-start=\"1649\" data-end=\"1667\">Protection par masquage<\/strong>: Oui<\/p>\n<\/li>\n<li data-start=\"1672\" data-end=\"1701\">\n<p data-start=\"1674\" data-end=\"1701\"><strong data-start=\"1674\" data-end=\"1697\">Traitement du signal 4D<\/strong>: Oui<\/p>\n<\/li>\n<li data-start=\"1702\" data-end=\"1729\">\n<p data-start=\"1704\" data-end=\"1729\"><strong data-start=\"1704\" data-end=\"1725\">Traitement bi-rideau<\/strong>: Oui<\/p>\n<\/li>\n<li data-start=\"1730\" data-end=\"1759\">\n<p data-start=\"1732\" data-end=\"1759\"><strong data-start=\"1732\" data-end=\"1755\">R\u00e9glage de la distance<\/strong>: Oui<\/p>\n<\/li>\n<li data-start=\"1760\" data-end=\"1821\">\n<p data-start=\"1762\" data-end=\"1821\"><strong data-start=\"1762\" data-end=\"1784\">M\u00e9thode d&#039;installation<\/strong>: Montage encastr\u00e9 avec accessoires 360FM<\/p>\n<\/li>\n<li data-start=\"1822\" data-end=\"1866\">\n<p data-start=\"1824\" data-end=\"1866\"><strong data-start=\"1824\" data-end=\"1832\">Mesure<\/strong>: Dimensions standard pour installation au plafond<\/p>\n<\/li>\n<\/ul>","protected":false},"excerpt":{"rendered":"<p>L&#039;UTC DD669AM est un d\u00e9tecteur combin\u00e9 avanc\u00e9 avec technologie PIR et micro-ondes, parfait pour les installations au plafond.<\/p>\n<p>Avec une protection de masquage, une d\u00e9tection de 20 m\u00e8tres et un traitement du signal 4D, ce d\u00e9tecteur offre la plus grande pr\u00e9cision et stabilit\u00e9.<\/p>","protected":false},"featured_media":144028,"template":"","meta":{"_acf_changed":false},"product_brand":[],"product_cat":[1325],"product_tag":[2146],"class_list":{"0":"post-96662","1":"product","2":"type-product","3":"status-publish","4":"has-post-thumbnail","6":"product_cat-larmgivare-skalskydd","7":"product_tag-rorelsedetektor-kombidetektorer","8":"product_shipping_class-tunga-paket","9":"pa_brands-aritech","10":"tm-no-options","12":"first","13":"instock","14":"sale","15":"taxable","16":"shipping-taxable","17":"purchasable","18":"product-type-simple"},"acf":[],"_links":{"self":[{"href":"https:\/\/secureus.se\/fr\/wp-json\/wp\/v2\/product\/96662","targetHints":{"allow":["GET"]}}],"collection":[{"href":"https:\/\/secureus.se\/fr\/wp-json\/wp\/v2\/product"}],"about":[{"href":"https:\/\/secureus.se\/fr\/wp-json\/wp\/v2\/types\/product"}],"wp:featuredmedia":[{"embeddable":true,"href":"https:\/\/secureus.se\/fr\/wp-json\/wp\/v2\/media\/144028"}],"wp:attachment":[{"href":"https:\/\/secureus.se\/fr\/wp-json\/wp\/v2\/media?parent=96662"}],"wp:term":[{"taxonomy":"product_brand","embeddable":true,"href":"https:\/\/secureus.se\/fr\/wp-json\/wp\/v2\/product_brand?post=96662"},{"taxonomy":"product_cat","embeddable":true,"href":"https:\/\/secureus.se\/fr\/wp-json\/wp\/v2\/product_cat?post=96662"},{"taxonomy":"product_tag","embeddable":true,"href":"https:\/\/secureus.se\/fr\/wp-json\/wp\/v2\/product_tag?post=96662"}],"curies":[{"name":"wp","href":"https:\/\/api.w.org\/{rel}","templated":true}]}}