{"id":96712,"date":"2024-08-08T19:53:26","date_gmt":"2024-08-08T17:53:26","guid":{"rendered":"https:\/\/secureus.se\/?post_type=product&#038;p=96712"},"modified":"2026-03-25T15:36:04","modified_gmt":"2026-03-25T14:36:04","slug":"fonsterlas-277-nickel-med-skruv","status":"publish","type":"product","link":"https:\/\/secureus.se\/fr\/fonsterlas-277-nickel-med-skruv\/","title":{"rendered":"Serrure de fen\u00eatre 277 Nickel avec Vis"},"content":{"rendered":"","protected":false},"excerpt":{"rendered":"<p><b>Description:<\/b><br \/>Serrure de fen\u00eatre 277 de habo pour fen\u00eatres orient\u00e9es vers l&#039;ext\u00e9rieur. Fabriqu\u00e9 en zinc\/zamak. Utilis\u00e9 pour les fen\u00eatres sans ch\u00e2ssis ni poign\u00e9es. Livr\u00e9 avec vis.<\/p>","protected":false},"featured_media":137944,"template":"","meta":{"_acf_changed":false},"product_brand":[],"product_cat":[4111],"product_tag":[],"class_list":{"0":"post-96712","1":"product","2":"type-product","3":"status-publish","4":"has-post-thumbnail","6":"product_cat-fonsterlas","7":"product_shipping_class-postnord-varubrev","8":"pa_brands-habo","9":"tm-no-options","11":"first","12":"instock","13":"sale","14":"taxable","15":"shipping-taxable","16":"purchasable","17":"product-type-simple"},"acf":[],"_links":{"self":[{"href":"https:\/\/secureus.se\/fr\/wp-json\/wp\/v2\/product\/96712","targetHints":{"allow":["GET"]}}],"collection":[{"href":"https:\/\/secureus.se\/fr\/wp-json\/wp\/v2\/product"}],"about":[{"href":"https:\/\/secureus.se\/fr\/wp-json\/wp\/v2\/types\/product"}],"wp:featuredmedia":[{"embeddable":true,"href":"https:\/\/secureus.se\/fr\/wp-json\/wp\/v2\/media\/137944"}],"wp:attachment":[{"href":"https:\/\/secureus.se\/fr\/wp-json\/wp\/v2\/media?parent=96712"}],"wp:term":[{"taxonomy":"product_brand","embeddable":true,"href":"https:\/\/secureus.se\/fr\/wp-json\/wp\/v2\/product_brand?post=96712"},{"taxonomy":"product_cat","embeddable":true,"href":"https:\/\/secureus.se\/fr\/wp-json\/wp\/v2\/product_cat?post=96712"},{"taxonomy":"product_tag","embeddable":true,"href":"https:\/\/secureus.se\/fr\/wp-json\/wp\/v2\/product_tag?post=96712"}],"curies":[{"name":"wp","href":"https:\/\/api.w.org\/{rel}","templated":true}]}}