{"id":96740,"date":"2024-08-08T21:47:49","date_gmt":"2024-08-08T19:47:49","guid":{"rendered":"https:\/\/secureus.se\/?post_type=product&#038;p=96740"},"modified":"2026-04-08T15:57:01","modified_gmt":"2026-04-08T13:57:01","slug":"handtag-844s-hoger-8x53","status":"publish","type":"product","link":"https:\/\/secureus.se\/fr\/handtag-844s-hoger-8x53\/","title":{"rendered":"Manche spagnolette Poign\u00e9e 844S Droite 8X53 \u2013 Assa Abloy"},"content":{"rendered":"<div>ASSA ABLOY 844S est une poign\u00e9e de s\u00e9curit\u00e9 utilis\u00e9e \u00e0 l&#039;int\u00e9rieur lorsque vous souhaitez vous prot\u00e9ger contre le cambriolage et l&#039;ouverture non autoris\u00e9e. Utilis\u00e9 sur les portes-fen\u00eatres, les fen\u00eatres et les portes d&#039;armoires comportant un \u00e9pagneul. Approuv\u00e9 selon SS 3620 Classe B.<\/div>\n<div><\/div>\n<div><b>Propri\u00e9t\u00e9s:\u00a0<\/b><\/div>\n<div>\n<ul>\n<li>Verrouillable avec cylindre \u00e0 pression 4484<\/li>\n<li>Le verrouillage se produit lorsque le cylindre est enfonc\u00e9 et que la poign\u00e9e est en position ferm\u00e9e<\/li>\n<li>Lorsque la cl\u00e9 est tourn\u00e9e, le cylindre se rel\u00e8ve et la fonction de verrouillage cesse<\/li>\n<li>La cl\u00e9 peut \u00eatre retir\u00e9e en position d\u00e9verrouill\u00e9e<\/li>\n<li>Approuv\u00e9 selon SS 3620 Classe B<\/li>\n<li>Les poign\u00e9es peuvent \u00eatre obtenues avec le m\u00eame verrouillage ou un verrouillage diff\u00e9rent et avec le m\u00eame verrouillage que les serrures de fen\u00eatre Fix 2820S et 2830S.<\/li>\n<li>Sprint en acier carr\u00e9 galvanis\u00e9 de 8 mm.<\/li>\n<li>Longueur de sprint 53 mm.<\/li>\n<li>Sur demande, des broches carr\u00e9es de 7 mm et d&#039;autres longueurs de broches peuvent \u00eatre command\u00e9es<\/li>\n<li>Vis unidirectionnelle requise incluse<\/li>\n<\/ul>\n<\/div>\n<div><\/div>\n<div><b>Accessoires:<\/b><\/div>\n<div>\n<ul>\n<li>Cylindre de pression 4484. Cylindre de pression Abloy (pour syst\u00e8me de verrouillage)<\/li>\n<li>Rondelle 4926<\/li>\n<li>Accouplement de poign\u00e9e 833, lorsque les poign\u00e9es doivent \u00eatre mont\u00e9es des deux c\u00f4t\u00e9s pour un seul arceau<\/li>\n<li>Accouplement de poign\u00e9e 961, lorsque les poign\u00e9es doivent \u00eatre mont\u00e9es des deux c\u00f4t\u00e9s pour un double arceau<\/li>\n<li>Poign\u00e9e de fen\u00eatre 42<\/li>\n<\/ul>\n<\/div>","protected":false},"excerpt":{"rendered":"<p>ASSA ABLOY 844S \u2013 Poign\u00e9e de s\u00e9curit\u00e9<\/p>\n<p>Approuv\u00e9 selon la norme SS 3620 Classe B.<\/p>","protected":false},"featured_media":137460,"template":"","meta":{"_acf_changed":false},"product_brand":[],"product_cat":[4113,4126,4127],"product_tag":[],"class_list":{"0":"post-96740","1":"product","2":"type-product","3":"status-publish","4":"has-post-thumbnail","6":"product_cat-spanjoletthandtag","7":"product_cat-fonsterhandtag","8":"product_cat-handtag-altandorr","9":"product_shipping_class-postnord-varubrev","10":"pa_brands-abloy","11":"tm-no-options","13":"first","14":"instock","15":"sale","16":"taxable","17":"shipping-taxable","18":"purchasable","19":"product-type-simple"},"acf":[],"_links":{"self":[{"href":"https:\/\/secureus.se\/fr\/wp-json\/wp\/v2\/product\/96740","targetHints":{"allow":["GET"]}}],"collection":[{"href":"https:\/\/secureus.se\/fr\/wp-json\/wp\/v2\/product"}],"about":[{"href":"https:\/\/secureus.se\/fr\/wp-json\/wp\/v2\/types\/product"}],"wp:featuredmedia":[{"embeddable":true,"href":"https:\/\/secureus.se\/fr\/wp-json\/wp\/v2\/media\/137460"}],"wp:attachment":[{"href":"https:\/\/secureus.se\/fr\/wp-json\/wp\/v2\/media?parent=96740"}],"wp:term":[{"taxonomy":"product_brand","embeddable":true,"href":"https:\/\/secureus.se\/fr\/wp-json\/wp\/v2\/product_brand?post=96740"},{"taxonomy":"product_cat","embeddable":true,"href":"https:\/\/secureus.se\/fr\/wp-json\/wp\/v2\/product_cat?post=96740"},{"taxonomy":"product_tag","embeddable":true,"href":"https:\/\/secureus.se\/fr\/wp-json\/wp\/v2\/product_tag?post=96740"}],"curies":[{"name":"wp","href":"https:\/\/api.w.org\/{rel}","templated":true}]}}