{"id":96744,"date":"2024-08-08T21:47:53","date_gmt":"2024-08-08T19:47:53","guid":{"rendered":"https:\/\/secureus.se\/?post_type=product&#038;p=96744"},"modified":"2026-04-08T15:36:52","modified_gmt":"2026-04-08T13:36:52","slug":"handtag-2683-hoger-8x43-olackad-polerad-massing","status":"publish","type":"product","link":"https:\/\/secureus.se\/fr\/handtag-2683-hoger-8x43-olackad-polerad-massing\/","title":{"rendered":"Poign\u00e9e Espagnolette Poign\u00e9e 2683 Droite 8X43 Laiton Poli Non Laqu\u00e9 \u2013 SIBES"},"content":{"rendered":"<div>SIBES 2683 est une poign\u00e9e de fen\u00eatre classique. 683 repr\u00e9sente le mod\u00e8le sur poign\u00e9e et est \u00e9galement disponible comme poign\u00e9e verrouillable et avec plaque longue pour portes espagnoles verrouillables pour portes-fen\u00eatres. Comme toutes les poign\u00e9es de fen\u00eatres et de portes fen\u00eatres SIBES, elles sont con\u00e7ues pour correspondre \u00e0 nos grandes \u00e9poques de construction, du Rococo \u00e0 Funkis. Toutes les poign\u00e9es sont coul\u00e9es en laiton pour un poids, une sensation et une finition adapt\u00e9s.<\/div>\n<div><b>Propri\u00e9t\u00e9s:<\/b><\/div>\n<div>\n<ul>\n<li>Dimension sprint : 8X43 mm<\/li>\n<li>Attache C\/C : 43 mm<\/li>\n<li>Positions de verrouillage int\u00e9gr\u00e9es pour l&#039;ouverture et la fermeture qui maintiennent la poign\u00e9e dans la bonne position.<\/li>\n<li>Serrure \u00e0 poign\u00e9e assortie 7450<\/li>\n<li>Mat\u00e9riel: Laiton<\/li>\n<li>Disponible en traitement de surface : Laiton poli non trait\u00e9, nickel\u00e9<\/li>\n<li>Peut \u00e9galement \u00eatre obtenu avec un boulon de 7 mm et d&#039;autres longueurs<\/li>\n<li>Vis recommand\u00e9e TKFX 4.0<\/li>\n<\/ul>\n<\/div>","protected":false},"excerpt":{"rendered":"<p>SIBES 2683 est une poign\u00e9e de fen\u00eatre classique. 683 repr\u00e9sente le mod\u00e8le sur poign\u00e9e et est \u00e9galement disponible en poign\u00e9e verrouillable et avec plaque longue pour portes espagnoles verrouillables pour portes-fen\u00eatres. Comme tous les SIBES<\/p>","protected":false},"featured_media":136976,"template":"","meta":{"_acf_changed":false},"product_brand":[],"product_cat":[4113,4126,4127],"product_tag":[],"class_list":{"0":"post-96744","1":"product","2":"type-product","3":"status-publish","4":"has-post-thumbnail","6":"product_cat-spanjoletthandtag","7":"product_cat-fonsterhandtag","8":"product_cat-handtag-altandorr","9":"product_shipping_class-postnord-varubrev","10":"pa_brands-sibes","11":"tm-no-options","13":"first","14":"instock","15":"sale","16":"taxable","17":"shipping-taxable","18":"purchasable","19":"product-type-simple"},"acf":[],"_links":{"self":[{"href":"https:\/\/secureus.se\/fr\/wp-json\/wp\/v2\/product\/96744","targetHints":{"allow":["GET"]}}],"collection":[{"href":"https:\/\/secureus.se\/fr\/wp-json\/wp\/v2\/product"}],"about":[{"href":"https:\/\/secureus.se\/fr\/wp-json\/wp\/v2\/types\/product"}],"wp:featuredmedia":[{"embeddable":true,"href":"https:\/\/secureus.se\/fr\/wp-json\/wp\/v2\/media\/136976"}],"wp:attachment":[{"href":"https:\/\/secureus.se\/fr\/wp-json\/wp\/v2\/media?parent=96744"}],"wp:term":[{"taxonomy":"product_brand","embeddable":true,"href":"https:\/\/secureus.se\/fr\/wp-json\/wp\/v2\/product_brand?post=96744"},{"taxonomy":"product_cat","embeddable":true,"href":"https:\/\/secureus.se\/fr\/wp-json\/wp\/v2\/product_cat?post=96744"},{"taxonomy":"product_tag","embeddable":true,"href":"https:\/\/secureus.se\/fr\/wp-json\/wp\/v2\/product_tag?post=96744"}],"curies":[{"name":"wp","href":"https:\/\/api.w.org\/{rel}","templated":true}]}}