{"id":96755,"date":"2024-08-08T21:47:54","date_gmt":"2024-08-08T19:47:54","guid":{"rendered":"https:\/\/secureus.se\/?post_type=product&#038;p=96755"},"modified":"2026-04-08T15:45:27","modified_gmt":"2026-04-08T13:45:27","slug":"handtag-17-8x43-krom","status":"publish","type":"product","link":"https:\/\/secureus.se\/fr\/handtag-17-8x43-krom\/","title":{"rendered":"Manche Spagnolette Poign\u00e9e 17 8X43 Chrom\u00e9 \u2013 Assa Abloy"},"content":{"rendered":"<div>ASSA ABLOY Hantdag 17 est utilis\u00e9 pour les portes avec \u00e9paulettes anti-panique. En position ferm\u00e9e, la poign\u00e9e doit \u00eatre en position horizontale, o\u00f9 elle est retenue par un verrou \u00e0 bille.<\/div>\n<div>\n<b>Propri\u00e9t\u00e9s: <\/b><\/div>\n<div>\n<ul>\n<li>Sprint en acier carr\u00e9 galvanis\u00e9 de 8 mm.<\/li>\n<li>Longueur de sprint 43 mm.<\/li>\n<li>En position ferm\u00e9e, la poign\u00e9e doit \u00eatre horizontale, o\u00f9 elle est maintenue en place par un verrou \u00e0 bille.<\/li>\n<li>Mat\u00e9riau : m\u00e9tal Zamak<\/li>\n<li>Vis recommand\u00e9e : TKFX 4,0 mm.<\/li>\n<\/ul>\n<\/div>\n<div><\/div>\n<div><\/div>","protected":false},"excerpt":{"rendered":"<p>ASSA ABLOY Hantdag 17 est utilis\u00e9 pour les portes avec \u00e9paulettes anti-panique. En position ferm\u00e9e, la poign\u00e9e doit \u00eatre en position horizontale, o\u00f9 elle est retenue par un verrou \u00e0 bille. Caract\u00e9ristiques : Sprint de 8 mm<\/p>","protected":false},"featured_media":137862,"template":"","meta":{"_acf_changed":false},"product_brand":[],"product_cat":[4113],"product_tag":[],"class_list":{"0":"post-96755","1":"product","2":"type-product","3":"status-publish","4":"has-post-thumbnail","6":"product_cat-spanjoletthandtag","7":"product_shipping_class-postnord-varubrev","8":"pa_brands-abloy","9":"tm-no-options","11":"first","12":"instock","13":"sale","14":"taxable","15":"shipping-taxable","16":"purchasable","17":"product-type-simple"},"acf":[],"_links":{"self":[{"href":"https:\/\/secureus.se\/fr\/wp-json\/wp\/v2\/product\/96755","targetHints":{"allow":["GET"]}}],"collection":[{"href":"https:\/\/secureus.se\/fr\/wp-json\/wp\/v2\/product"}],"about":[{"href":"https:\/\/secureus.se\/fr\/wp-json\/wp\/v2\/types\/product"}],"wp:featuredmedia":[{"embeddable":true,"href":"https:\/\/secureus.se\/fr\/wp-json\/wp\/v2\/media\/137862"}],"wp:attachment":[{"href":"https:\/\/secureus.se\/fr\/wp-json\/wp\/v2\/media?parent=96755"}],"wp:term":[{"taxonomy":"product_brand","embeddable":true,"href":"https:\/\/secureus.se\/fr\/wp-json\/wp\/v2\/product_brand?post=96755"},{"taxonomy":"product_cat","embeddable":true,"href":"https:\/\/secureus.se\/fr\/wp-json\/wp\/v2\/product_cat?post=96755"},{"taxonomy":"product_tag","embeddable":true,"href":"https:\/\/secureus.se\/fr\/wp-json\/wp\/v2\/product_tag?post=96755"}],"curies":[{"name":"wp","href":"https:\/\/api.w.org\/{rel}","templated":true}]}}