{"id":96759,"date":"2024-08-08T21:47:49","date_gmt":"2024-08-08T19:47:49","guid":{"rendered":"https:\/\/secureus.se\/?post_type=product&#038;p=96759"},"modified":"2026-04-08T15:56:52","modified_gmt":"2026-04-08T13:56:52","slug":"handtag-ingaro-30l-vanster-8x43-krom","status":"publish","type":"product","link":"https:\/\/secureus.se\/fr\/handtag-ingaro-30l-vanster-8x43-krom\/","title":{"rendered":"Poign\u00e9e de fen\u00eatre Poign\u00e9e Ingar\u00f6 30L Gauche 8X43 Chrome \u2013 Roca"},"content":{"rendered":"<div>ROCA Ingar\u00f6 WH-I 30L est une poign\u00e9e de fen\u00eatre pour gaucher avec plaque de base 30 et broches de guidage pour un assemblage droit et soign\u00e9. Avec positions finales fixes pour fen\u00eatres \u00ab Tipp-Dreh \u00bb. La poign\u00e9e est disponible en versions gauche, droite et droite. La s\u00e9rie Ingar\u00f6 a un design classique et est sp\u00e9cialement d\u00e9velopp\u00e9e pour s&#039;adapter aux fen\u00eatres traditionnelles, mais qui peut \u00e9galement donner une touche ordinaire aux fen\u00eatres et portes-fen\u00eatres plus modernes.<\/div>\n<div><b>Propri\u00e9t\u00e9s:<\/b><\/div>\n<div>\n<ul>\n<li>Attache C\/C : 43 mm<\/li>\n<li>Dimension du sprint : 8\u00d743 mm<\/li>\n<li>Mat\u00e9riau de la poign\u00e9e\u00a0: alliage de zinc et d&#039;aluminium<\/li>\n<li>Mat\u00e9riau du boulon\u00a0: Acier galvanis\u00e9<\/li>\n<li>Traitement de Surface: chrom\u00e9<\/li>\n<\/ul>\n<\/div>","protected":false},"excerpt":{"rendered":"<p>ROCA Ingar\u00f6 WH-I 30L \u00e4r ett v\u00e4nstersv\u00e4ngt f\u00f6nsterhandtag med bottenplatta 30 och styrtappar f\u00f6r rakt och snyggt montage. Med fasta \u00e4ndl\u00e4gen f\u00f6r &#8220;Kipp-Dreh&#8221; -f\u00f6nster. Handtaget finns i v\u00e4nster-, h\u00f6ger och<\/p>","protected":false},"featured_media":137929,"template":"","meta":{"_acf_changed":false},"product_brand":[],"product_cat":[4126,4127],"product_tag":[],"class_list":{"0":"post-96759","1":"product","2":"type-product","3":"status-publish","4":"has-post-thumbnail","6":"product_cat-fonsterhandtag","7":"product_cat-handtag-altandorr","8":"product_shipping_class-postnord-varubrev","9":"pa_brands-roca","10":"tm-no-options","12":"first","13":"instock","14":"sale","15":"taxable","16":"shipping-taxable","17":"purchasable","18":"product-type-simple"},"acf":[],"_links":{"self":[{"href":"https:\/\/secureus.se\/fr\/wp-json\/wp\/v2\/product\/96759","targetHints":{"allow":["GET"]}}],"collection":[{"href":"https:\/\/secureus.se\/fr\/wp-json\/wp\/v2\/product"}],"about":[{"href":"https:\/\/secureus.se\/fr\/wp-json\/wp\/v2\/types\/product"}],"wp:featuredmedia":[{"embeddable":true,"href":"https:\/\/secureus.se\/fr\/wp-json\/wp\/v2\/media\/137929"}],"wp:attachment":[{"href":"https:\/\/secureus.se\/fr\/wp-json\/wp\/v2\/media?parent=96759"}],"wp:term":[{"taxonomy":"product_brand","embeddable":true,"href":"https:\/\/secureus.se\/fr\/wp-json\/wp\/v2\/product_brand?post=96759"},{"taxonomy":"product_cat","embeddable":true,"href":"https:\/\/secureus.se\/fr\/wp-json\/wp\/v2\/product_cat?post=96759"},{"taxonomy":"product_tag","embeddable":true,"href":"https:\/\/secureus.se\/fr\/wp-json\/wp\/v2\/product_tag?post=96759"}],"curies":[{"name":"wp","href":"https:\/\/api.w.org\/{rel}","templated":true}]}}