{"id":96762,"date":"2024-08-08T21:47:49","date_gmt":"2024-08-08T19:47:49","guid":{"rendered":"https:\/\/secureus.se\/?post_type=product&#038;p=96762"},"modified":"2025-08-15T19:41:08","modified_gmt":"2025-08-15T17:41:08","slug":"handtag-bjorko-30s-rak-8x43-krom","status":"publish","type":"product","link":"https:\/\/secureus.se\/fr\/handtag-bjorko-30s-rak-8x43-krom\/","title":{"rendered":"Poign\u00e9e de fen\u00eatre Poign\u00e9e Bj\u00f6rk\u00f6 30S Droite 8X43 Chrom\u00e9 \u2013 Roca"},"content":{"rendered":"<div>ROCA Bj\u00f6rk\u00f6 WH-B 30S est une poign\u00e9e de fen\u00eatre droite avec plaque de base 30 et broches de guidage pour un assemblage droit et soign\u00e9. Avec positions finales fixes pour fen\u00eatres \u00ab Tipp-Dreh \u00bb. La poign\u00e9e est disponible en versions gauche, droite et droite. La s\u00e9rie Bj\u00f6rk\u00f6 est une poign\u00e9e de fen\u00eatre au design r\u00e9tro moderne et intemporel qui se fond dans et met en valeur la plupart des styles architecturaux \u2013 art nouveau, fonctionnalisme et architecture moderne.<\/div>\n<div><b>Propri\u00e9t\u00e9s:<\/b><\/div>\n<div>\n<ul>\n<li>Attache C\/C : 43 mm<\/li>\n<li>Dimension sprint : 8X43 mm<\/li>\n<li>Mat\u00e9riau de la poign\u00e9e\u00a0: alliage de zinc et d&#039;aluminium<\/li>\n<li>Mat\u00e9riau du boulon\u00a0: Acier galvanis\u00e9<\/li>\n<li>Traitement de Surface: chrom\u00e9<\/li>\n<\/ul>\n<\/div>","protected":false},"excerpt":{"rendered":"<p>ROCA Bj\u00f6rk\u00f6 WH-B 30S \u00e4r ett rakt f\u00f6nsterhandtag med bottenplatta 30 och styrtappar f\u00f6r rakt och snyggt montage. Med fasta \u00e4ndl\u00e4gen f\u00f6r &#8220;Kipp-Dreh&#8221; -f\u00f6nster. Handtaget finns i v\u00e4nster-, h\u00f6ger och<\/p>","protected":false},"featured_media":136717,"template":"","meta":{"_acf_changed":false},"product_brand":[],"product_cat":[4126],"product_tag":[],"class_list":{"0":"post-96762","1":"product","2":"type-product","3":"status-publish","4":"has-post-thumbnail","6":"product_cat-fonsterhandtag","7":"product_shipping_class-postnord-varubrev","8":"pa_brands-roca","9":"tm-no-options","11":"first","12":"outofstock","13":"sale","14":"taxable","15":"shipping-taxable","16":"purchasable","17":"product-type-simple"},"acf":[],"_links":{"self":[{"href":"https:\/\/secureus.se\/fr\/wp-json\/wp\/v2\/product\/96762","targetHints":{"allow":["GET"]}}],"collection":[{"href":"https:\/\/secureus.se\/fr\/wp-json\/wp\/v2\/product"}],"about":[{"href":"https:\/\/secureus.se\/fr\/wp-json\/wp\/v2\/types\/product"}],"wp:featuredmedia":[{"embeddable":true,"href":"https:\/\/secureus.se\/fr\/wp-json\/wp\/v2\/media\/136717"}],"wp:attachment":[{"href":"https:\/\/secureus.se\/fr\/wp-json\/wp\/v2\/media?parent=96762"}],"wp:term":[{"taxonomy":"product_brand","embeddable":true,"href":"https:\/\/secureus.se\/fr\/wp-json\/wp\/v2\/product_brand?post=96762"},{"taxonomy":"product_cat","embeddable":true,"href":"https:\/\/secureus.se\/fr\/wp-json\/wp\/v2\/product_cat?post=96762"},{"taxonomy":"product_tag","embeddable":true,"href":"https:\/\/secureus.se\/fr\/wp-json\/wp\/v2\/product_tag?post=96762"}],"curies":[{"name":"wp","href":"https:\/\/api.w.org\/{rel}","templated":true}]}}