{"id":96775,"date":"2024-08-08T21:47:50","date_gmt":"2024-08-08T19:47:50","guid":{"rendered":"https:\/\/secureus.se\/?post_type=product&#038;p=96775"},"modified":"2026-04-08T15:46:24","modified_gmt":"2026-04-08T13:46:24","slug":"handtag-tokyo-1710-93s-rakt-7x43-f1-silver","status":"publish","type":"product","link":"https:\/\/secureus.se\/fr\/handtag-tokyo-1710-93s-rakt-7x43-f1-silver\/","title":{"rendered":"Poign\u00e9e de fen\u00eatre Poign\u00e9e Tokyo 1710\/93S Droite 7X43 F1 Argent \u2013 HOPPE"},"content":{"rendered":"<div>HOPPE Tokyo 0710\/93S est une poign\u00e9e de s\u00e9curit\u00e9 verrouillable pour fen\u00eatre et porte fen\u00eatre. En combinaison avec le cylindre de serrure ovale mod\u00e8le standard type 1201 ou 1301, il est approuv\u00e9 par Svenska Brand och S\u00e4kerhetscertificering AB, norme SS3620 classe B. Fabriqu\u00e9 en aluminium. R\u00e9pond aux exigences en mati\u00e8re d&#039;allergie au nickel - approuv\u00e9 pour les personnes allergiques.<\/div>\n<div><b>Propri\u00e9t\u00e9s:<\/b><\/div>\n<div>\n<ul>\n<li>Verrouillable avec cylindre de serrure ovale (7 broches)<\/li>\n<li>Approuv\u00e9 selon SS 3620:2010 \u2013 Classe B<\/li>\n<li>Diam\u00e8tre de sprint : 7 mm<\/li>\n<li>Longueur de sprint : 43 mm<\/li>\n<li>R\u00e9pond aux exigences en mati\u00e8re d&#039;allergie au nickel - approuv\u00e9 pour les personnes allergiques.<\/li>\n<li>Traitement de surface : Aluminium argent\u00e9 F1<\/li>\n<li>Montage : Visible, pour vis unidirectionnelle<\/li>\n<\/ul>\n<\/div>","protected":false},"excerpt":{"rendered":"<p>HOPPE Tokyo 0710\/93S est une poign\u00e9e de s\u00e9curit\u00e9 verrouillable pour fen\u00eatre et porte fen\u00eatre. En combinaison avec le cylindre de serrure ovale mod\u00e8le standard type 1201 ou 1301, il est approuv\u00e9 par Svenska Brand och S\u00e4kerhetscertificering AB,<\/p>","protected":false},"featured_media":137924,"template":"","meta":{"_acf_changed":false},"product_brand":[],"product_cat":[4126,4127],"product_tag":[],"class_list":{"0":"post-96775","1":"product","2":"type-product","3":"status-publish","4":"has-post-thumbnail","6":"product_cat-fonsterhandtag","7":"product_cat-handtag-altandorr","8":"product_shipping_class-postnord-varubrev","9":"pa_brands-hoppe","10":"tm-no-options","12":"first","13":"instock","14":"sale","15":"taxable","16":"shipping-taxable","17":"purchasable","18":"product-type-simple"},"acf":[],"_links":{"self":[{"href":"https:\/\/secureus.se\/fr\/wp-json\/wp\/v2\/product\/96775","targetHints":{"allow":["GET"]}}],"collection":[{"href":"https:\/\/secureus.se\/fr\/wp-json\/wp\/v2\/product"}],"about":[{"href":"https:\/\/secureus.se\/fr\/wp-json\/wp\/v2\/types\/product"}],"wp:featuredmedia":[{"embeddable":true,"href":"https:\/\/secureus.se\/fr\/wp-json\/wp\/v2\/media\/137924"}],"wp:attachment":[{"href":"https:\/\/secureus.se\/fr\/wp-json\/wp\/v2\/media?parent=96775"}],"wp:term":[{"taxonomy":"product_brand","embeddable":true,"href":"https:\/\/secureus.se\/fr\/wp-json\/wp\/v2\/product_brand?post=96775"},{"taxonomy":"product_cat","embeddable":true,"href":"https:\/\/secureus.se\/fr\/wp-json\/wp\/v2\/product_cat?post=96775"},{"taxonomy":"product_tag","embeddable":true,"href":"https:\/\/secureus.se\/fr\/wp-json\/wp\/v2\/product_tag?post=96775"}],"curies":[{"name":"wp","href":"https:\/\/api.w.org\/{rel}","templated":true}]}}