{"id":96786,"date":"2024-08-08T21:47:50","date_gmt":"2024-08-08T19:47:50","guid":{"rendered":"https:\/\/secureus.se\/?post_type=product&#038;p=96786"},"modified":"2025-10-21T12:42:07","modified_gmt":"2025-10-21T10:42:07","slug":"handtag-tyreso-301tr-hoger-langskylt-8x70-matt-nickel","status":"publish","type":"product","link":"https:\/\/secureus.se\/fr\/handtag-tyreso-301tr-hoger-langskylt-8x70-matt-nickel\/","title":{"rendered":"Poign\u00e9e Espagnolette Poign\u00e9e Tyres\u00f6 301TR Droite Plaque longue 8X70 Nickel Mat \u2013 Roca"},"content":{"rendered":"<div>ROCA Tyres\u00f6 301TR (avec goupilles de guidage) poign\u00e9e de porte fen\u00eatre tourn\u00e9e \u00e0 droite pour portes espagnoles verrouillables. La plaque longue pr\u00e9sente un \u00e9videment ovale pour un cylindre de serrure ovale. Le trou ovale peut \u00eatre compl\u00e9t\u00e9 par Vred TT01, Cover tray Rokoko RC01 ou Cover tray BP01. La poign\u00e9e de fen\u00eatre convient donc pour un montage simple ou double avec cylindre\/bouton, cylindre\/cylindre ou cylindre\/plaque de recouvrement et est disponible en versions gauche, droite et droite. La s\u00e9rie Tyres\u00f6 est une poign\u00e9e de fen\u00eatre au design fin et intemporel, adapt\u00e9e \u00e0 une architecture l\u00e9g\u00e8rement plus moderne.<\/div>\n<div><b>Propri\u00e9t\u00e9s:<\/b><\/div>\n<div>\n<ul>\n<li>Avec broches de guidage (301 sans broches de guidage)<\/li>\n<li>Support C\/C\u00a0: 43\u00a0mm entre les poign\u00e9es, haut 71\u00a0mm vers le haut<\/li>\n<li>Dimensions du panneau long : 28X134 mm<\/li>\n<li>Dimension sprint : 8X70 mm<\/li>\n<li>Mat\u00e9riau de la poign\u00e9e\u00a0: alliage de zinc et d&#039;aluminium<\/li>\n<li>Mat\u00e9riau du boulon\u00a0: Acier galvanis\u00e9<\/li>\n<li>Traitement de surface : Nickel\u00e9, bross\u00e9 mat<\/li>\n<\/ul>\n<\/div>","protected":false},"excerpt":{"rendered":"<p>ROCA Tyres\u00f6 301TR (avec goupilles de guidage) poign\u00e9e de porte fen\u00eatre tourn\u00e9e \u00e0 droite pour portes espagnoles verrouillables. La plaque longue pr\u00e9sente un \u00e9videment ovale pour un cylindre de serrure ovale. Le trou ovale peut \u00eatre compl\u00e9t\u00e9 avec Vred TT01, Rondelle de couvercle Rokoko RC01 ou Rondelle de couvercle<\/p>","protected":false},"featured_media":145964,"template":"","meta":{"_acf_changed":false},"product_brand":[],"product_cat":[4113,4126,4127],"product_tag":[4863],"class_list":{"0":"post-96786","1":"product","2":"type-product","3":"status-publish","4":"has-post-thumbnail","6":"product_cat-spanjoletthandtag","7":"product_cat-fonsterhandtag","8":"product_cat-handtag-altandorr","9":"product_tag-pf","10":"product_shipping_class-postnord-varubrev","11":"pa_brands-roca","12":"tm-no-options","14":"first","15":"outofstock","16":"sale","17":"taxable","18":"shipping-taxable","19":"purchasable","20":"product-type-simple"},"acf":[],"_links":{"self":[{"href":"https:\/\/secureus.se\/fr\/wp-json\/wp\/v2\/product\/96786","targetHints":{"allow":["GET"]}}],"collection":[{"href":"https:\/\/secureus.se\/fr\/wp-json\/wp\/v2\/product"}],"about":[{"href":"https:\/\/secureus.se\/fr\/wp-json\/wp\/v2\/types\/product"}],"wp:featuredmedia":[{"embeddable":true,"href":"https:\/\/secureus.se\/fr\/wp-json\/wp\/v2\/media\/145964"}],"wp:attachment":[{"href":"https:\/\/secureus.se\/fr\/wp-json\/wp\/v2\/media?parent=96786"}],"wp:term":[{"taxonomy":"product_brand","embeddable":true,"href":"https:\/\/secureus.se\/fr\/wp-json\/wp\/v2\/product_brand?post=96786"},{"taxonomy":"product_cat","embeddable":true,"href":"https:\/\/secureus.se\/fr\/wp-json\/wp\/v2\/product_cat?post=96786"},{"taxonomy":"product_tag","embeddable":true,"href":"https:\/\/secureus.se\/fr\/wp-json\/wp\/v2\/product_tag?post=96786"}],"curies":[{"name":"wp","href":"https:\/\/api.w.org\/{rel}","templated":true}]}}