{"id":96801,"date":"2024-08-08T21:47:51","date_gmt":"2024-08-08T19:47:51","guid":{"rendered":"https:\/\/secureus.se\/?post_type=product&#038;p=96801"},"modified":"2026-04-08T15:48:52","modified_gmt":"2026-04-08T13:48:52","slug":"handtag-2742-683-vanster-nickel-inkl-cylinder","status":"publish","type":"product","link":"https:\/\/secureus.se\/fr\/handtag-2742-683-vanster-nickel-inkl-cylinder\/","title":{"rendered":"Poign\u00e9e cr\u00e9mone Poign\u00e9e 2742-683 Gauche Nickel avec Cylindre \u2013 SIBES"},"content":{"rendered":"<div>SIBES 2742-683 est une poign\u00e9e de fen\u00eatre verrouillable de style classique. 683 repr\u00e9sente le mod\u00e8le sur poign\u00e9e et est \u00e9galement disponible comme poign\u00e9e non verrouillable et avec plaque longue pour portes espagnoles verrouillables pour portes-fen\u00eatres. Comme toutes les poign\u00e9es de fen\u00eatres et de portes fen\u00eatres SIBES, elles sont con\u00e7ues pour correspondre \u00e0 nos grandes \u00e9poques de construction, du Rococo \u00e0 Funkis. Toutes les poign\u00e9es sont coul\u00e9es en laiton pour un poids, une sensation et une finition adapt\u00e9s.<\/div>\n<div><b>Propri\u00e9t\u00e9s:<\/b><\/div>\n<div>\n<ul>\n<li>Verrouillable avec cylindre \u00e0 pression<\/li>\n<li>Cylindre de pression appropri\u00e9 7310 ou 716, 1216 et 1316<\/li>\n<li>Pousser le cylindre pour verrouiller, d\u00e9verrouiller avec la cl\u00e9<\/li>\n<li>Dimension sprint : 8X43 mm<\/li>\n<li>Attache C\/C : 43 mm<\/li>\n<li>Positions de verrouillage int\u00e9gr\u00e9es pour l&#039;ouverture et la fermeture qui maintiennent la poign\u00e9e dans la bonne position.<\/li>\n<li>Serrure \u00e0 poign\u00e9e assortie 7450<\/li>\n<li>Mat\u00e9riel: Laiton<\/li>\n<li>Disponible en traitement de surface : Laiton poli non trait\u00e9, nickel\u00e9<\/li>\n<li>Peut \u00e9galement \u00eatre obtenu avec un boulon de 7 mm et d&#039;autres longueurs<\/li>\n<li>Vis recommand\u00e9e TKFX 4.0<\/li>\n<\/ul>\n<\/div>","protected":false},"excerpt":{"rendered":"<p>SIBES 2742-683 est une poign\u00e9e de fen\u00eatre verrouillable de style classique. 683 repr\u00e9sente le mod\u00e8le sur poign\u00e9e et il est \u00e9galement disponible en version poign\u00e9e non verrouillable et avec une longue plaque pour plaques espagnoles verrouillables pour<\/p>","protected":false},"featured_media":137906,"template":"","meta":{"_acf_changed":false},"product_brand":[],"product_cat":[4113,4126,4127],"product_tag":[],"class_list":{"0":"post-96801","1":"product","2":"type-product","3":"status-publish","4":"has-post-thumbnail","6":"product_cat-spanjoletthandtag","7":"product_cat-fonsterhandtag","8":"product_cat-handtag-altandorr","9":"product_shipping_class-postnord-varubrev","10":"pa_brands-sibes","11":"tm-no-options","13":"first","14":"instock","15":"sale","16":"taxable","17":"shipping-taxable","18":"purchasable","19":"product-type-simple"},"acf":[],"_links":{"self":[{"href":"https:\/\/secureus.se\/fr\/wp-json\/wp\/v2\/product\/96801","targetHints":{"allow":["GET"]}}],"collection":[{"href":"https:\/\/secureus.se\/fr\/wp-json\/wp\/v2\/product"}],"about":[{"href":"https:\/\/secureus.se\/fr\/wp-json\/wp\/v2\/types\/product"}],"wp:featuredmedia":[{"embeddable":true,"href":"https:\/\/secureus.se\/fr\/wp-json\/wp\/v2\/media\/137906"}],"wp:attachment":[{"href":"https:\/\/secureus.se\/fr\/wp-json\/wp\/v2\/media?parent=96801"}],"wp:term":[{"taxonomy":"product_brand","embeddable":true,"href":"https:\/\/secureus.se\/fr\/wp-json\/wp\/v2\/product_brand?post=96801"},{"taxonomy":"product_cat","embeddable":true,"href":"https:\/\/secureus.se\/fr\/wp-json\/wp\/v2\/product_cat?post=96801"},{"taxonomy":"product_tag","embeddable":true,"href":"https:\/\/secureus.se\/fr\/wp-json\/wp\/v2\/product_tag?post=96801"}],"curies":[{"name":"wp","href":"https:\/\/api.w.org\/{rel}","templated":true}]}}