{"id":96804,"date":"2024-08-08T21:47:51","date_gmt":"2024-08-08T19:47:51","guid":{"rendered":"https:\/\/secureus.se\/?post_type=product&#038;p=96804"},"modified":"2026-04-08T15:56:38","modified_gmt":"2026-04-08T13:56:38","slug":"sakerhetsanordning-836s-8x53-krom","status":"publish","type":"product","link":"https:\/\/secureus.se\/fr\/sakerhetsanordning-836s-8x53-krom\/","title":{"rendered":"Poign\u00e9e spagnolette Dispositif de s\u00e9curit\u00e9 836S 8X53 Chrome"},"content":{"rendered":"<p><b>Domaine d&#039;utilisation : <\/b><br \/>\n Utilis\u00e9 \u00e0 l&#039;int\u00e9rieur des fen\u00eatres, des portes-fen\u00eatres et des portes d&#039;armoires qui ont une charni\u00e8re, o\u00f9 vous ne souhaitez pas de poign\u00e9e fixe et qui doivent \u00eatre s\u00e9curis\u00e9es contre le cambriolage ou l&#039;ouverture non autoris\u00e9e.<\/p>\n<div><\/div>\n<div><b>Propri\u00e9t\u00e9s\/Fonction\u00a0:\u00a0<\/b><\/div>\n<div>\n<ul>\n<li>Poign\u00e9e autobloquante avec cylindre.<\/li>\n<li>Verrouillable avec cylindre.\u00a0<\/li>\n<li>Approuv\u00e9 selon SS 3620 Classe B.<\/li>\n<\/ul>\n<p><b>Accessoires: <\/b> Cylindre ovale standard. Cl\u00e9 triangulaire 145. Rondelle 841S.<\/p>\n<\/div>","protected":false},"excerpt":{"rendered":"<p>Domaine d&#039;utilisation : Utilis\u00e9 \u00e0 l&#039;int\u00e9rieur des fen\u00eatres, des portes-fen\u00eatres et des portes d&#039;armoires qui ont une charni\u00e8re, o\u00f9 vous ne souhaitez pas de poign\u00e9e fixe et qui doivent \u00eatre s\u00e9curis\u00e9es contre l&#039;effraction ou l&#039;ouverture non autoris\u00e9e. Caract\u00e9ristiques\/Fonction\u00a0: Autobloquant<\/p>","protected":false},"featured_media":137066,"template":"","meta":{"_acf_changed":false},"product_brand":[],"product_cat":[4113,4126,4127],"product_tag":[],"class_list":{"0":"post-96804","1":"product","2":"type-product","3":"status-publish","4":"has-post-thumbnail","6":"product_cat-spanjoletthandtag","7":"product_cat-fonsterhandtag","8":"product_cat-handtag-altandorr","9":"product_shipping_class-postnord-varubrev","10":"pa_brands-abloy","11":"tm-no-options","13":"first","14":"instock","15":"sale","16":"taxable","17":"shipping-taxable","18":"purchasable","19":"product-type-simple"},"acf":[],"_links":{"self":[{"href":"https:\/\/secureus.se\/fr\/wp-json\/wp\/v2\/product\/96804","targetHints":{"allow":["GET"]}}],"collection":[{"href":"https:\/\/secureus.se\/fr\/wp-json\/wp\/v2\/product"}],"about":[{"href":"https:\/\/secureus.se\/fr\/wp-json\/wp\/v2\/types\/product"}],"wp:featuredmedia":[{"embeddable":true,"href":"https:\/\/secureus.se\/fr\/wp-json\/wp\/v2\/media\/137066"}],"wp:attachment":[{"href":"https:\/\/secureus.se\/fr\/wp-json\/wp\/v2\/media?parent=96804"}],"wp:term":[{"taxonomy":"product_brand","embeddable":true,"href":"https:\/\/secureus.se\/fr\/wp-json\/wp\/v2\/product_brand?post=96804"},{"taxonomy":"product_cat","embeddable":true,"href":"https:\/\/secureus.se\/fr\/wp-json\/wp\/v2\/product_cat?post=96804"},{"taxonomy":"product_tag","embeddable":true,"href":"https:\/\/secureus.se\/fr\/wp-json\/wp\/v2\/product_tag?post=96804"}],"curies":[{"name":"wp","href":"https:\/\/api.w.org\/{rel}","templated":true}]}}