{"id":96806,"date":"2024-08-08T21:47:51","date_gmt":"2024-08-08T19:47:51","guid":{"rendered":"https:\/\/secureus.se\/?post_type=product&#038;p=96806"},"modified":"2025-09-15T12:06:03","modified_gmt":"2025-09-15T10:06:03","slug":"handtag-prasto-30s-rak-8x53-krom","status":"publish","type":"product","link":"https:\/\/secureus.se\/fr\/handtag-prasto-30s-rak-8x53-krom\/","title":{"rendered":"Poign\u00e9e de fen\u00eatre Pr\u00e4st\u00f6 30S Droite 8X53 Chrom\u00e9 \u2013 Roca"},"content":{"rendered":"<div>\n<div>ROCA Pr\u00e4st\u00f6 WH-P 30S est une poign\u00e9e de fen\u00eatre droite avec plaque de base 30 et broches de guidage pour un assemblage droit et soign\u00e9. Avec positions finales fixes pour fen\u00eatres \u00ab Tipp-Dreh \u00bb. La poign\u00e9e est disponible en versions gauche, droite et droite. La s\u00e9rie Pr\u00e4st\u00f6 est la poign\u00e9e de fen\u00eatre parfaite pour une architecture fonctionnelle, mais le classique r\u00e9tro mis \u00e0 jour fonctionne \u00e9galement sur la plupart des types de b\u00e2timents modernes. Pr\u00e4st\u00f6 a une poign\u00e9e plus longue et plus ergonomique que les anciens mod\u00e8les.<\/div>\n<p><\/div>\n<div><b>Propri\u00e9t\u00e9s:<\/b><\/div>\n<div>\n<ul>\n<li>Attache C\/C : 43 mm<\/li>\n<li>Dimension sprint : 8X53 mm<\/li>\n<li>Mat\u00e9riau de la poign\u00e9e\u00a0: alliage de zinc et d&#039;aluminium<\/li>\n<li>Mat\u00e9riau du boulon\u00a0: Acier galvanis\u00e9<\/li>\n<li>Traitement de Surface: chrom\u00e9<\/li>\n<\/ul>\n<\/div>","protected":false},"excerpt":{"rendered":"<p>ROCA Pr\u00e4st\u00f6 WH-P 30S est une poign\u00e9e de fen\u00eatre droite avec plaque de base 30 et broches de guidage pour un assemblage droit et soign\u00e9. Avec positions finales fixes pour fen\u00eatres \u00ab Tipp-Dreh \u00bb. La poign\u00e9e est disponible en gauche, droite et<\/p>","protected":false},"featured_media":136847,"template":"","meta":{"_acf_changed":false},"product_brand":[],"product_cat":[4126],"product_tag":[],"class_list":{"0":"post-96806","1":"product","2":"type-product","3":"status-publish","4":"has-post-thumbnail","6":"product_cat-fonsterhandtag","7":"product_shipping_class-postnord-varubrev","8":"pa_brands-roca","9":"tm-no-options","11":"first","12":"onbackorder","13":"sale","14":"taxable","15":"shipping-taxable","16":"purchasable","17":"product-type-simple"},"acf":[],"_links":{"self":[{"href":"https:\/\/secureus.se\/fr\/wp-json\/wp\/v2\/product\/96806","targetHints":{"allow":["GET"]}}],"collection":[{"href":"https:\/\/secureus.se\/fr\/wp-json\/wp\/v2\/product"}],"about":[{"href":"https:\/\/secureus.se\/fr\/wp-json\/wp\/v2\/types\/product"}],"wp:featuredmedia":[{"embeddable":true,"href":"https:\/\/secureus.se\/fr\/wp-json\/wp\/v2\/media\/136847"}],"wp:attachment":[{"href":"https:\/\/secureus.se\/fr\/wp-json\/wp\/v2\/media?parent=96806"}],"wp:term":[{"taxonomy":"product_brand","embeddable":true,"href":"https:\/\/secureus.se\/fr\/wp-json\/wp\/v2\/product_brand?post=96806"},{"taxonomy":"product_cat","embeddable":true,"href":"https:\/\/secureus.se\/fr\/wp-json\/wp\/v2\/product_cat?post=96806"},{"taxonomy":"product_tag","embeddable":true,"href":"https:\/\/secureus.se\/fr\/wp-json\/wp\/v2\/product_tag?post=96806"}],"curies":[{"name":"wp","href":"https:\/\/api.w.org\/{rel}","templated":true}]}}