{"id":96818,"date":"2024-08-08T21:47:51","date_gmt":"2024-08-08T19:47:51","guid":{"rendered":"https:\/\/secureus.se\/?post_type=product&#038;p=96818"},"modified":"2026-04-08T15:48:23","modified_gmt":"2026-04-08T13:48:23","slug":"handtag-83-hoger-8x43-krom","status":"publish","type":"product","link":"https:\/\/secureus.se\/fr\/handtag-83-hoger-8x43-krom\/","title":{"rendered":"Poign\u00e9e de fen\u00eatre Poign\u00e9e 83 Droite 8X43 Chrome \u2013 Assa Abloy"},"content":{"rendered":"<div>ASSA ABLOY 83 est une poign\u00e9e classique pour fen\u00eatres et portes fen\u00eatres. La poign\u00e9e a des positions de verrouillage int\u00e9gr\u00e9es pour l&#039;ouverture et la fermeture qui maintiennent la poign\u00e9e dans la bonne position. Disponible en versions gaucher, droit et droitier.<\/div>\n<div><b><br \/>Propri\u00e9t\u00e9s:<\/b><\/div>\n<div>\n<ul>\n<li>Positions de verrouillage int\u00e9gr\u00e9es pour l&#039;ouverture et la fermeture qui maintiennent la poign\u00e9e dans la bonne position.<\/li>\n<li>Sprint en acier carr\u00e9 galvanis\u00e9 de 8 mm.<\/li>\n<li>Longueur de sprint : 43 mm<\/li>\n<li>Vis recommand\u00e9e : TKFX 4,0 mm.<\/li>\n<li>Accessoires : Serrure \u00e0 poign\u00e9e Fix 840 et 850.<\/li>\n<li>L&#039;accouplement de poign\u00e9e, 833, 833\/16 est utilis\u00e9 lorsque les poign\u00e9es doivent \u00eatre mont\u00e9es des deux c\u00f4t\u00e9s.<\/li>\n<li>Mat\u00e9riau : m\u00e9tal Zamak<\/li>\n<li>Traitement de Surface: chrom\u00e9<\/li>\n<\/ul>\n<\/div>","protected":false},"excerpt":{"rendered":"<p>ASSA ABLOY 83 est une poign\u00e9e classique pour fen\u00eatres et portes fen\u00eatres. La poign\u00e9e a des positions de verrouillage int\u00e9gr\u00e9es pour l&#039;ouverture et la fermeture qui maintiennent la poign\u00e9e dans la bonne position. Disponible en version gaucher, droite et<\/p>","protected":false},"featured_media":137422,"template":"","meta":{"_acf_changed":false},"product_brand":[],"product_cat":[4126,4127],"product_tag":[],"class_list":{"0":"post-96818","1":"product","2":"type-product","3":"status-publish","4":"has-post-thumbnail","6":"product_cat-fonsterhandtag","7":"product_cat-handtag-altandorr","8":"product_shipping_class-postnord-varubrev","9":"pa_brands-abloy","10":"tm-no-options","12":"first","13":"instock","14":"sale","15":"taxable","16":"shipping-taxable","17":"purchasable","18":"product-type-simple"},"acf":[],"_links":{"self":[{"href":"https:\/\/secureus.se\/fr\/wp-json\/wp\/v2\/product\/96818","targetHints":{"allow":["GET"]}}],"collection":[{"href":"https:\/\/secureus.se\/fr\/wp-json\/wp\/v2\/product"}],"about":[{"href":"https:\/\/secureus.se\/fr\/wp-json\/wp\/v2\/types\/product"}],"wp:featuredmedia":[{"embeddable":true,"href":"https:\/\/secureus.se\/fr\/wp-json\/wp\/v2\/media\/137422"}],"wp:attachment":[{"href":"https:\/\/secureus.se\/fr\/wp-json\/wp\/v2\/media?parent=96818"}],"wp:term":[{"taxonomy":"product_brand","embeddable":true,"href":"https:\/\/secureus.se\/fr\/wp-json\/wp\/v2\/product_brand?post=96818"},{"taxonomy":"product_cat","embeddable":true,"href":"https:\/\/secureus.se\/fr\/wp-json\/wp\/v2\/product_cat?post=96818"},{"taxonomy":"product_tag","embeddable":true,"href":"https:\/\/secureus.se\/fr\/wp-json\/wp\/v2\/product_tag?post=96818"}],"curies":[{"name":"wp","href":"https:\/\/api.w.org\/{rel}","templated":true}]}}