{"id":96821,"date":"2024-08-08T21:47:51","date_gmt":"2024-08-08T19:47:51","guid":{"rendered":"https:\/\/secureus.se\/?post_type=product&#038;p=96821"},"modified":"2026-04-08T15:46:04","modified_gmt":"2026-04-08T13:46:04","slug":"handtag-835s-hoger-8x53-krom","status":"publish","type":"product","link":"https:\/\/secureus.se\/fr\/handtag-835s-hoger-8x53-krom\/","title":{"rendered":"Poign\u00e9e spagnolette Poign\u00e9e 835S Droite 8X53 Chrome \u2013 Assa Abloy"},"content":{"rendered":"<p>\nASSA ABLOY 835S est une poign\u00e9e verrouillable qui est utilis\u00e9e \u00e0 l&#039;int\u00e9rieur des portes-fen\u00eatres, des fen\u00eatres et des portes d&#039;armoires dot\u00e9es d&#039;une charni\u00e8re et qui doit \u00eatre s\u00e9curis\u00e9e contre le cambriolage et l&#039;ouverture non autoris\u00e9e.<\/p>\n<div><\/div>\n<div><b>Propri\u00e9t\u00e9s:\u00a0\u00a0<\/b><\/div>\n<div>\n<ul>\n<li>Verrouillable avec cylindre ovale (non inclus)<\/li>\n<li>Le bo\u00eetier du cylindre recouvre tout le cylindre \u00e0 sept broches<\/li>\n<li>Approuv\u00e9 selon SS 3620 Classe B<\/li>\n<li>Verrouillage en tournant la cl\u00e9<\/li>\n<li>La cl\u00e9 peut \u00eatre retir\u00e9e en position d\u00e9verrouill\u00e9e.\u00a0<\/li>\n<li>La poign\u00e9e est dot\u00e9e d&#039;un embrayage \u00e0 friction qui fonctionne en cas de surcharge et emp\u00eache la rupture du m\u00e9canisme de verrouillage en cas de tentative d&#039;effraction et d&#039;ouverture non autoris\u00e9e de l&#039;int\u00e9rieur.\u00a0<\/li>\n<li>Il existe \u00e9galement un mod\u00e8le avec un microswitch\u00a0<\/li>\n<\/ul>\n<p><b>Variantes :<\/b><\/p>\n<ul>\n<li>835S : Serrures \u00e0 cl\u00e9 tournante.\u00a0<\/li>\n<li>837S : se verrouille automatiquement lorsque la poign\u00e9e est tourn\u00e9e en position ferm\u00e9e.\u00a0<\/li>\n<li>8350S : Avec r\u00e9cepteur pour support depuis cylindre ext\u00e9rieur. Permet le verrouillage des deux c\u00f4t\u00e9s<\/li>\n<\/ul>\n<\/div>\n<div><\/div>\n<div><b>Accessoires:<\/b>\u00a0<\/div>\n<div>\n<ul>\n<li>Cylindre ovale standard<\/li>\n<li>Rondelle 841S<\/li>\n<li>Plaque de fixation 5325<\/li>\n<li>Accouplements de poign\u00e9e 833, 833\/16 ou 961, utilis\u00e9s lorsque les poign\u00e9es doivent \u00eatre mont\u00e9es des deux c\u00f4t\u00e9s<\/li>\n<\/ul>\n<\/div>","protected":false},"excerpt":{"rendered":"<p>ASSA ABLOY 835S est une poign\u00e9e verrouillable qui est utilis\u00e9e \u00e0 l&#039;int\u00e9rieur des portes-fen\u00eatres, des fen\u00eatres et des portes d&#039;armoires dot\u00e9es d&#039;une charni\u00e8re et qui doit \u00eatre s\u00e9curis\u00e9e contre le cambriolage et l&#039;ouverture non autoris\u00e9e. Caract\u00e9ristiques\u00a0: verrouillable<\/p>","protected":false},"featured_media":136831,"template":"","meta":{"_acf_changed":false},"product_brand":[],"product_cat":[4113,4126,4127],"product_tag":[],"class_list":{"0":"post-96821","1":"product","2":"type-product","3":"status-publish","4":"has-post-thumbnail","6":"product_cat-spanjoletthandtag","7":"product_cat-fonsterhandtag","8":"product_cat-handtag-altandorr","9":"product_shipping_class-postnord-varubrev","10":"pa_brands-abloy","11":"tm-no-options","13":"first","14":"instock","15":"sale","16":"taxable","17":"shipping-taxable","18":"purchasable","19":"product-type-simple"},"acf":[],"_links":{"self":[{"href":"https:\/\/secureus.se\/fr\/wp-json\/wp\/v2\/product\/96821","targetHints":{"allow":["GET"]}}],"collection":[{"href":"https:\/\/secureus.se\/fr\/wp-json\/wp\/v2\/product"}],"about":[{"href":"https:\/\/secureus.se\/fr\/wp-json\/wp\/v2\/types\/product"}],"wp:featuredmedia":[{"embeddable":true,"href":"https:\/\/secureus.se\/fr\/wp-json\/wp\/v2\/media\/136831"}],"wp:attachment":[{"href":"https:\/\/secureus.se\/fr\/wp-json\/wp\/v2\/media?parent=96821"}],"wp:term":[{"taxonomy":"product_brand","embeddable":true,"href":"https:\/\/secureus.se\/fr\/wp-json\/wp\/v2\/product_brand?post=96821"},{"taxonomy":"product_cat","embeddable":true,"href":"https:\/\/secureus.se\/fr\/wp-json\/wp\/v2\/product_cat?post=96821"},{"taxonomy":"product_tag","embeddable":true,"href":"https:\/\/secureus.se\/fr\/wp-json\/wp\/v2\/product_tag?post=96821"}],"curies":[{"name":"wp","href":"https:\/\/api.w.org\/{rel}","templated":true}]}}