{"id":96823,"date":"2024-08-08T21:47:52","date_gmt":"2024-08-08T19:47:52","guid":{"rendered":"https:\/\/secureus.se\/?post_type=product&#038;p=96823"},"modified":"2026-04-23T12:11:56","modified_gmt":"2026-04-23T10:11:56","slug":"handtag-tokyo-0710-u26-rakt-8x26-f1-silver","status":"publish","type":"product","link":"https:\/\/secureus.se\/fr\/handtag-tokyo-0710-u26-rakt-8x26-f1-silver\/","title":{"rendered":"Poign\u00e9e de fen\u00eatre Poign\u00e9e Tokyo 0710\/U26 Droite 8X26 F1 Argent \u2013 HOPPE"},"content":{"rendered":"<div>HOPPE Tokyo 0710\/U26 est une poign\u00e9e de fen\u00eatre en aluminium. R\u00e9pond aux exigences en mati\u00e8re d&#039;allergie au nickel \u2013 approuv\u00e9 pour les personnes allergiques.<\/div>\n<div><b><br \/>\nPropri\u00e9t\u00e9s:<\/b><\/div>\n<div>\n<ul>\n<li>Avec positions d&#039;encliquetage distinctives \u00e0 90\u00b0 (Dreh\/Tipp)<\/li>\n<li>Goupilles de guidage de 12 mm<\/li>\n<li>Diam\u00e8tre de sprint : 8 mm<\/li>\n<li>Longueur de sprint : 26 mm<\/li>\n<li>Montage dissimul\u00e9<\/li>\n<li>R\u00e9pond aux exigences en mati\u00e8re d&#039;allergie au nickel - approuv\u00e9 pour les personnes allergiques.<\/li>\n<li>Traitement de surface : Aluminium argent\u00e9 F1<\/li>\n<li>Mat\u00e9riel: Aluminium<\/li>\n<\/ul>\n<\/div>","protected":false},"excerpt":{"rendered":"<p>HOPPE Tokyo 0710\/U26 est une poign\u00e9e de fen\u00eatre en aluminium. R\u00e9pond aux exigences en mati\u00e8re d&#039;allergie au nickel \u2013 approuv\u00e9 pour les personnes allergiques. Caract\u00e9ristiques : Avec positions d&#039;encliquetage distinctes \u00e0 90\u00b0 (Dreh\/Tipp) Goupilles de guidage de 12 mm Diam\u00e8tre du sprint : 8 mm Longueur du sprint : 26 mm<\/p>","protected":false},"featured_media":137049,"template":"","meta":{"_acf_changed":false},"product_brand":[],"product_cat":[4126],"product_tag":[],"class_list":{"0":"post-96823","1":"product","2":"type-product","3":"status-publish","4":"has-post-thumbnail","6":"product_cat-fonsterhandtag","7":"product_shipping_class-postnord-varubrev","8":"pa_brands-hoppe","9":"tm-no-options","11":"first","12":"instock","13":"sale","14":"taxable","15":"shipping-taxable","16":"purchasable","17":"product-type-simple"},"acf":[],"_links":{"self":[{"href":"https:\/\/secureus.se\/fr\/wp-json\/wp\/v2\/product\/96823","targetHints":{"allow":["GET"]}}],"collection":[{"href":"https:\/\/secureus.se\/fr\/wp-json\/wp\/v2\/product"}],"about":[{"href":"https:\/\/secureus.se\/fr\/wp-json\/wp\/v2\/types\/product"}],"wp:featuredmedia":[{"embeddable":true,"href":"https:\/\/secureus.se\/fr\/wp-json\/wp\/v2\/media\/137049"}],"wp:attachment":[{"href":"https:\/\/secureus.se\/fr\/wp-json\/wp\/v2\/media?parent=96823"}],"wp:term":[{"taxonomy":"product_brand","embeddable":true,"href":"https:\/\/secureus.se\/fr\/wp-json\/wp\/v2\/product_brand?post=96823"},{"taxonomy":"product_cat","embeddable":true,"href":"https:\/\/secureus.se\/fr\/wp-json\/wp\/v2\/product_cat?post=96823"},{"taxonomy":"product_tag","embeddable":true,"href":"https:\/\/secureus.se\/fr\/wp-json\/wp\/v2\/product_tag?post=96823"}],"curies":[{"name":"wp","href":"https:\/\/api.w.org\/{rel}","templated":true}]}}