{"id":96832,"date":"2024-08-08T21:47:52","date_gmt":"2024-08-08T19:47:52","guid":{"rendered":"https:\/\/secureus.se\/?post_type=product&#038;p=96832"},"modified":"2026-04-08T15:56:05","modified_gmt":"2026-04-08T13:56:05","slug":"handtag-tokyo-0710-u76-vanster-lasvred-8x56-f1-silver","status":"publish","type":"product","link":"https:\/\/secureus.se\/fr\/handtag-tokyo-0710-u76-vanster-lasvred-8x56-f1-silver\/","title":{"rendered":"Poign\u00e9e de fen\u00eatre Poign\u00e9e Tokyo 0710\/U76 Gauche Bouton de verrouillage 8X56 F1 Argent \u2013 HOPPE"},"content":{"rendered":"<div>HOPPE Tokyo 0710\/U76 est une poign\u00e9e de fen\u00eatre en aluminium avec bouton de verrouillage manuel. Le bouton de verrouillage n&#039;est pas approuv\u00e9 comme s\u00e9curit\u00e9 enfant. R\u00e9pond aux exigences en mati\u00e8re d&#039;allergie au nickel \u2013 approuv\u00e9 pour les personnes allergiques.<\/div>\n<div><b><br \/>Propri\u00e9t\u00e9s:<\/b><\/div>\n<div>\n<ul>\n<li>Verrouillable avec un bouton (non approuv\u00e9 comme s\u00e9curit\u00e9 enfant)<\/li>\n<li>Avec positions d&#039;encliquetage distinctives \u00e0 90\u00b0 (Dreh\/Tipp)<\/li>\n<li>Goupilles de guidage de 10 mm.<\/li>\n<li>Diam\u00e8tre de sprint : 8 mm<\/li>\n<li>Longueur de sprint : 56 mm<\/li>\n<li>R\u00e9pond aux exigences en mati\u00e8re d&#039;allergie au nickel - approuv\u00e9 pour les personnes allergiques.<\/li>\n<li>Traitement de surface : Aluminium argent\u00e9 F1<\/li>\n<li>Montage\u00a0:\u00a0dissimul\u00e9<\/li>\n<\/ul>\n<\/div>","protected":false},"excerpt":{"rendered":"<p>HOPPE Tokyo 0710\/U76 est une poign\u00e9e de fen\u00eatre en aluminium avec bouton de verrouillage manuel. Le bouton de verrouillage n&#039;est pas approuv\u00e9 comme s\u00e9curit\u00e9 enfant. R\u00e9pond aux exigences en mati\u00e8re d&#039;allergie au nickel \u2013 approuv\u00e9 pour les personnes allergiques. Propri\u00e9t\u00e9s : verrouillable avec bouton (non<\/p>","protected":false},"featured_media":136638,"template":"","meta":{"_acf_changed":false},"product_brand":[],"product_cat":[4126],"product_tag":[],"class_list":{"0":"post-96832","1":"product","2":"type-product","3":"status-publish","4":"has-post-thumbnail","6":"product_cat-fonsterhandtag","7":"product_shipping_class-postnord-varubrev","8":"pa_brands-hoppe","9":"tm-no-options","11":"first","12":"instock","13":"sale","14":"taxable","15":"shipping-taxable","16":"purchasable","17":"product-type-simple"},"acf":[],"_links":{"self":[{"href":"https:\/\/secureus.se\/fr\/wp-json\/wp\/v2\/product\/96832","targetHints":{"allow":["GET"]}}],"collection":[{"href":"https:\/\/secureus.se\/fr\/wp-json\/wp\/v2\/product"}],"about":[{"href":"https:\/\/secureus.se\/fr\/wp-json\/wp\/v2\/types\/product"}],"wp:featuredmedia":[{"embeddable":true,"href":"https:\/\/secureus.se\/fr\/wp-json\/wp\/v2\/media\/136638"}],"wp:attachment":[{"href":"https:\/\/secureus.se\/fr\/wp-json\/wp\/v2\/media?parent=96832"}],"wp:term":[{"taxonomy":"product_brand","embeddable":true,"href":"https:\/\/secureus.se\/fr\/wp-json\/wp\/v2\/product_brand?post=96832"},{"taxonomy":"product_cat","embeddable":true,"href":"https:\/\/secureus.se\/fr\/wp-json\/wp\/v2\/product_cat?post=96832"},{"taxonomy":"product_tag","embeddable":true,"href":"https:\/\/secureus.se\/fr\/wp-json\/wp\/v2\/product_tag?post=96832"}],"curies":[{"name":"wp","href":"https:\/\/api.w.org\/{rel}","templated":true}]}}