{"id":96840,"date":"2024-08-08T21:47:52","date_gmt":"2024-08-08T19:47:52","guid":{"rendered":"https:\/\/secureus.se\/?post_type=product&#038;p=96840"},"modified":"2026-04-23T12:05:54","modified_gmt":"2026-04-23T10:05:54","slug":"handtag-7312-hoger-8x53-mattkrom","status":"publish","type":"product","link":"https:\/\/secureus.se\/fr\/handtag-7312-hoger-8x53-mattkrom\/","title":{"rendered":"Poign\u00e9e de fen\u00eatre Poign\u00e9e 7312 Droite 8X53 Chrome mat \u2013 Assa Abloy"},"content":{"rendered":"<div>ASSA ABLOY 7312 est une poign\u00e9e de fen\u00eatre verrouillable de la s\u00e9rie Vinga pour fen\u00eatres et portes-fen\u00eatres. Disponible en version droite, gauche ou droite. Convient aux architectures plus anciennes et plus r\u00e9centes.<\/div>\n<div><b><br \/>Propri\u00e9t\u00e9s:<\/b><\/div>\n<div>\n<ul>\n<li>Verrouillable avec cylindre \u00e0 pression<\/li>\n<li>Cylindre \u00e0 pression appropri\u00e9 7310 ou 716, 1216 et 1316 pour verrouillage homologu\u00e9<\/li>\n<li>Pousser le cylindre pour verrouiller, d\u00e9verrouiller avec la cl\u00e9<\/li>\n<li>Vinga 7312 est dot\u00e9 d&#039;une plaque de recouvrement qui permet une fixation par vis cach\u00e9e.<\/li>\n<li>La poign\u00e9e est enfonc\u00e9e dans le plateau par une fixation unique encliquetable.<\/li>\n<li>La poign\u00e9e peut \u00eatre facilement d\u00e9mont\u00e9e et remplac\u00e9e par une autre poign\u00e9e, par ex. verrouillable ou gripp\u00e9 par un autre traitement de surface.<\/li>\n<li>R\u00e9pond aux exigences de la norme su\u00e9doise SS 3620 classe B en mati\u00e8re de protection contre le cambriolage.<\/li>\n<li>Sprint, carr\u00e9 8mm<\/li>\n<li>Longueur de sprint : 48 mm. \u2013 peut \u00eatre coup\u00e9 si n\u00e9cessaire<\/li>\n<li>Mat\u00e9riau : m\u00e9tal Zamak<\/li>\n<li>Traitement de surface : Chrome ou chrome mat<\/li>\n<\/ul>\n<\/div>","protected":false},"excerpt":{"rendered":"<p>ASSA ABLOY 7312 est une poign\u00e9e de fen\u00eatre verrouillable de la s\u00e9rie Vinga pour fen\u00eatres et portes-fen\u00eatres. Disponible en version droite, gauche ou droite. Convient aux architectures plus anciennes et plus r\u00e9centes. Caract\u00e9ristiques\u00a0: Verrouillable avec<\/p>","protected":false},"featured_media":137018,"template":"","meta":{"_acf_changed":false},"product_brand":[],"product_cat":[4126,4127],"product_tag":[],"class_list":{"0":"post-96840","1":"product","2":"type-product","3":"status-publish","4":"has-post-thumbnail","6":"product_cat-fonsterhandtag","7":"product_cat-handtag-altandorr","8":"product_shipping_class-postnord-varubrev","9":"pa_brands-abloy","10":"tm-no-options","12":"first","13":"onbackorder","14":"sale","15":"taxable","16":"shipping-taxable","17":"purchasable","18":"product-type-simple"},"acf":[],"_links":{"self":[{"href":"https:\/\/secureus.se\/fr\/wp-json\/wp\/v2\/product\/96840","targetHints":{"allow":["GET"]}}],"collection":[{"href":"https:\/\/secureus.se\/fr\/wp-json\/wp\/v2\/product"}],"about":[{"href":"https:\/\/secureus.se\/fr\/wp-json\/wp\/v2\/types\/product"}],"wp:featuredmedia":[{"embeddable":true,"href":"https:\/\/secureus.se\/fr\/wp-json\/wp\/v2\/media\/137018"}],"wp:attachment":[{"href":"https:\/\/secureus.se\/fr\/wp-json\/wp\/v2\/media?parent=96840"}],"wp:term":[{"taxonomy":"product_brand","embeddable":true,"href":"https:\/\/secureus.se\/fr\/wp-json\/wp\/v2\/product_brand?post=96840"},{"taxonomy":"product_cat","embeddable":true,"href":"https:\/\/secureus.se\/fr\/wp-json\/wp\/v2\/product_cat?post=96840"},{"taxonomy":"product_tag","embeddable":true,"href":"https:\/\/secureus.se\/fr\/wp-json\/wp\/v2\/product_tag?post=96840"}],"curies":[{"name":"wp","href":"https:\/\/api.w.org\/{rel}","templated":true}]}}