{"id":96846,"date":"2024-08-08T21:47:52","date_gmt":"2024-08-08T19:47:52","guid":{"rendered":"https:\/\/secureus.se\/?post_type=product&#038;p=96846"},"modified":"2026-04-08T15:37:13","modified_gmt":"2026-04-08T13:37:13","slug":"handtag-42-hoger-8x43-krom","status":"publish","type":"product","link":"https:\/\/secureus.se\/fr\/handtag-42-hoger-8x43-krom\/","title":{"rendered":"Poign\u00e9e de fen\u00eatre Poign\u00e9e 42 Droite 8X43 Chrome \u2013 Assa Abloy"},"content":{"rendered":"<div>ASSA ABLOY 42 est une poign\u00e9e de fen\u00eatre pour fen\u00eatres et portes fen\u00eatres. Disponible en droit, droitier ou gaucher. Les serrures \u00e0 poign\u00e9e assorties 840 et 850 sont achet\u00e9es s\u00e9par\u00e9ment.<\/div>\n<div><b><br \/>\nPropri\u00e9t\u00e9s:<\/b><\/div>\n<div>\n<ul>\n<li>Tourner \u00e0 droite<\/li>\n<li>Sprint d&#039;acier carr\u00e9 galvanis\u00e9 de 8 mm<\/li>\n<li>Longueur de sprint 43 mm<\/li>\n<li>Attache C\/C : 43 mm<\/li>\n<li>Mat\u00e9riau : m\u00e9tal Zamak<\/li>\n<li>Traitement de surface : Chrom\u00e9<\/li>\n<li>L&#039;accouplement de poign\u00e9e 833, 833\/16 est utilis\u00e9 lorsque les poign\u00e9es doivent \u00eatre mont\u00e9es des deux c\u00f4t\u00e9s<\/li>\n<\/ul>\n<\/div>","protected":false},"excerpt":{"rendered":"<p>ASSA ABLOY 42 est une poign\u00e9e de fen\u00eatre pour fen\u00eatres et portes fen\u00eatres. Disponible en version droite, droiti\u00e8re ou gaucher. Les serrures \u00e0 poign\u00e9e assorties 840 et 850 sont achet\u00e9es s\u00e9par\u00e9ment. Propri\u00e9t\u00e9s : Sprint droit de 8 mm galvanis\u00e9<\/p>","protected":false},"featured_media":137891,"template":"","meta":{"_acf_changed":false},"product_brand":[],"product_cat":[4126,4127],"product_tag":[],"class_list":{"0":"post-96846","1":"product","2":"type-product","3":"status-publish","4":"has-post-thumbnail","6":"product_cat-fonsterhandtag","7":"product_cat-handtag-altandorr","8":"product_shipping_class-postnord-varubrev","9":"pa_brands-abloy","10":"tm-no-options","12":"first","13":"instock","14":"sale","15":"taxable","16":"shipping-taxable","17":"purchasable","18":"product-type-simple"},"acf":[],"_links":{"self":[{"href":"https:\/\/secureus.se\/fr\/wp-json\/wp\/v2\/product\/96846","targetHints":{"allow":["GET"]}}],"collection":[{"href":"https:\/\/secureus.se\/fr\/wp-json\/wp\/v2\/product"}],"about":[{"href":"https:\/\/secureus.se\/fr\/wp-json\/wp\/v2\/types\/product"}],"wp:featuredmedia":[{"embeddable":true,"href":"https:\/\/secureus.se\/fr\/wp-json\/wp\/v2\/media\/137891"}],"wp:attachment":[{"href":"https:\/\/secureus.se\/fr\/wp-json\/wp\/v2\/media?parent=96846"}],"wp:term":[{"taxonomy":"product_brand","embeddable":true,"href":"https:\/\/secureus.se\/fr\/wp-json\/wp\/v2\/product_brand?post=96846"},{"taxonomy":"product_cat","embeddable":true,"href":"https:\/\/secureus.se\/fr\/wp-json\/wp\/v2\/product_cat?post=96846"},{"taxonomy":"product_tag","embeddable":true,"href":"https:\/\/secureus.se\/fr\/wp-json\/wp\/v2\/product_tag?post=96846"}],"curies":[{"name":"wp","href":"https:\/\/api.w.org\/{rel}","templated":true}]}}