{"id":96850,"date":"2024-08-08T21:47:53","date_gmt":"2024-08-08T19:47:53","guid":{"rendered":"https:\/\/secureus.se\/?post_type=product&#038;p=96850"},"modified":"2026-04-09T10:30:37","modified_gmt":"2026-04-09T08:30:37","slug":"handtag-london-013vk-350kl-vanster-vred-8x67-f1-silver","status":"publish","type":"product","link":"https:\/\/secureus.se\/fr\/handtag-london-013vk-350kl-vanster-vred-8x67-f1-silver\/","title":{"rendered":"Poign\u00e9e Espagnolette London 013VK\/350KL Bouton Gauche 8X67 F1 Argent \u2013 HOPPE"},"content":{"rendered":"<div>HOPPE London 13VK\/350KL est une s\u00e9rie de poign\u00e9es avec plaque longue pour portes fen\u00eatres avec \u00e9pagneuls verrouillables. Panneau long avec bouton pour montage interne. Fabriqu\u00e9 en aluminium. R\u00e9pond aux exigences en mati\u00e8re de d\u00e9p\u00f4t de nickel \u2013 approuv\u00e9 contre les allergies.<\/div>\n<div><b><br \/>\nPropri\u00e9t\u00e9s:<\/b><\/div>\n<div>\n<ul>\n<li>Virage \u00e0 gauche<\/li>\n<li>Panneau long avec bouton<\/li>\n<li>Diam\u00e8tre de sprint : 8 mm<\/li>\n<li>Longueur de sprint : 67 mm<\/li>\n<li>Positions distinctes : 90\u00b0<\/li>\n<li>Mat\u00e9riau : aluminium<\/li>\n<li>Couleur: F1 Aluminium argent\u00e9<\/li>\n<li>R\u00e9pond aux exigences en mati\u00e8re de d\u00e9p\u00f4t de nickel \u2013 approuv\u00e9 contre les allergies.<\/li>\n<\/ul>\n<\/div>","protected":false},"excerpt":{"rendered":"<p>HOPPE London 13VK\/350KL est une s\u00e9rie de poign\u00e9es avec plaque longue pour portes fen\u00eatres avec \u00e9pagneuls verrouillables. Panneau long avec bouton pour montage int\u00e9rieur. Fabriqu\u00e9 en aluminium. R\u00e9pond aux exigences en mati\u00e8re de d\u00e9p\u00f4t de nickel \u2013 approuv\u00e9 contre les allergies. Caract\u00e9ristiques : Gaucher<\/p>","protected":false},"featured_media":137883,"template":"","meta":{"_acf_changed":false},"product_brand":[],"product_cat":[4113,4126,4127],"product_tag":[],"class_list":{"0":"post-96850","1":"product","2":"type-product","3":"status-publish","4":"has-post-thumbnail","6":"product_cat-spanjoletthandtag","7":"product_cat-fonsterhandtag","8":"product_cat-handtag-altandorr","9":"product_shipping_class-postnord-varubrev","10":"pa_brands-hoppe","11":"tm-no-options","13":"first","14":"instock","15":"sale","16":"taxable","17":"shipping-taxable","18":"purchasable","19":"product-type-simple"},"acf":[],"_links":{"self":[{"href":"https:\/\/secureus.se\/fr\/wp-json\/wp\/v2\/product\/96850","targetHints":{"allow":["GET"]}}],"collection":[{"href":"https:\/\/secureus.se\/fr\/wp-json\/wp\/v2\/product"}],"about":[{"href":"https:\/\/secureus.se\/fr\/wp-json\/wp\/v2\/types\/product"}],"wp:featuredmedia":[{"embeddable":true,"href":"https:\/\/secureus.se\/fr\/wp-json\/wp\/v2\/media\/137883"}],"wp:attachment":[{"href":"https:\/\/secureus.se\/fr\/wp-json\/wp\/v2\/media?parent=96850"}],"wp:term":[{"taxonomy":"product_brand","embeddable":true,"href":"https:\/\/secureus.se\/fr\/wp-json\/wp\/v2\/product_brand?post=96850"},{"taxonomy":"product_cat","embeddable":true,"href":"https:\/\/secureus.se\/fr\/wp-json\/wp\/v2\/product_cat?post=96850"},{"taxonomy":"product_tag","embeddable":true,"href":"https:\/\/secureus.se\/fr\/wp-json\/wp\/v2\/product_tag?post=96850"}],"curies":[{"name":"wp","href":"https:\/\/api.w.org\/{rel}","templated":true}]}}