{"id":96855,"date":"2024-08-08T21:47:53","date_gmt":"2024-08-08T19:47:53","guid":{"rendered":"https:\/\/secureus.se\/?post_type=product&#038;p=96855"},"modified":"2025-08-15T19:36:51","modified_gmt":"2025-08-15T17:36:51","slug":"handtag-tyreso-30r-hoger-8x53-matt-nickel","status":"publish","type":"product","link":"https:\/\/secureus.se\/fr\/handtag-tyreso-30r-hoger-8x53-matt-nickel\/","title":{"rendered":"Poign\u00e9e de fen\u00eatre Poign\u00e9e Tyres\u00f6 30R Droite 8X53 Nickel Mat \u2013 Roca"},"content":{"rendered":"<div>ROCA Tyres\u00f6 WH-T 30R est une poign\u00e9e de fen\u00eatre pour gaucher avec plaque de base 30 et goupilles de guidage pour un assemblage droit et soign\u00e9. Avec positions finales fixes pour fen\u00eatres \u00ab Tipp-Dreh \u00bb. La poign\u00e9e est disponible en versions gauche, droite et droite. La s\u00e9rie Tyres\u00f6 est une poign\u00e9e de fen\u00eatre au design fin et intemporel, adapt\u00e9e \u00e0 une architecture l\u00e9g\u00e8rement plus moderne.<\/p>\n<\/div>\n<div><b>Propri\u00e9t\u00e9s:<\/b><\/div>\n<div>\n<ul>\n<li>Attache C\/C : 43 mm<\/li>\n<li>Dimension sprint : 8X53 mm<\/li>\n<li>Mat\u00e9riau de la poign\u00e9e\u00a0: alliage de zinc et d&#039;aluminium<\/li>\n<li>Mat\u00e9riau du boulon\u00a0: Acier galvanis\u00e9<\/li>\n<li>Traitement de surface : Nickel\u00e9, bross\u00e9 mat<\/li>\n<\/ul>\n<\/div>","protected":false},"excerpt":{"rendered":"<p>ROCA Tyres\u00f6 WH-T 30R est une poign\u00e9e de fen\u00eatre pour gaucher avec plaque de base 30 et broches de guidage pour un assemblage droit et soign\u00e9. Avec positions finales fixes pour fen\u00eatres \u00ab Tipp-Dreh \u00bb. La poign\u00e9e est disponible en gauche, droite et<\/p>","protected":false},"featured_media":136781,"template":"","meta":{"_acf_changed":false},"product_brand":[],"product_cat":[4126],"product_tag":[],"class_list":{"0":"post-96855","1":"product","2":"type-product","3":"status-publish","4":"has-post-thumbnail","6":"product_cat-fonsterhandtag","7":"product_shipping_class-postnord-varubrev","8":"pa_brands-roca","9":"tm-no-options","11":"first","12":"outofstock","13":"sale","14":"taxable","15":"shipping-taxable","16":"purchasable","17":"product-type-simple"},"acf":[],"_links":{"self":[{"href":"https:\/\/secureus.se\/fr\/wp-json\/wp\/v2\/product\/96855","targetHints":{"allow":["GET"]}}],"collection":[{"href":"https:\/\/secureus.se\/fr\/wp-json\/wp\/v2\/product"}],"about":[{"href":"https:\/\/secureus.se\/fr\/wp-json\/wp\/v2\/types\/product"}],"wp:featuredmedia":[{"embeddable":true,"href":"https:\/\/secureus.se\/fr\/wp-json\/wp\/v2\/media\/136781"}],"wp:attachment":[{"href":"https:\/\/secureus.se\/fr\/wp-json\/wp\/v2\/media?parent=96855"}],"wp:term":[{"taxonomy":"product_brand","embeddable":true,"href":"https:\/\/secureus.se\/fr\/wp-json\/wp\/v2\/product_brand?post=96855"},{"taxonomy":"product_cat","embeddable":true,"href":"https:\/\/secureus.se\/fr\/wp-json\/wp\/v2\/product_cat?post=96855"},{"taxonomy":"product_tag","embeddable":true,"href":"https:\/\/secureus.se\/fr\/wp-json\/wp\/v2\/product_tag?post=96855"}],"curies":[{"name":"wp","href":"https:\/\/api.w.org\/{rel}","templated":true}]}}