{"id":96869,"date":"2024-08-08T21:47:53","date_gmt":"2024-08-08T19:47:53","guid":{"rendered":"https:\/\/secureus.se\/?post_type=product&#038;p=96869"},"modified":"2026-04-08T15:36:50","modified_gmt":"2026-04-08T13:36:50","slug":"handtag-51-rakt-8x63-krom","status":"publish","type":"product","link":"https:\/\/secureus.se\/fr\/handtag-51-rakt-8x63-krom\/","title":{"rendered":"Poign\u00e9e de fen\u00eatre Poign\u00e9e 51 Droite 8X63 Chrome \u2013 Assa Abloy"},"content":{"rendered":"<div>ASSA ABLOY 51 est une poign\u00e9e pour fen\u00eatres, portes, trappes qui ne doivent pas avoir de poign\u00e9e fixe et o\u00f9 il n&#039;y a aucun risque d&#039;ouverture automatique (dans ces cas, Fix 805 + 811 est recommand\u00e9). Convient aux plateaux 1857 et 1857T.<\/div>\n<div><b><br \/>Propri\u00e9t\u00e9s: <\/b><\/div>\n<div>\n<ul>\n<li>S&#039;adapte au plateau Fix 1857, 1857T. <\/li>\n<li>Lorsque vous tournez pour ouvrir, vous pouvez, gr\u00e2ce au bouton, tirer l&#039;arc vers vous. <\/li>\n<li>La poign\u00e9e ne peut \u00eatre retir\u00e9e qu&#039;en position ferm\u00e9e. <\/li>\n<li>Sprint en acier carr\u00e9 galvanis\u00e9 de 8 mm. <\/li>\n<li>Longueur de sprint 63 mm.<\/li>\n<li>Mat\u00e9riau : m\u00e9tal Zamak<\/li>\n<li>Traitement de Surface: chrom\u00e9<\/li>\n<\/ul>\n<\/div>\n<div><\/div>","protected":false},"excerpt":{"rendered":"<p>ASSA ABLOY 51 est une poign\u00e9e pour fen\u00eatres, portes, trappes qui ne doivent pas avoir de poign\u00e9e fixe et o\u00f9 il n&#039;y a aucun risque d&#039;ouverture automatique (dans ces cas, Fix 805 + est recommand\u00e9<\/p>","protected":false},"featured_media":136587,"template":"","meta":{"_acf_changed":false},"product_brand":[],"product_cat":[4126],"product_tag":[],"class_list":{"0":"post-96869","1":"product","2":"type-product","3":"status-publish","4":"has-post-thumbnail","6":"product_cat-fonsterhandtag","7":"product_shipping_class-postnord-varubrev","8":"pa_brands-abloy","9":"tm-no-options","11":"first","12":"instock","13":"sale","14":"taxable","15":"shipping-taxable","16":"purchasable","17":"product-type-simple"},"acf":[],"_links":{"self":[{"href":"https:\/\/secureus.se\/fr\/wp-json\/wp\/v2\/product\/96869","targetHints":{"allow":["GET"]}}],"collection":[{"href":"https:\/\/secureus.se\/fr\/wp-json\/wp\/v2\/product"}],"about":[{"href":"https:\/\/secureus.se\/fr\/wp-json\/wp\/v2\/types\/product"}],"wp:featuredmedia":[{"embeddable":true,"href":"https:\/\/secureus.se\/fr\/wp-json\/wp\/v2\/media\/136587"}],"wp:attachment":[{"href":"https:\/\/secureus.se\/fr\/wp-json\/wp\/v2\/media?parent=96869"}],"wp:term":[{"taxonomy":"product_brand","embeddable":true,"href":"https:\/\/secureus.se\/fr\/wp-json\/wp\/v2\/product_brand?post=96869"},{"taxonomy":"product_cat","embeddable":true,"href":"https:\/\/secureus.se\/fr\/wp-json\/wp\/v2\/product_cat?post=96869"},{"taxonomy":"product_tag","embeddable":true,"href":"https:\/\/secureus.se\/fr\/wp-json\/wp\/v2\/product_tag?post=96869"}],"curies":[{"name":"wp","href":"https:\/\/api.w.org\/{rel}","templated":true}]}}