{"id":97372,"date":"2022-06-28T12:49:16","date_gmt":"2022-06-28T10:49:16","guid":{"rendered":"https:\/\/secureus.se\/magnetkontakt-mc-250-10\/"},"modified":"2025-09-22T15:35:52","modified_gmt":"2025-09-22T13:35:52","slug":"magnetkontakt-mc-250-10","status":"publish","type":"product","link":"https:\/\/secureus.se\/fr\/magnetkontakt-mc-250-10\/","title":{"rendered":"Contact magn\u00e9tique Mc 250-10"},"content":{"rendered":"<p>Contact magn\u00e9tique de petit format avec fonction NC pour montage encastr\u00e9 dans les portes et fen\u00eatres. La partie contact et la partie aimant\u00e9e sont en m\u00e9tal et con\u00e7ues comme une vis avec filetage, ce qui permet une installation facile dans le bois ou le plastique. Une large gamme d&#039;accessoires est disponible pour le montage encastr\u00e9 et en surface, voir par ex. 6332743 \u00e0 6332754. Les r\u00e9sistances et longueurs de c\u00e2ble sp\u00e9cifiques peuvent \u00eatre command\u00e9es sp\u00e9cialement.<\/p>","protected":false},"excerpt":{"rendered":"<p>Contact magn\u00e9tique MC250-10<\/p>","protected":false},"featured_media":143441,"template":"","meta":{"_acf_changed":false},"product_brand":[],"product_cat":[3086],"product_tag":[2465],"class_list":{"0":"post-97372","1":"product","2":"type-product","3":"status-publish","4":"has-post-thumbnail","6":"product_cat-magnetkontakter","7":"product_tag-sbsc-larmklass2","8":"product_shipping_class-postnord-varubrev","9":"pa_farg-ovrigt","10":"tm-no-options","12":"first","13":"instock","14":"sale","15":"taxable","16":"shipping-taxable","17":"purchasable","18":"product-type-simple"},"acf":[],"_links":{"self":[{"href":"https:\/\/secureus.se\/fr\/wp-json\/wp\/v2\/product\/97372","targetHints":{"allow":["GET"]}}],"collection":[{"href":"https:\/\/secureus.se\/fr\/wp-json\/wp\/v2\/product"}],"about":[{"href":"https:\/\/secureus.se\/fr\/wp-json\/wp\/v2\/types\/product"}],"wp:featuredmedia":[{"embeddable":true,"href":"https:\/\/secureus.se\/fr\/wp-json\/wp\/v2\/media\/143441"}],"wp:attachment":[{"href":"https:\/\/secureus.se\/fr\/wp-json\/wp\/v2\/media?parent=97372"}],"wp:term":[{"taxonomy":"product_brand","embeddable":true,"href":"https:\/\/secureus.se\/fr\/wp-json\/wp\/v2\/product_brand?post=97372"},{"taxonomy":"product_cat","embeddable":true,"href":"https:\/\/secureus.se\/fr\/wp-json\/wp\/v2\/product_cat?post=97372"},{"taxonomy":"product_tag","embeddable":true,"href":"https:\/\/secureus.se\/fr\/wp-json\/wp\/v2\/product_tag?post=97372"}],"curies":[{"name":"wp","href":"https:\/\/api.w.org\/{rel}","templated":true}]}}