{"id":97443,"date":"2024-08-20T18:24:20","date_gmt":"2024-08-20T16:24:20","guid":{"rendered":"https:\/\/secureus.se\/?post_type=product&#038;p=97443"},"modified":"2026-03-25T15:38:19","modified_gmt":"2026-03-25T14:38:19","slug":"fonsterbroms-760-2","status":"publish","type":"product","link":"https:\/\/secureus.se\/fr\/fonsterbroms-760-2\/","title":{"rendered":"ASSA Fix 760\/2 Frein de vitre \/ Frein de porte \u2013 257 mm \u2013 Euronot"},"content":{"rendered":"<p><strong>ASSA 760\/2<\/strong> est un <strong>Frein de fen\u00eatre \/ frein de porte pour fen\u00eatres et portes-fen\u00eatres<\/strong> qui est utilis\u00e9 conjointement avec <strong>espagnolette avec transmission de frein<\/strong>. Cela permet \u00e0 la fen\u00eatre ou \u00e0 la porte de rester en position d&#039;a\u00e9ration ouverte au lieu de se fermer brutalement ou de s&#039;ouvrir compl\u00e8tement.<\/p>\n<p>Le mod\u00e8le est <strong>adapt\u00e9 pour Euronote<\/strong> et a un <strong>Bo\u00eete de frein \u00e9troite de 16 mm<\/strong> qui est mont\u00e9e dans une rainure frais\u00e9e dans une fen\u00eatre ou une porte-fen\u00eatre.<\/p>\n<p>Le frein de fen\u00eatre est actionn\u00e9 par la poign\u00e9e de la cr\u00e9mone et cr\u00e9e une friction dans la tige de frein afin que la fen\u00eatre ou la porte-fen\u00eatre puisse \u00eatre maintenue dans la position de ventilation souhait\u00e9e.<\/p>\n<h3>Caract\u00e9ristiques<\/h3>\n<ul>\n<li>Support de cadre amovible<\/li>\n<li>Adapt\u00e9 pour Euronot (montage sur rail)<\/li>\n<li>Bo\u00eetier de frein \u00e9troit \u2013 16 mm<\/li>\n<li>Convient aux fen\u00eatres et aux portes-fen\u00eatres<\/li>\n<li>Actionn\u00e9 par la poign\u00e9e \u00e0 cr\u00e9mone<\/li>\n<li>Maintient la porte en position de ventilation<\/li>\n<li>Glisse en cas de surcharge pour prot\u00e9ger les charni\u00e8res et les ferrures<\/li>\n<li>Friction accrue \u00e0 un angle d&#039;ouverture plus grand<\/li>\n<\/ul>\n<h3>Montage<\/h3>\n<p>L&#039;ASSA 760 est mont\u00e9e dans un <strong>rainure frais\u00e9e dans le cadre de la fen\u00eatre ou de la porte<\/strong> et est utilis\u00e9 avec le support de cadre\u00a0:<\/p>\n<ul>\n<li>Support de cadre 5580<\/li>\n<li>Support de cadre 5550T<\/li>\n<\/ul>\n<p>Le support de cadre est achet\u00e9 s\u00e9par\u00e9ment.<\/p>\n<h3>M\u00e5tt \u2013 ASSA 760\/2<\/h3>\n<ul>\n<li>Pour une largeur d&#039;arche de 401 \u00e0 550 mm<\/li>\n<li>Angle d&#039;ouverture : 85\u00b0<\/li>\n<li>Longueur du bo\u00eetier de frein : 257 mm<\/li>\n<li>Longueur du bras : 205 mm<\/li>\n<li>Largeur du bo\u00eetier de frein : 16 mm<\/li>\n<\/ul>\n<h3>Vis recommand\u00e9es<\/h3>\n<ul>\n<li>TFX 3,0 mm pour frein de fen\u00eatre<\/li>\n<li>Support de cadre TFX 3,5 mm<\/li>\n<\/ul>\n<div style=\"background: #f6f8fa;padding: 14px;border-radius: 6px;margin: 18px 0\">\n<p><strong>Vous ne savez pas quel type de frein de vitre il vous faut ?<\/strong><\/p>\n<p>Comparez votre syst\u00e8me de freinage actuel avec les images du produit ou consultez la gamme compl\u00e8te.<a style=\"font-weight: bold\" href=\"https:\/\/secureus.se\/fr\/fonsterbroms\/\"><br \/>\nVoir tous les freins de fen\u00eatre ici \u2192<br \/>\n<\/a><\/p>\n<\/div>","protected":false},"excerpt":{"rendered":"<div style=\"background: #f6f8fa;padding: 14px;border-radius: 6px;margin: 15px 0\">\n<p><strong>\u2714 Ce mod\u00e8le est mont\u00e9 dans une rainure (Euronot)<\/strong><\/p>\n<p>L&#039;ASSA 760 poss\u00e8de un <strong>Bo\u00eete de frein \u00e9troite de 16 mm<\/strong> qui est con\u00e7u pour s&#039;ins\u00e9rer dans une rainure frais\u00e9e d&#039;une fen\u00eatre ou d&#039;une porte-fen\u00eatre.<\/p>\n<p>Par cons\u00e9quent, v\u00e9rifiez que votre frein actuel s&#039;ins\u00e8re bien dans une rainure de la porte ou de la fen\u00eatre avant de passer commande.<\/p>\n<p><img decoding=\"async\" style=\"max-width: 150px;width: 100%;margin-top: 10px;border-radius: 6px\" src=\"https:\/\/secureus.se\/wp-content\/uploads\/2024\/12\/fonsterbroms-760-4-1-150x150.jpg\" alt=\"But\u00e9e de fen\u00eatre dans la rainure Euronot 16 mm\" \/><\/p>\n<\/div>","protected":false},"featured_media":137318,"template":"","meta":{"_acf_changed":false},"product_brand":[],"product_cat":[3126,4797],"product_tag":[4801,4863],"class_list":{"0":"post-97443","1":"product","2":"type-product","3":"status-publish","4":"has-post-thumbnail","6":"product_cat-fonsterbroms","7":"product_cat-assa-760","8":"product_tag-257mm","9":"product_tag-pf","10":"product_shipping_class-tunga-paket","11":"pa_brands-abloy","12":"tm-no-options","14":"first","15":"onbackorder","16":"taxable","17":"shipping-taxable","18":"purchasable","19":"product-type-simple"},"acf":[],"_links":{"self":[{"href":"https:\/\/secureus.se\/fr\/wp-json\/wp\/v2\/product\/97443","targetHints":{"allow":["GET"]}}],"collection":[{"href":"https:\/\/secureus.se\/fr\/wp-json\/wp\/v2\/product"}],"about":[{"href":"https:\/\/secureus.se\/fr\/wp-json\/wp\/v2\/types\/product"}],"wp:featuredmedia":[{"embeddable":true,"href":"https:\/\/secureus.se\/fr\/wp-json\/wp\/v2\/media\/137318"}],"wp:attachment":[{"href":"https:\/\/secureus.se\/fr\/wp-json\/wp\/v2\/media?parent=97443"}],"wp:term":[{"taxonomy":"product_brand","embeddable":true,"href":"https:\/\/secureus.se\/fr\/wp-json\/wp\/v2\/product_brand?post=97443"},{"taxonomy":"product_cat","embeddable":true,"href":"https:\/\/secureus.se\/fr\/wp-json\/wp\/v2\/product_cat?post=97443"},{"taxonomy":"product_tag","embeddable":true,"href":"https:\/\/secureus.se\/fr\/wp-json\/wp\/v2\/product_tag?post=97443"}],"curies":[{"name":"wp","href":"https:\/\/api.w.org\/{rel}","templated":true}]}}