{"id":97512,"date":"2024-08-21T19:29:08","date_gmt":"2024-08-21T17:29:08","guid":{"rendered":"https:\/\/secureus.se\/?post_type=product&#038;p=97512"},"modified":"2026-04-08T15:36:23","modified_gmt":"2026-04-08T13:36:23","slug":"trycke-dallas-1643-id-35-55mm-f9714m-mattsvart","status":"publish","type":"product","link":"https:\/\/secureus.se\/fr\/trycke-dallas-1643-id-35-55mm-f9714m-mattsvart\/","title":{"rendered":"Poign\u00e9e de porte Dallas 1643 ID 35-55mm F9714M Noir mat \u2013 HOPPE"},"content":{"rendered":"<p>\nImpression HOPPE avec mini rosaces pour portes int\u00e9rieures de la s\u00e9rie Dallas. Tous les d\u00e9tails visibles sont en aluminium. Avec ressort de rappel double effet et fixation Kvick-i-Sprint, ce qui signifie que le montage se fait enti\u00e8rement sans vis.<\/p>\n<p><b>Propri\u00e9t\u00e9s:<\/b><\/p>\n<ul>\n<li>R\u00e9pond aux exigences en mati\u00e8re de d\u00e9p\u00f4t de nickel - hypoallerg\u00e9nique<\/li>\n<li>\u00c9paisseur de la porte 35-55 mm.<\/li>\n<li>Aiguille d&#039;impression 8\u00d78 mm<\/li>\n<li>Mini rosaces d&#039;un diam\u00e8tre ext\u00e9rieur de 28 mm<\/li>\n<li>Mat\u00e9riel: Aluminium<\/li>\n<li>Couleur: F9714M noir<\/li>\n<li>Garantie fonctionnelle de 10 ans.<\/li>\n<\/ul>","protected":false},"excerpt":{"rendered":"<p>Impression HOPPE avec mini rosaces pour portes int\u00e9rieures de la s\u00e9rie Dallas. Tous les d\u00e9tails visibles sont en aluminium. Avec ressort de rappel double effet et fixation Kvick-i-Sprint, ce qui signifie que le montage se fait enti\u00e8rement sans vis.<\/p>","protected":false},"featured_media":136526,"template":"","meta":{"_acf_changed":false},"product_brand":[],"product_cat":[4124],"product_tag":[],"class_list":{"0":"post-97512","1":"product","2":"type-product","3":"status-publish","4":"has-post-thumbnail","6":"product_cat-dorrhandtag-innerdorr","7":"product_shipping_class-postnord-varubrev","8":"pa_brands-hoppe","9":"tm-no-options","11":"first","12":"instock","13":"sale","14":"taxable","15":"shipping-taxable","16":"purchasable","17":"product-type-simple"},"acf":[],"_links":{"self":[{"href":"https:\/\/secureus.se\/fr\/wp-json\/wp\/v2\/product\/97512","targetHints":{"allow":["GET"]}}],"collection":[{"href":"https:\/\/secureus.se\/fr\/wp-json\/wp\/v2\/product"}],"about":[{"href":"https:\/\/secureus.se\/fr\/wp-json\/wp\/v2\/types\/product"}],"wp:featuredmedia":[{"embeddable":true,"href":"https:\/\/secureus.se\/fr\/wp-json\/wp\/v2\/media\/136526"}],"wp:attachment":[{"href":"https:\/\/secureus.se\/fr\/wp-json\/wp\/v2\/media?parent=97512"}],"wp:term":[{"taxonomy":"product_brand","embeddable":true,"href":"https:\/\/secureus.se\/fr\/wp-json\/wp\/v2\/product_brand?post=97512"},{"taxonomy":"product_cat","embeddable":true,"href":"https:\/\/secureus.se\/fr\/wp-json\/wp\/v2\/product_cat?post=97512"},{"taxonomy":"product_tag","embeddable":true,"href":"https:\/\/secureus.se\/fr\/wp-json\/wp\/v2\/product_tag?post=97512"}],"curies":[{"name":"wp","href":"https:\/\/api.w.org\/{rel}","templated":true}]}}