{"id":97522,"date":"2024-08-21T19:29:09","date_gmt":"2024-08-21T17:29:09","guid":{"rendered":"https:\/\/secureus.se\/?post_type=product&#038;p=97522"},"modified":"2026-04-23T12:04:11","modified_gmt":"2026-04-23T10:04:11","slug":"trycke-1930-40-75mm-svart-nickel","status":"publish","type":"product","link":"https:\/\/secureus.se\/fr\/trycke-1930-40-75mm-svart-nickel\/","title":{"rendered":"Poign\u00e9e de porte Trycke 1930 40-75mm Noir\/Nickel \u2013 Assa Abloy"},"content":{"rendered":"<div>ASSA ABLOY 1930 est une poign\u00e9e de porte dont le design repr\u00e9sente un croisement entre deux \u00e9poques auparavant incompatibles. En partie les imprim\u00e9s \u00ab noueux \u00bb des manches des ann\u00e9es 1880 et 1890, souvent avec l&#039;ancien col en T fa\u00e7onn\u00e9 de cette fa\u00e7on en raison d&#039;anciennes techniques de forge, en partie \u00e0 partir des simples imprim\u00e9s funky des ann\u00e9es 1930. 1930 fait partie de la s\u00e9rie ASSA ABLOY Epok. Convient pour les portes ext\u00e9rieures, les portes d&#039;entr\u00e9e et les portes int\u00e9rieures avec serrures modulaires.<\/div>\n<div><b><br \/>Propri\u00e9t\u00e9s:<\/b><\/div>\n<div>\n<ul>\n<li>Mat\u00e9riel: Laiton<\/li>\n<li>Traitement de surface : Col en nickel, chrome mat, chrome poli, laiton poli<\/li>\n<li>Poign\u00e9e en rev\u00eatement par poudre blanc (RAL 1013), noir (RAL 8022) ou vert (RAL 6028) ou nickel, chrome mat, chrome brillant, laiton bross\u00e9 mat, laiton poli\u00a0<\/li>\n<li>Ressort de rappel qui soulage le ressort du rameur du bo\u00eetier de verrouillage et aide la pression \u00e0 rester en position horizontale<\/li>\n<li>Livraison standard pour une \u00e9paisseur de porte de 40 \u00e0 75 mm<\/li>\n<li>Rosace : \u00d8 52 mm<\/li>\n<li>Compatible avec le bo\u00eetier de verrouillage du module Connect\/Classic.<\/li>\n<li>Ne convient pas au bo\u00eetier de serrure ABLOY 2014 ou au bo\u00eetier de porte int\u00e9rieur \u00e9quivalent.<\/li>\n<li>Pour porte ext\u00e9rieure\/int\u00e9rieure<\/li>\n<\/ul>\n<\/div>\n<div><b><br \/>Le paquet contient :<\/b><\/div>\n<div>\n<ul>\n<li>2 pi\u00e8ces. Pressage des moiti\u00e9s (poign\u00e9es).<\/li>\n<li>2 pi\u00e8ces. Vis \u00e0 pression M5. (tourner la vis)<\/li>\n<li>2 joints toriques.<\/li>\n<li>2 pi\u00e8ces. \u00c9crou \u00e0 douille M5.<\/li>\n<li>2 pi\u00e8ces. \u00c9pingles d&#039;impression 8x8x102 mm et 8x8x120 mm.<\/li>\n<\/ul>\n<\/div>\n<div><\/div>","protected":false},"excerpt":{"rendered":"<p>ASSA ABLOY 1930 \u00e4r ett d\u00f6rrtrycke med design av en korsning mellan tv\u00e5 tidigare of\u00f6renliga epoker. Dels 1880- och 1890-talets &#8220;knoppiga&#8221; hylstrycken, ofta med den \u00e4ldre T-halsen formad s\u00e5 p\u00e5<\/p>","protected":false},"featured_media":137278,"template":"","meta":{"_acf_changed":false},"product_brand":[],"product_cat":[4124,4125],"product_tag":[],"class_list":{"0":"post-97522","1":"product","2":"type-product","3":"status-publish","4":"has-post-thumbnail","6":"product_cat-dorrhandtag-innerdorr","7":"product_cat-dorrhandtag-ytterdorr","8":"product_shipping_class-postnord-varubrev","9":"pa_brands-abloy","10":"tm-no-options","12":"first","13":"instock","14":"sale","15":"taxable","16":"shipping-taxable","17":"purchasable","18":"product-type-simple"},"acf":[],"_links":{"self":[{"href":"https:\/\/secureus.se\/fr\/wp-json\/wp\/v2\/product\/97522","targetHints":{"allow":["GET"]}}],"collection":[{"href":"https:\/\/secureus.se\/fr\/wp-json\/wp\/v2\/product"}],"about":[{"href":"https:\/\/secureus.se\/fr\/wp-json\/wp\/v2\/types\/product"}],"wp:featuredmedia":[{"embeddable":true,"href":"https:\/\/secureus.se\/fr\/wp-json\/wp\/v2\/media\/137278"}],"wp:attachment":[{"href":"https:\/\/secureus.se\/fr\/wp-json\/wp\/v2\/media?parent=97522"}],"wp:term":[{"taxonomy":"product_brand","embeddable":true,"href":"https:\/\/secureus.se\/fr\/wp-json\/wp\/v2\/product_brand?post=97522"},{"taxonomy":"product_cat","embeddable":true,"href":"https:\/\/secureus.se\/fr\/wp-json\/wp\/v2\/product_cat?post=97522"},{"taxonomy":"product_tag","embeddable":true,"href":"https:\/\/secureus.se\/fr\/wp-json\/wp\/v2\/product_tag?post=97522"}],"curies":[{"name":"wp","href":"https:\/\/api.w.org\/{rel}","templated":true}]}}