{"id":97524,"date":"2024-08-21T19:29:09","date_gmt":"2024-08-21T17:29:09","guid":{"rendered":"https:\/\/secureus.se\/?post_type=product&#038;p=97524"},"modified":"2026-04-23T12:04:09","modified_gmt":"2026-04-23T10:04:09","slug":"trycke-a1871-38-42mm-mattkrom","status":"publish","type":"product","link":"https:\/\/secureus.se\/fr\/trycke-a1871-38-42mm-mattkrom\/","title":{"rendered":"Poign\u00e9e de porte \u00e0 poussoir A1871 38-42 mm Chrome mat \u2013 Habo"},"content":{"rendered":"<p>A1871 est une poign\u00e9e de porte en zinc\/zamak avec une rosace en m\u00e9tal de habo. Destin\u00e9 aux portes int\u00e9rieures. Mod\u00e8le traditionnel qui s&#039;adapte aussi bien aux portes miroir qu&#039;aux portes lisses.<\/p>\n<div><b>Propri\u00e9t\u00e9s:\u00a0<\/b><\/div>\n<div>\n<ul>\n<li>Convient \u00e0 une \u00e9paisseur de porte de 38 \u00e0 42 mm.\u00a0<\/li>\n<li>Projection 48 mm.<\/li>\n<li>Sans ressort de rappel<\/li>\n<\/ul>\n<\/div>","protected":false},"excerpt":{"rendered":"<p>A1871 est une poign\u00e9e de porte en zinc\/zamak avec une rosace en m\u00e9tal de habo. Destin\u00e9 aux portes int\u00e9rieures. Mod\u00e8le traditionnel qui s&#039;adapte aussi bien aux portes miroir qu&#039;aux portes lisses. Caract\u00e9ristiques\u00a0: convient aux portes d&#039;une \u00e9paisseur de 38 \u00e0 42<\/p>","protected":false},"featured_media":137834,"template":"","meta":{"_acf_changed":false},"product_brand":[],"product_cat":[4124],"product_tag":[],"class_list":{"0":"post-97524","1":"product","2":"type-product","3":"status-publish","4":"has-post-thumbnail","6":"product_cat-dorrhandtag-innerdorr","7":"product_shipping_class-postnord-varubrev","8":"pa_brands-habo","9":"tm-no-options","11":"first","12":"outofstock","13":"sale","14":"taxable","15":"shipping-taxable","16":"purchasable","17":"product-type-simple"},"acf":[],"_links":{"self":[{"href":"https:\/\/secureus.se\/fr\/wp-json\/wp\/v2\/product\/97524","targetHints":{"allow":["GET"]}}],"collection":[{"href":"https:\/\/secureus.se\/fr\/wp-json\/wp\/v2\/product"}],"about":[{"href":"https:\/\/secureus.se\/fr\/wp-json\/wp\/v2\/types\/product"}],"wp:featuredmedia":[{"embeddable":true,"href":"https:\/\/secureus.se\/fr\/wp-json\/wp\/v2\/media\/137834"}],"wp:attachment":[{"href":"https:\/\/secureus.se\/fr\/wp-json\/wp\/v2\/media?parent=97524"}],"wp:term":[{"taxonomy":"product_brand","embeddable":true,"href":"https:\/\/secureus.se\/fr\/wp-json\/wp\/v2\/product_brand?post=97524"},{"taxonomy":"product_cat","embeddable":true,"href":"https:\/\/secureus.se\/fr\/wp-json\/wp\/v2\/product_cat?post=97524"},{"taxonomy":"product_tag","embeddable":true,"href":"https:\/\/secureus.se\/fr\/wp-json\/wp\/v2\/product_tag?post=97524"}],"curies":[{"name":"wp","href":"https:\/\/api.w.org\/{rel}","templated":true}]}}