{"id":97548,"date":"2024-08-21T19:29:10","date_gmt":"2024-08-21T17:29:10","guid":{"rendered":"https:\/\/secureus.se\/?post_type=product&#038;p=97548"},"modified":"2026-04-08T15:35:53","modified_gmt":"2026-04-08T13:35:53","slug":"trycke-new-york-1810-ej-rosett-70-85mm-f1-silver","status":"publish","type":"product","link":"https:\/\/secureus.se\/fr\/trycke-new-york-1810-ej-rosett-70-85mm-f1-silver\/","title":{"rendered":"Bouton de poign\u00e9e de porte New York 1810 sans rosace 70-85mm F1 Argent \u2013 HOPPE"},"content":{"rendered":"<p>\nPoign\u00e9e HOPPE New York, s\u00e9rie Duraplus, en aluminium F1, pour porte d&#039;entr\u00e9e. Livr\u00e9 sans archet. Avec sa fixation unique avec Kvick-i-Sprint, l&#039;ensemble est plus stable et ne n\u00e9cessite pas non plus d&#039;\u00eatre viss\u00e9.<\/p>\n<div><\/div>\n<div><b>Propri\u00e9t\u00e9s:<\/b><\/p>\n<ul>\n<li>R\u00e9pond aux exigences en mati\u00e8re de d\u00e9p\u00f4t de nickel - hypoallerg\u00e9nique<\/li>\n<li>\u00c9paisseur de la porte 70-85 mm.<\/li>\n<li>Aiguille d&#039;impression 8\u00d78 mm<\/li>\n<li>Pour serrures de portes int\u00e9rieures type 2014<\/li>\n<li>Mat\u00e9riel: Aluminium<\/li>\n<li>Couleur: F1 Argent<\/li>\n<li>Garantie fonctionnelle de 10 ans.<\/li>\n<\/ul>\n<\/div>","protected":false},"excerpt":{"rendered":"<p>Poign\u00e9e HOPPE New York, s\u00e9rie Duraplus, en aluminium F1, pour porte d&#039;entr\u00e9e. Livr\u00e9 sans archet. Avec sa fixation unique avec Kvick-i-Sprint, l&#039;ensemble est plus stable et ne n\u00e9cessite pas non plus d&#039;\u00eatre viss\u00e9. Caract\u00e9ristiques\u00a0: Conforme<\/p>","protected":false},"featured_media":137236,"template":"","meta":{"_acf_changed":false},"product_brand":[],"product_cat":[4124,4125],"product_tag":[],"class_list":{"0":"post-97548","1":"product","2":"type-product","3":"status-publish","4":"has-post-thumbnail","6":"product_cat-dorrhandtag-innerdorr","7":"product_cat-dorrhandtag-ytterdorr","8":"product_shipping_class-postnord-varubrev","9":"pa_brands-hoppe","10":"tm-no-options","12":"first","13":"instock","14":"sale","15":"taxable","16":"shipping-taxable","17":"purchasable","18":"product-type-simple"},"acf":[],"_links":{"self":[{"href":"https:\/\/secureus.se\/fr\/wp-json\/wp\/v2\/product\/97548","targetHints":{"allow":["GET"]}}],"collection":[{"href":"https:\/\/secureus.se\/fr\/wp-json\/wp\/v2\/product"}],"about":[{"href":"https:\/\/secureus.se\/fr\/wp-json\/wp\/v2\/types\/product"}],"wp:featuredmedia":[{"embeddable":true,"href":"https:\/\/secureus.se\/fr\/wp-json\/wp\/v2\/media\/137236"}],"wp:attachment":[{"href":"https:\/\/secureus.se\/fr\/wp-json\/wp\/v2\/media?parent=97548"}],"wp:term":[{"taxonomy":"product_brand","embeddable":true,"href":"https:\/\/secureus.se\/fr\/wp-json\/wp\/v2\/product_brand?post=97548"},{"taxonomy":"product_cat","embeddable":true,"href":"https:\/\/secureus.se\/fr\/wp-json\/wp\/v2\/product_cat?post=97548"},{"taxonomy":"product_tag","embeddable":true,"href":"https:\/\/secureus.se\/fr\/wp-json\/wp\/v2\/product_tag?post=97548"}],"curies":[{"name":"wp","href":"https:\/\/api.w.org\/{rel}","templated":true}]}}