{"id":97550,"date":"2024-08-21T19:29:11","date_gmt":"2024-08-21T17:29:11","guid":{"rendered":"https:\/\/secureus.se\/?post_type=product&#038;p=97550"},"modified":"2026-03-30T11:58:37","modified_gmt":"2026-03-30T09:58:37","slug":"trycke-stockholm-1140-id-37-42mm-f9-rostfritt-utseende","status":"publish","type":"product","link":"https:\/\/secureus.se\/fr\/trycke-stockholm-1140-id-37-42mm-f9-rostfritt-utseende\/","title":{"rendered":"Poign\u00e9e de porte Push Stockholm 1140 ID 37-42mm F9 Aspect inox \u2013 HOPPE"},"content":{"rendered":"<div>\n<div>\n<div>\n<p>Tableau complet HOPPE avec plaque \u00e0 cl\u00e9 pour porte int\u00e9rieure de la s\u00e9rie Stockholm. Tous les d\u00e9tails visibles sont en aluminium avec des rosaces pour une fixation cach\u00e9e. Avec ressort de rappel double effet et fixation Quick-in-Sprint.<\/p>\n<p><b>Propri\u00e9t\u00e9s:<\/b><\/p>\n<ul>\n<li>R\u00e9pond aux exigences en mati\u00e8re de d\u00e9p\u00f4t de nickel - hypoallerg\u00e9nique<\/li>\n<li>\u00c9paisseur de la porte 37-42 mm.<\/li>\n<li>Aiguille d&#039;impression 8\u00d78 mm<\/li>\n<li>Pour serrures de portes int\u00e9rieures type 2014<\/li>\n<li>Mat\u00e9riel: Aluminium<\/li>\n<li>Couleur : F9 Aspect Inox<\/li>\n<li>Garantie fonctionnelle de 10 ans.<\/li>\n<\/ul>\n<\/div>\n<div>&#8220;Rekommenderas&#8221; hos Byggvarubed\u00f6mningen.<\/div>\n<\/div>\n<div><\/div>\n<div><\/div>\n<div><\/div>\n<p>&nbsp;<\/p>\n<\/div>","protected":false},"excerpt":{"rendered":"<header class=\"product-header\">\n<div class=\"short description product-short-description\">\n<p>Poign\u00e9e de porte int\u00e9rieure HOPPE Stockholm, abat-jour en acier inoxydable F9 avec plaque de cl\u00e9.<\/p>\n<\/div>\n<\/header>","protected":false},"featured_media":137814,"template":"","meta":{"_acf_changed":false},"product_brand":[],"product_cat":[4124],"product_tag":[],"class_list":{"0":"post-97550","1":"product","2":"type-product","3":"status-publish","4":"has-post-thumbnail","6":"product_cat-dorrhandtag-innerdorr","7":"product_shipping_class-postnord-varubrev","8":"pa_brands-hoppe","9":"tm-no-options","11":"first","12":"instock","13":"sale","14":"taxable","15":"shipping-taxable","16":"purchasable","17":"product-type-simple"},"acf":[],"_links":{"self":[{"href":"https:\/\/secureus.se\/fr\/wp-json\/wp\/v2\/product\/97550","targetHints":{"allow":["GET"]}}],"collection":[{"href":"https:\/\/secureus.se\/fr\/wp-json\/wp\/v2\/product"}],"about":[{"href":"https:\/\/secureus.se\/fr\/wp-json\/wp\/v2\/types\/product"}],"wp:featuredmedia":[{"embeddable":true,"href":"https:\/\/secureus.se\/fr\/wp-json\/wp\/v2\/media\/137814"}],"wp:attachment":[{"href":"https:\/\/secureus.se\/fr\/wp-json\/wp\/v2\/media?parent=97550"}],"wp:term":[{"taxonomy":"product_brand","embeddable":true,"href":"https:\/\/secureus.se\/fr\/wp-json\/wp\/v2\/product_brand?post=97550"},{"taxonomy":"product_cat","embeddable":true,"href":"https:\/\/secureus.se\/fr\/wp-json\/wp\/v2\/product_cat?post=97550"},{"taxonomy":"product_tag","embeddable":true,"href":"https:\/\/secureus.se\/fr\/wp-json\/wp\/v2\/product_tag?post=97550"}],"curies":[{"name":"wp","href":"https:\/\/api.w.org\/{rel}","templated":true}]}}