{"id":97560,"date":"2024-08-21T19:29:11","date_gmt":"2024-08-21T17:29:11","guid":{"rendered":"https:\/\/secureus.se\/?post_type=product&#038;p=97560"},"modified":"2026-03-25T15:37:15","modified_gmt":"2026-03-25T14:37:15","slug":"trycke-new-york-38-70mm-mattkrom","status":"publish","type":"product","link":"https:\/\/secureus.se\/fr\/trycke-new-york-38-70mm-mattkrom\/","title":{"rendered":"Poign\u00e9e de porte Push New York 38-70mm Chrome mat \u2013 Habo"},"content":{"rendered":"<p>\nLa poign\u00e9e de porte New York de habo est une poign\u00e9e \u00e9l\u00e9gante et compacte au design moderne. Fabriqu\u00e9 en laiton et destin\u00e9 \u00e0 la porte d&#039;entr\u00e9e avec coffre de serrure modulaire. Avec son ressort de rappel double effet, la poign\u00e9e fonctionne \u00e9galement avec les bo\u00eetiers de serrure o\u00f9 le verrouillage s&#039;effectue en soulevant la poign\u00e9e. \u00c9galement disponible en poign\u00e9e de porte int\u00e9rieure.<\/p>\n<div><b>Propri\u00e9t\u00e9s:<\/b>\u00a0<\/div>\n<div>\n<ul>\n<li>Convient \u00e0 une \u00e9paisseur de porte de 38 \u00e0 70 mm.\u00a0<\/li>\n<li>Projection 60 mm.<\/li>\n<li>Avec ressort de rappel double effet.<\/li>\n<li>Compatible avec le bo\u00eetier de verrouillage du module Connect\/Classic.<\/li>\n<li>Ne convient pas au bo\u00eetier de serrure ABLOY 2014 ou au bo\u00eetier de porte int\u00e9rieur \u00e9quivalent.<\/li>\n<\/ul>\n<\/div>","protected":false},"excerpt":{"rendered":"<p>La poign\u00e9e de porte New York de habo est une poign\u00e9e \u00e9l\u00e9gante et compacte au design moderne. Fabriqu\u00e9 en laiton et destin\u00e9 \u00e0 la porte d&#039;entr\u00e9e avec coffre de serrure modulaire. Avec son ressort de rappel double effet, la poign\u00e9e fonctionne<\/p>","protected":false},"featured_media":136889,"template":"","meta":{"_acf_changed":false},"product_brand":[],"product_cat":[4124,4125],"product_tag":[],"class_list":{"0":"post-97560","1":"product","2":"type-product","3":"status-publish","4":"has-post-thumbnail","6":"product_cat-dorrhandtag-innerdorr","7":"product_cat-dorrhandtag-ytterdorr","8":"product_shipping_class-postnord-varubrev","9":"pa_brands-habo","10":"tm-no-options","12":"first","13":"instock","14":"sale","15":"taxable","16":"shipping-taxable","17":"purchasable","18":"product-type-simple"},"acf":[],"_links":{"self":[{"href":"https:\/\/secureus.se\/fr\/wp-json\/wp\/v2\/product\/97560","targetHints":{"allow":["GET"]}}],"collection":[{"href":"https:\/\/secureus.se\/fr\/wp-json\/wp\/v2\/product"}],"about":[{"href":"https:\/\/secureus.se\/fr\/wp-json\/wp\/v2\/types\/product"}],"wp:featuredmedia":[{"embeddable":true,"href":"https:\/\/secureus.se\/fr\/wp-json\/wp\/v2\/media\/136889"}],"wp:attachment":[{"href":"https:\/\/secureus.se\/fr\/wp-json\/wp\/v2\/media?parent=97560"}],"wp:term":[{"taxonomy":"product_brand","embeddable":true,"href":"https:\/\/secureus.se\/fr\/wp-json\/wp\/v2\/product_brand?post=97560"},{"taxonomy":"product_cat","embeddable":true,"href":"https:\/\/secureus.se\/fr\/wp-json\/wp\/v2\/product_cat?post=97560"},{"taxonomy":"product_tag","embeddable":true,"href":"https:\/\/secureus.se\/fr\/wp-json\/wp\/v2\/product_tag?post=97560"}],"curies":[{"name":"wp","href":"https:\/\/api.w.org\/{rel}","templated":true}]}}