{"id":97562,"date":"2024-08-21T19:29:11","date_gmt":"2024-08-21T17:29:11","guid":{"rendered":"https:\/\/secureus.se\/?post_type=product&#038;p=97562"},"modified":"2026-03-25T15:37:03","modified_gmt":"2026-03-25T14:37:03","slug":"trycke-1937-40-75mm-mattkrom","status":"publish","type":"product","link":"https:\/\/secureus.se\/fr\/trycke-1937-40-75mm-mattkrom\/","title":{"rendered":"Poign\u00e9e de porte Trycke 1937 40-75mm Chrome mat \u2013 Assa Abloy"},"content":{"rendered":"<div>ASSA ABLOY 1937 est une poign\u00e9e funky moderne con\u00e7ue pour \u00eatre fonctionnelle. Les \u00e9l\u00e9ments d\u00e9coratifs ont \u00e9t\u00e9 rationalis\u00e9s dans les ann\u00e9es 1930 et pourtant c&#039;est la simplicit\u00e9 qui fait sa beaut\u00e9. 1937 fait partie de la s\u00e9rie ASSA ABLOY Epok. Convient pour les portes ext\u00e9rieures, les portes d&#039;entr\u00e9e et les portes int\u00e9rieures avec serrures modulaires.<\/p>\n<p><b>Propri\u00e9t\u00e9s:<\/b><\/p>\n<ul>\n<li>Mat\u00e9riel: laiton<\/li>\n<li>Disponible en plusieurs finitions d\u00e9coratives\u00a0; Prion, Nickel, Chrome, Chrome mat, Laiton poli, Laiton bross\u00e9, Noir mat MIRUS.<\/li>\n<li>Ressort de rappel qui soulage le ressort du rameur du bo\u00eetier de verrouillage et aide la pression \u00e0 rester en position horizontale<\/li>\n<li>Livraison standard pour une \u00e9paisseur de porte de 40 \u00e0 75 mm<\/li>\n<li>Rosace : \u00d8 52 mm<\/li>\n<li>Compatible avec le bo\u00eetier de verrouillage du module Connect\/Classic.<\/li>\n<li>Ne convient pas au bo\u00eetier de serrure ABLOY 2014 ou au bo\u00eetier de porte int\u00e9rieur \u00e9quivalent.<\/li>\n<li>Pour porte ext\u00e9rieure\/int\u00e9rieure<\/li>\n<\/ul>\n<div><b>Le paquet contient :<\/b><\/div>\n<div>\n<ul>\n<li>2 pi\u00e8ces. Pressage des moiti\u00e9s (poign\u00e9es).<\/li>\n<li>2 pi\u00e8ces. Vis \u00e0 pression M5. (tourner la vis)<\/li>\n<li>2 joints toriques.<\/li>\n<li>2 pi\u00e8ces. \u00c9crou \u00e0 douille M5.<\/li>\n<li>2 pi\u00e8ces. \u00c9pingles d&#039;impression 8x8x102 mm et 8x8x120 mm.<\/li>\n<\/ul>\n<\/div>\n<\/div>","protected":false},"excerpt":{"rendered":"<p>ASSA ABLOY 1937 \u00e4r ett modernt funkishandtag utformat med funktionen i fokus. Dekorativa inslag rationaliserades bort p\u00e5 1930-talet och \u00e4nd\u00e5 \u00e4r det enkelheten som g\u00f6r det vackert. 1937 ing\u00e5r i<\/p>","protected":false},"featured_media":136634,"template":"","meta":{"_acf_changed":false},"product_brand":[],"product_cat":[4124,4125],"product_tag":[],"class_list":{"0":"post-97562","1":"product","2":"type-product","3":"status-publish","4":"has-post-thumbnail","6":"product_cat-dorrhandtag-innerdorr","7":"product_cat-dorrhandtag-ytterdorr","8":"product_shipping_class-postnord-varubrev","9":"pa_brands-abloy","10":"tm-no-options","12":"first","13":"instock","14":"sale","15":"taxable","16":"shipping-taxable","17":"purchasable","18":"product-type-simple"},"acf":[],"_links":{"self":[{"href":"https:\/\/secureus.se\/fr\/wp-json\/wp\/v2\/product\/97562","targetHints":{"allow":["GET"]}}],"collection":[{"href":"https:\/\/secureus.se\/fr\/wp-json\/wp\/v2\/product"}],"about":[{"href":"https:\/\/secureus.se\/fr\/wp-json\/wp\/v2\/types\/product"}],"wp:featuredmedia":[{"embeddable":true,"href":"https:\/\/secureus.se\/fr\/wp-json\/wp\/v2\/media\/136634"}],"wp:attachment":[{"href":"https:\/\/secureus.se\/fr\/wp-json\/wp\/v2\/media?parent=97562"}],"wp:term":[{"taxonomy":"product_brand","embeddable":true,"href":"https:\/\/secureus.se\/fr\/wp-json\/wp\/v2\/product_brand?post=97562"},{"taxonomy":"product_cat","embeddable":true,"href":"https:\/\/secureus.se\/fr\/wp-json\/wp\/v2\/product_cat?post=97562"},{"taxonomy":"product_tag","embeddable":true,"href":"https:\/\/secureus.se\/fr\/wp-json\/wp\/v2\/product_tag?post=97562"}],"curies":[{"name":"wp","href":"https:\/\/api.w.org\/{rel}","templated":true}]}}