{"id":97564,"date":"2024-08-21T19:29:11","date_gmt":"2024-08-21T17:29:11","guid":{"rendered":"https:\/\/secureus.se\/?post_type=product&#038;p=97564"},"modified":"2026-04-08T15:35:48","modified_gmt":"2026-04-08T13:35:48","slug":"trycke-basics-lb2-19s-mattsvart","status":"publish","type":"product","link":"https:\/\/secureus.se\/fr\/trycke-basics-lb2-19s-mattsvart\/","title":{"rendered":"Poign\u00e9e de porte Push BASICS LB2-19S Noir Mat \u2013 FORMANI"},"content":{"rendered":"<div>FORMANI LB2-19S est une poign\u00e9e de porte de la s\u00e9rie BASICS, adapt\u00e9e aux bo\u00eetiers de serrure standard scandinaves. Le LB2-19S n&#039;a pas de ressort de rappel fixe, ce qui signifie qu&#039;il peut \u00eatre utilis\u00e9 aussi bien sur les serrures de porte int\u00e9rieures, les serrures modulaires que les serrures DIN. Une plaque \u00e0 cl\u00e9, une plaque de recouvrement et des accessoires de toilettes sont disponibles comme accessoires, ainsi qu&#039;un ressort de rappel, une vis plus longue et une tige de pression pour les portes plus \u00e9paisses.<\/div>\n<div>BASICS comprend diff\u00e9rents mod\u00e8les pour tous les budgets. Ceux-ci sont aussi discrets, simples et \u00e9pur\u00e9s que luxueux. Gr\u00e2ce \u00e0 son expression minimaliste, la s\u00e9rie BASICS s&#039;accorde parfaitement avec le style scandinave bien-aim\u00e9 (\u00e9galement connu sous le nom de style nordique). Avec FORMANI, il est possible d&#039;avoir un design coh\u00e9rent sur les am\u00e9nagements dans toute la maison, l&#039;appartement ou pour votre projet. La s\u00e9rie BASICS comprend des ferrures pour portes, fen\u00eatres et meubles.<\/div>\n<div><\/div>\n<div><b>Propri\u00e9t\u00e9s:<\/b><\/div>\n<div>\n<ul>\n<li>Concepteur: FORMANI<\/li>\n<li>Diam\u00e8tre de la rosace : 53 mm<\/li>\n<li>Pour \u00e9paisseur de porte jusqu&#039;\u00e0 60 mm<\/li>\n<li>Sans ressort de rappel (disponible en accessoire)<\/li>\n<li>Attache cach\u00e9e<\/li>\n<li>Convient pour module et petit bo\u00eetier de serrure de porte int\u00e9rieure type 2014<\/li>\n<li>Fixation C\/C 30 &amp; 38 mm<\/li>\n<li>Fabriqu\u00e9 en acier inoxydable<\/li>\n<li>Disponible en bronze, noir mat, PVD noir mat, PVD or mat, PVD gunmetal, blanc et acier inoxydable poli et bross\u00e9 mat.<\/li>\n<\/ul>\n<\/div>\n<div><\/div>\n<div><b>Le paquet contient :<\/b><\/div>\n<div>\n<ul>\n<li>2 pi\u00e8ces. Pressage des moiti\u00e9s (poign\u00e9es)<\/li>\n<li>2 pi\u00e8ces. Vis de pression M4x60 mm (tourner la vis)<\/li>\n<li>2 pi\u00e8ces. \u00c9crou \u00e0 manchon M4<\/li>\n<li>1 pi\u00e8ce. Goupille de pression 8x8x100 mm<\/li>\n<li>4 pi\u00e8ces. Vis \u00e0 bois<\/li>\n<li>1 pi\u00e8ce. Cl\u00e9 Allen<\/li>\n<\/ul>\n<\/div>","protected":false},"excerpt":{"rendered":"<p>FORMANI LB2-19S est une poign\u00e9e de porte de la s\u00e9rie BASICS, adapt\u00e9e aux bo\u00eetiers de serrure standard scandinaves. Le LB2-19S n&#039;a pas de ressort de rappel fixe, ce qui signifie qu&#039;il peut \u00eatre utilis\u00e9 aussi bien sur les serrures de porte int\u00e9rieures, les serrures modulaires que les serrures DIN.<\/p>","protected":false},"featured_media":136875,"template":"","meta":{"_acf_changed":false},"product_brand":[],"product_cat":[4124],"product_tag":[],"class_list":{"0":"post-97564","1":"product","2":"type-product","3":"status-publish","4":"has-post-thumbnail","6":"product_cat-dorrhandtag-innerdorr","7":"product_shipping_class-postnord-varubrev","8":"pa_brands-formani","9":"tm-no-options","11":"first","12":"instock","13":"sale","14":"taxable","15":"shipping-taxable","16":"purchasable","17":"product-type-simple"},"acf":[],"_links":{"self":[{"href":"https:\/\/secureus.se\/fr\/wp-json\/wp\/v2\/product\/97564","targetHints":{"allow":["GET"]}}],"collection":[{"href":"https:\/\/secureus.se\/fr\/wp-json\/wp\/v2\/product"}],"about":[{"href":"https:\/\/secureus.se\/fr\/wp-json\/wp\/v2\/types\/product"}],"wp:featuredmedia":[{"embeddable":true,"href":"https:\/\/secureus.se\/fr\/wp-json\/wp\/v2\/media\/136875"}],"wp:attachment":[{"href":"https:\/\/secureus.se\/fr\/wp-json\/wp\/v2\/media?parent=97564"}],"wp:term":[{"taxonomy":"product_brand","embeddable":true,"href":"https:\/\/secureus.se\/fr\/wp-json\/wp\/v2\/product_brand?post=97564"},{"taxonomy":"product_cat","embeddable":true,"href":"https:\/\/secureus.se\/fr\/wp-json\/wp\/v2\/product_cat?post=97564"},{"taxonomy":"product_tag","embeddable":true,"href":"https:\/\/secureus.se\/fr\/wp-json\/wp\/v2\/product_tag?post=97564"}],"curies":[{"name":"wp","href":"https:\/\/api.w.org\/{rel}","templated":true}]}}