{"id":97578,"date":"2024-08-21T19:29:12","date_gmt":"2024-08-21T17:29:12","guid":{"rendered":"https:\/\/secureus.se\/?post_type=product&#038;p=97578"},"modified":"2026-04-09T10:23:07","modified_gmt":"2026-04-09T08:23:07","slug":"trycke-1918-40-75mm-matt-massing","status":"publish","type":"product","link":"https:\/\/secureus.se\/fr\/trycke-1918-40-75mm-matt-massing\/","title":{"rendered":"Poign\u00e9e de porte Trycke 1918 40-75mm Laiton Mat \u2013 Assa Abloy"},"content":{"rendered":"<div>\n<div>\n<p>ASSA ABLOY 1918 est une poign\u00e9e de porte avec des mod\u00e8les directs des ann\u00e9es 1920. Cependant, il a \u00e9t\u00e9 l\u00e9g\u00e8rement plus grand et de forme plus marqu\u00e9e. Peut \u00eatre utilis\u00e9 \u00e0 n\u2019importe quelle \u00e9poque si l\u2019architecture a une \u00ab l\u00e9g\u00e8ret\u00e9 et \u00e9l\u00e9gance \u00bb. Le laiton s&#039;applique avant 1930, puis uni. Peut \u00eatre utilis\u00e9 dans n\u2019importe quelle maison moderne qui respire autre chose qu\u2019un fonctionnalisme extr\u00eame. 1918 fait partie de la s\u00e9rie ASSA ABLOY Epok. Convient pour les portes ext\u00e9rieures, les portes d&#039;entr\u00e9e et les portes int\u00e9rieures avec serrures modulaires.<\/p>\n<p><b>Propri\u00e9t\u00e9s:<\/b><\/p>\n<ul>\n<li>Mat\u00e9riel: laiton<\/li>\n<li>Disponible en plusieurs finitions d\u00e9coratives\u00a0; Prion, Nickel, Chrome, Chrome mat, Laiton poli, Laiton bross\u00e9, Noir mat MIRUS.<\/li>\n<li>Ressort de rappel qui soulage le ressort du rameur du bo\u00eetier de verrouillage et aide la pression \u00e0 rester en position horizontale<\/li>\n<li>Livraison standard pour une \u00e9paisseur de porte de 40 \u00e0 75 mm<\/li>\n<li>Rosace : \u00d8 52 mm<\/li>\n<li>Compatible avec le bo\u00eetier de verrouillage du module Connect\/Classic.<\/li>\n<li>Ne convient pas au bo\u00eetier de serrure ABLOY 2014 ou au bo\u00eetier de porte int\u00e9rieur \u00e9quivalent.<\/li>\n<li>Pour porte ext\u00e9rieure\/int\u00e9rieure<\/li>\n<\/ul>\n<div><b>Le paquet contient :<\/b><\/div>\n<div>\n<ul>\n<li>2 pi\u00e8ces. Pressage des moiti\u00e9s (poign\u00e9es).<\/li>\n<li>2 pi\u00e8ces. Vis \u00e0 pression M5. (tourner la vis)<\/li>\n<li>2 joints toriques.<\/li>\n<li>2 pi\u00e8ces. \u00c9crou \u00e0 douille M5.<\/li>\n<li>2 pi\u00e8ces. \u00c9pingles d&#039;impression 8x8x102 mm et 8x8x120 mm.<\/li>\n<\/ul>\n<\/div>\n<div><\/div>\n<\/div>\n<\/div>","protected":false},"excerpt":{"rendered":"<p>ASSA ABLOY 1918 est une poign\u00e9e de porte avec des mod\u00e8les directs des ann\u00e9es 1920. Cependant, il a \u00e9t\u00e9 l\u00e9g\u00e8rement plus grand et de forme plus marqu\u00e9e. Peut \u00eatre utilis\u00e9 \u00e0 n\u2019importe quelle \u00e9poque de l\u2019architecture<\/p>","protected":false},"featured_media":136614,"template":"","meta":{"_acf_changed":false},"product_brand":[],"product_cat":[4124,4125],"product_tag":[],"class_list":{"0":"post-97578","1":"product","2":"type-product","3":"status-publish","4":"has-post-thumbnail","6":"product_cat-dorrhandtag-innerdorr","7":"product_cat-dorrhandtag-ytterdorr","8":"product_shipping_class-postnord-varubrev","9":"pa_brands-abloy","10":"tm-no-options","12":"first","13":"instock","14":"sale","15":"taxable","16":"shipping-taxable","17":"purchasable","18":"product-type-simple"},"acf":[],"_links":{"self":[{"href":"https:\/\/secureus.se\/fr\/wp-json\/wp\/v2\/product\/97578","targetHints":{"allow":["GET"]}}],"collection":[{"href":"https:\/\/secureus.se\/fr\/wp-json\/wp\/v2\/product"}],"about":[{"href":"https:\/\/secureus.se\/fr\/wp-json\/wp\/v2\/types\/product"}],"wp:featuredmedia":[{"embeddable":true,"href":"https:\/\/secureus.se\/fr\/wp-json\/wp\/v2\/media\/136614"}],"wp:attachment":[{"href":"https:\/\/secureus.se\/fr\/wp-json\/wp\/v2\/media?parent=97578"}],"wp:term":[{"taxonomy":"product_brand","embeddable":true,"href":"https:\/\/secureus.se\/fr\/wp-json\/wp\/v2\/product_brand?post=97578"},{"taxonomy":"product_cat","embeddable":true,"href":"https:\/\/secureus.se\/fr\/wp-json\/wp\/v2\/product_cat?post=97578"},{"taxonomy":"product_tag","embeddable":true,"href":"https:\/\/secureus.se\/fr\/wp-json\/wp\/v2\/product_tag?post=97578"}],"curies":[{"name":"wp","href":"https:\/\/api.w.org\/{rel}","templated":true}]}}