{"id":97582,"date":"2024-08-21T19:29:12","date_gmt":"2024-08-21T17:29:12","guid":{"rendered":"https:\/\/secureus.se\/?post_type=product&#038;p=97582"},"modified":"2026-03-25T15:37:35","modified_gmt":"2026-03-25T14:37:35","slug":"trycke-696-40-57mm-nickel","status":"publish","type":"product","link":"https:\/\/secureus.se\/fr\/trycke-696-40-57mm-nickel\/","title":{"rendered":"Poign\u00e9e de porte Trycke 696 40-57mm Nickel \u2013 Assa Abloy"},"content":{"rendered":"<p>\nASSA ABLOY 696 est une poign\u00e9e de porte classique des ann\u00e9es 1950 et 1960 au design discret et bien r\u00e9alis\u00e9. La fonction est importante, mais le soin apport\u00e9 \u00e0 la personne reste clair. La poign\u00e9e est donc intemporelle et s&#039;adapte partout. Le 696 est sans ressort de rappel et fait partie de la s\u00e9rie ASSA ABLOY Classic. Pour portes ext\u00e9rieures et int\u00e9rieures.<\/p>\n<div><\/div>\n<div><b>Propri\u00e9t\u00e9s:<\/b><\/div>\n<div>\n<ul>\n<li>Mat\u00e9riel: Laiton<\/li>\n<li>Traitements de surfaces\u00a0; Prion, Nickel, Chrome, Chrome mat, Laiton poli, Laiton bross\u00e9, Noir mat MIRUS<\/li>\n<li>Livraison standard pour une \u00e9paisseur de porte de 40 \u00e0 57 mm<\/li>\n<li>Rosace : \u00d8 52 mm<\/li>\n<li>Sans ressort de rappel dans la rosace, ce qui signifie qu&#039;il s&#039;adapte \u00e9galement aux serrures de portes int\u00e9rieures type 2014<\/li>\n<li>Convient aux modules et aux petits bo\u00eetiers de serrure de porte int\u00e9rieure<\/li>\n<\/ul>\n<p><b>Le paquet contient :<\/b><\/p>\n<ul>\n<li>2 pi\u00e8ces. Pressage des moiti\u00e9s (poign\u00e9es).<\/li>\n<li>2 pi\u00e8ces. Vis \u00e0 pression M5. (tourner la vis)<\/li>\n<li>2 joints toriques.<\/li>\n<li>2 pi\u00e8ces. \u00c9crou \u00e0 douille M5.<\/li>\n<li>1 pi\u00e8ce. Goupille de pression 8x8x102 mm.<\/li>\n<\/ul>\n<\/div>","protected":false},"excerpt":{"rendered":"<p>ASSA ABLOY 696 est une poign\u00e9e de porte classique des ann\u00e9es 1950 et 1960 au design discret et bien r\u00e9alis\u00e9. La fonction est importante, mais le soin apport\u00e9 \u00e0 la personne reste clair. La poign\u00e9e est donc<\/p>","protected":false},"featured_media":136841,"template":"","meta":{"_acf_changed":false},"product_brand":[],"product_cat":[4124],"product_tag":[],"class_list":{"0":"post-97582","1":"product","2":"type-product","3":"status-publish","4":"has-post-thumbnail","6":"product_cat-dorrhandtag-innerdorr","7":"product_shipping_class-postnord-varubrev","8":"pa_brands-abloy","9":"tm-no-options","11":"first","12":"instock","13":"sale","14":"taxable","15":"shipping-taxable","16":"purchasable","17":"product-type-simple"},"acf":[],"_links":{"self":[{"href":"https:\/\/secureus.se\/fr\/wp-json\/wp\/v2\/product\/97582","targetHints":{"allow":["GET"]}}],"collection":[{"href":"https:\/\/secureus.se\/fr\/wp-json\/wp\/v2\/product"}],"about":[{"href":"https:\/\/secureus.se\/fr\/wp-json\/wp\/v2\/types\/product"}],"wp:featuredmedia":[{"embeddable":true,"href":"https:\/\/secureus.se\/fr\/wp-json\/wp\/v2\/media\/136841"}],"wp:attachment":[{"href":"https:\/\/secureus.se\/fr\/wp-json\/wp\/v2\/media?parent=97582"}],"wp:term":[{"taxonomy":"product_brand","embeddable":true,"href":"https:\/\/secureus.se\/fr\/wp-json\/wp\/v2\/product_brand?post=97582"},{"taxonomy":"product_cat","embeddable":true,"href":"https:\/\/secureus.se\/fr\/wp-json\/wp\/v2\/product_cat?post=97582"},{"taxonomy":"product_tag","embeddable":true,"href":"https:\/\/secureus.se\/fr\/wp-json\/wp\/v2\/product_tag?post=97582"}],"curies":[{"name":"wp","href":"https:\/\/api.w.org\/{rel}","templated":true}]}}