{"id":97584,"date":"2024-08-21T19:29:12","date_gmt":"2024-08-21T17:29:12","guid":{"rendered":"https:\/\/secureus.se\/?post_type=product&#038;p=97584"},"modified":"2026-04-08T15:39:08","modified_gmt":"2026-04-08T13:39:08","slug":"trycke-stockholm-1140-yd-65-75mm-f1silver","status":"publish","type":"product","link":"https:\/\/secureus.se\/fr\/trycke-stockholm-1140-yd-65-75mm-f1silver\/","title":{"rendered":"Poign\u00e9e de porte Push Stockholm 1140 YD 65-75mm F1Silver \u2013 HOPPE"},"content":{"rendered":"<div>\n<p>Impression compl\u00e8te HOPPE pour porte d&#039;entr\u00e9e de la s\u00e9rie Stockholm. Tous les d\u00e9tails visibles sont en aluminium avec des rosaces pour une fixation cach\u00e9e. Avec ressort de rappel double effet et fixation Quick-in-Sprint.<\/p>\n<p><b>Propri\u00e9t\u00e9s:<\/b><\/p>\n<ul>\n<li>R\u00e9pond aux exigences en mati\u00e8re de d\u00e9p\u00f4t de nickel - hypoallerg\u00e9nique<\/li>\n<li>\u00c9paisseur de porte 65-75 mm<\/li>\n<li>Aiguille d&#039;impression 8\u00d78 mm<\/li>\n<li>Convient aux \u00e9cluses scandinaves de 50 et 70 dorn<\/li>\n<li>Mat\u00e9riel: Aluminium<\/li>\n<li>Couleur: F1 Argent<\/li>\n<li>Garantie fonctionnelle de 10 ans<\/li>\n<\/ul>\n<\/div>\n<div><\/div>","protected":false},"excerpt":{"rendered":"<p>Impression compl\u00e8te HOPPE pour porte d&#039;entr\u00e9e de la s\u00e9rie Stockholm. Tous les d\u00e9tails visibles sont en aluminium avec des rosaces pour une fixation cach\u00e9e. Avec ressort de rappel double effet et fixation Quick-in-Sprint. Propri\u00e9t\u00e9s\u00a0: R\u00e9pond aux exigences de<\/p>","protected":false},"featured_media":137209,"template":"","meta":{"_acf_changed":false},"product_brand":[],"product_cat":[4125],"product_tag":[],"class_list":{"0":"post-97584","1":"product","2":"type-product","3":"status-publish","4":"has-post-thumbnail","6":"product_cat-dorrhandtag-ytterdorr","7":"product_shipping_class-postnord-varubrev","8":"pa_brands-hoppe","9":"tm-no-options","11":"first","12":"instock","13":"sale","14":"taxable","15":"shipping-taxable","16":"purchasable","17":"product-type-simple"},"acf":[],"_links":{"self":[{"href":"https:\/\/secureus.se\/fr\/wp-json\/wp\/v2\/product\/97584","targetHints":{"allow":["GET"]}}],"collection":[{"href":"https:\/\/secureus.se\/fr\/wp-json\/wp\/v2\/product"}],"about":[{"href":"https:\/\/secureus.se\/fr\/wp-json\/wp\/v2\/types\/product"}],"wp:featuredmedia":[{"embeddable":true,"href":"https:\/\/secureus.se\/fr\/wp-json\/wp\/v2\/media\/137209"}],"wp:attachment":[{"href":"https:\/\/secureus.se\/fr\/wp-json\/wp\/v2\/media?parent=97584"}],"wp:term":[{"taxonomy":"product_brand","embeddable":true,"href":"https:\/\/secureus.se\/fr\/wp-json\/wp\/v2\/product_brand?post=97584"},{"taxonomy":"product_cat","embeddable":true,"href":"https:\/\/secureus.se\/fr\/wp-json\/wp\/v2\/product_cat?post=97584"},{"taxonomy":"product_tag","embeddable":true,"href":"https:\/\/secureus.se\/fr\/wp-json\/wp\/v2\/product_tag?post=97584"}],"curies":[{"name":"wp","href":"https:\/\/api.w.org\/{rel}","templated":true}]}}