{"id":97619,"date":"2024-08-21T19:29:13","date_gmt":"2024-08-21T17:29:13","guid":{"rendered":"https:\/\/secureus.se\/?post_type=product&#038;p=97619"},"modified":"2026-04-08T15:35:24","modified_gmt":"2026-04-08T13:35:24","slug":"trycke-640-58-75mm-nickel","status":"publish","type":"product","link":"https:\/\/secureus.se\/fr\/trycke-640-58-75mm-nickel\/","title":{"rendered":"Poign\u00e9e de porte Trycke 640 58-75mm Nickel \u2013 Assa Abloy"},"content":{"rendered":"<p>ASSA ABLOY 640 est une poign\u00e9e de porte classique des ann\u00e9es 1950 et 1960 qui est encore tr\u00e8s appr\u00e9ci\u00e9e aujourd&#039;hui. La poign\u00e9e a une conception bien con\u00e7ue qui s&#039;adapte \u00e0 la plupart des environnements et dure de nombreuses ann\u00e9es. Le 640 est sans ressort de rappel et fait partie de la s\u00e9rie ASSA ABLOY Classic. Pour portes ext\u00e9rieures et int\u00e9rieures.<\/p>\n<div><\/div>\n<div>\n<b>Propri\u00e9t\u00e9s:<\/b><\/div>\n<div>\n<ul>\n<li>Mat\u00e9riel: Laiton<\/li>\n<li>Traitements de surfaces\u00a0; Prion, Nickel, Chrome, Chrome mat, Laiton poli, Laiton bross\u00e9, Noir mat MIRUS<\/li>\n<li>Livraison standard pour une \u00e9paisseur de porte de 40 \u00e0 75 mm<\/li>\n<li>Rosace : \u00d8 52 mm<\/li>\n<li>Sans ressort de rappel dans la rosace, ce qui signifie qu&#039;il s&#039;adapte \u00e9galement aux serrures de portes int\u00e9rieures type 2014<\/li>\n<li>Convient aux modules et aux petits bo\u00eetiers de serrure de porte int\u00e9rieure<\/li>\n<\/ul>\n<p><b>Le paquet contient :<\/b><\/p>\n<ul>\n<li>2 pi\u00e8ces. Pressage des moiti\u00e9s (poign\u00e9es).<\/li>\n<li>2 pi\u00e8ces. Vis \u00e0 pression M5. (tourner la vis)<\/li>\n<li>2 joints toriques.<\/li>\n<li>2 pi\u00e8ces. \u00c9crou \u00e0 douille M5.<\/li>\n<li>2 pi\u00e8ces. \u00c9pingles d&#039;impression 8x8x102 mm et 8x8x120 mm.<\/li>\n<\/ul>\n<\/div>","protected":false},"excerpt":{"rendered":"<p>ASSA ABLOY 640 est une poign\u00e9e de porte classique des ann\u00e9es 1950 et 1960 qui est encore tr\u00e8s appr\u00e9ci\u00e9e aujourd&#039;hui. La poign\u00e9e a une conception bien con\u00e7ue qui s&#039;adapte \u00e0 la plupart des environnements et<\/p>","protected":false},"featured_media":159494,"template":"","meta":{"_acf_changed":false},"product_brand":[],"product_cat":[4124],"product_tag":[],"class_list":{"0":"post-97619","1":"product","2":"type-product","3":"status-publish","4":"has-post-thumbnail","6":"product_cat-dorrhandtag-innerdorr","7":"product_shipping_class-postnord-varubrev","8":"pa_brands-abloy","9":"tm-no-options","11":"first","12":"instock","13":"sale","14":"taxable","15":"shipping-taxable","16":"purchasable","17":"product-type-simple"},"acf":[],"_links":{"self":[{"href":"https:\/\/secureus.se\/fr\/wp-json\/wp\/v2\/product\/97619","targetHints":{"allow":["GET"]}}],"collection":[{"href":"https:\/\/secureus.se\/fr\/wp-json\/wp\/v2\/product"}],"about":[{"href":"https:\/\/secureus.se\/fr\/wp-json\/wp\/v2\/types\/product"}],"wp:featuredmedia":[{"embeddable":true,"href":"https:\/\/secureus.se\/fr\/wp-json\/wp\/v2\/media\/159494"}],"wp:attachment":[{"href":"https:\/\/secureus.se\/fr\/wp-json\/wp\/v2\/media?parent=97619"}],"wp:term":[{"taxonomy":"product_brand","embeddable":true,"href":"https:\/\/secureus.se\/fr\/wp-json\/wp\/v2\/product_brand?post=97619"},{"taxonomy":"product_cat","embeddable":true,"href":"https:\/\/secureus.se\/fr\/wp-json\/wp\/v2\/product_cat?post=97619"},{"taxonomy":"product_tag","embeddable":true,"href":"https:\/\/secureus.se\/fr\/wp-json\/wp\/v2\/product_tag?post=97619"}],"curies":[{"name":"wp","href":"https:\/\/api.w.org\/{rel}","templated":true}]}}