{"id":97626,"date":"2024-08-21T19:29:13","date_gmt":"2024-08-21T17:29:13","guid":{"rendered":"https:\/\/secureus.se\/?post_type=product&#038;p=97626"},"modified":"2026-04-08T15:34:49","modified_gmt":"2026-04-08T13:34:49","slug":"trycke-8639-76-90mm-matt-rostfritt","status":"publish","type":"product","link":"https:\/\/secureus.se\/fr\/trycke-8639-76-90mm-matt-rostfritt\/","title":{"rendered":"Poign\u00e9e de porte Trycke 8639 76-90mm Inox Mat \u2013 Assa Abloy"},"content":{"rendered":"<p>\nLa poign\u00e9e de porte 8639 fait partie de la s\u00e9rie de poign\u00e9es, poign\u00e9es de tirage et accessoires en acier inoxydable d&#039;ASSA ABLOY. Convient tr\u00e8s bien aux types d&#039;objets publics modernes, par exemple les institutions, les bureaux dans des environnements aux exigences hygi\u00e9niques \u00e9lev\u00e9es. Le mat\u00e9riau inoxydable est durable et prot\u00e8ge contre la corrosion et la pollution de l\u2019air. Convient pour les portes ext\u00e9rieures, les portes d&#039;entr\u00e9e et les portes int\u00e9rieures avec serrures modulaires.<br \/>\n<\/p>\n<div><\/div>\n<div><b>Propri\u00e9t\u00e9s:<\/b>\u00a0<\/div>\n<div>\n<ul>\n<li>Ressort de rappel qui soulage le ressort d&#039;aviron du bo\u00eetier de serrure et aide la pression \u00e0 revenir en position horizontale.\u00a0\u00a0<\/li>\n<li>Toutes les parties visibles en acier inoxydable bross\u00e9 mat r\u00e9sistant aux acides, AISI 316L\u00a0<\/li>\n<li>Roulement \u00e0 aiguilles pour un fonctionnement sans frottement.\u00a0\u00a0<\/li>\n<li>Disponible pour une \u00e9paisseur de porte de 76 \u00e0 90 mm.\u00a0<\/li>\n<li>Rosace standard \u00d8 53 mm<\/li>\n<li>Compatible avec le bo\u00eetier de verrouillage du module Connect\/Classic.<\/li>\n<li>Ne convient pas au bo\u00eetier de serrure ABLOY 2014 ou au bo\u00eetier de porte int\u00e9rieur \u00e9quivalent.<\/li>\n<li>Goupille et vis interchangeables pour diff\u00e9rentes \u00e9paisseurs de porte.<\/li>\n<li>Fixation par vis continue qui renforce la porte.<\/li>\n<\/ul>\n<p><b>Le paquet contient :<br \/><\/b><\/p>\n<ul>\n<li>2 pi\u00e8ces. Pressage des moiti\u00e9s (poign\u00e9es).<\/li>\n<li>4 pi\u00e8ces. Vis \u00e0 pression M5, 90 et 115 mm. (tourner la vis)<\/li>\n<li>2 joints toriques.<\/li>\n<li>2 pi\u00e8ces. \u00c9crou \u00e0 douille M5.<\/li>\n<li>3 pi\u00e8ces. \u00c9pingles d&#039;impression 8x8x102 mm, 8x8x120 mm et 8x8x138 mm.<\/li>\n<\/ul>\n<\/div>","protected":false},"excerpt":{"rendered":"<p>La poign\u00e9e de porte 8639 fait partie de la s\u00e9rie de poign\u00e9es, poign\u00e9es de tirage et accessoires en acier inoxydable d&#039;ASSA ABLOY. Convient tr\u00e8s bien aux types d&#039;objets publics modernes, par exemple les institutions, les bureaux dans des environnements \u00e0 haute temp\u00e9rature.<\/p>","protected":false},"featured_media":136797,"template":"","meta":{"_acf_changed":false},"product_brand":[],"product_cat":[4124,4125],"product_tag":[],"class_list":{"0":"post-97626","1":"product","2":"type-product","3":"status-publish","4":"has-post-thumbnail","6":"product_cat-dorrhandtag-innerdorr","7":"product_cat-dorrhandtag-ytterdorr","8":"product_shipping_class-postnord-varubrev","9":"pa_brands-abloy","10":"tm-no-options","12":"first","13":"instock","14":"sale","15":"taxable","16":"shipping-taxable","17":"purchasable","18":"product-type-simple"},"acf":[],"_links":{"self":[{"href":"https:\/\/secureus.se\/fr\/wp-json\/wp\/v2\/product\/97626","targetHints":{"allow":["GET"]}}],"collection":[{"href":"https:\/\/secureus.se\/fr\/wp-json\/wp\/v2\/product"}],"about":[{"href":"https:\/\/secureus.se\/fr\/wp-json\/wp\/v2\/types\/product"}],"wp:featuredmedia":[{"embeddable":true,"href":"https:\/\/secureus.se\/fr\/wp-json\/wp\/v2\/media\/136797"}],"wp:attachment":[{"href":"https:\/\/secureus.se\/fr\/wp-json\/wp\/v2\/media?parent=97626"}],"wp:term":[{"taxonomy":"product_brand","embeddable":true,"href":"https:\/\/secureus.se\/fr\/wp-json\/wp\/v2\/product_brand?post=97626"},{"taxonomy":"product_cat","embeddable":true,"href":"https:\/\/secureus.se\/fr\/wp-json\/wp\/v2\/product_cat?post=97626"},{"taxonomy":"product_tag","embeddable":true,"href":"https:\/\/secureus.se\/fr\/wp-json\/wp\/v2\/product_tag?post=97626"}],"curies":[{"name":"wp","href":"https:\/\/api.w.org\/{rel}","templated":true}]}}