{"id":97630,"date":"2024-08-21T19:29:13","date_gmt":"2024-08-21T17:29:13","guid":{"rendered":"https:\/\/secureus.se\/?post_type=product&#038;p=97630"},"modified":"2025-10-21T12:43:21","modified_gmt":"2025-10-21T10:43:21","slug":"trycke-1956-40-75mm-mattkrom","status":"publish","type":"product","link":"https:\/\/secureus.se\/fr\/trycke-1956-40-75mm-mattkrom\/","title":{"rendered":"Poign\u00e9e de porte Trycke 1956 40-75mm Chrome mat \u2013 Assa Abloy"},"content":{"rendered":"<div>\n<p>ASSA ABLOY 1956 est une poign\u00e9e de porte issue du design des ann\u00e9es 1950. Mais pour donner au manche une touche un peu plus moderne, les formes ont \u00e9t\u00e9 exag\u00e9r\u00e9es et on a tent\u00e9 de cr\u00e9er des rencontres douces et naturelles entre les formes. Se marie bien avec toute architecture \u00e0 partir des ann\u00e9es 1950. 1956 fait partie de la s\u00e9rie ASSA ABLOY Epok. Convient pour les portes ext\u00e9rieures, les portes d&#039;entr\u00e9e et les portes int\u00e9rieures avec serrures modulaires.<\/p>\n<p><b>Propri\u00e9t\u00e9s:<\/b><\/p>\n<ul>\n<li>Mat\u00e9riel: laiton<\/li>\n<li>Disponible en plusieurs finitions d\u00e9coratives\u00a0; Prion, Nickel, Chrome, Chrome mat, Laiton poli, Laiton bross\u00e9, Noir mat MIRUS.<\/li>\n<li>Ressort de rappel qui soulage le ressort du rameur du bo\u00eetier de verrouillage et aide la pression \u00e0 rester en position horizontale<\/li>\n<li>Livraison standard pour une \u00e9paisseur de porte de 40 \u00e0 75 mm<\/li>\n<li>Rosace : \u00d8 52 mm<\/li>\n<li>Compatible avec le bo\u00eetier de verrouillage du module Connect\/Classic.<\/li>\n<li>Ne convient pas au bo\u00eetier de serrure ABLOY 2014 ou au bo\u00eetier de porte int\u00e9rieur \u00e9quivalent.<\/li>\n<li>Pour porte ext\u00e9rieure\/int\u00e9rieure<\/li>\n<\/ul>\n<div><b>Le paquet contient :<\/b><\/div>\n<div>\n<ul>\n<li>2 pi\u00e8ces. Pressage des moiti\u00e9s (poign\u00e9es).<\/li>\n<li>2 pi\u00e8ces. Vis \u00e0 pression M5. (tourner la vis)<\/li>\n<li>2 joints toriques.<\/li>\n<li>2 pi\u00e8ces. \u00c9crou \u00e0 douille M5.<\/li>\n<li>2 pi\u00e8ces. \u00c9pingles d&#039;impression 8x8x102 mm et 8x8x120 mm.<\/li>\n<\/ul>\n<\/div>\n<div><\/div>\n<\/div>","protected":false},"excerpt":{"rendered":"<p>ASSA ABLOY 1956 est une poign\u00e9e de porte issue du design des ann\u00e9es 1950. Mais pour donner au manche un c\u00f4t\u00e9 un peu plus moderne, les formes ont \u00e9t\u00e9 exag\u00e9r\u00e9es et on a tent\u00e9 de cr\u00e9er des rencontres douces et naturelles entre<\/p>","protected":false},"featured_media":136525,"template":"","meta":{"_acf_changed":false},"product_brand":[],"product_cat":[4124,4125],"product_tag":[4863],"class_list":{"0":"post-97630","1":"product","2":"type-product","3":"status-publish","4":"has-post-thumbnail","6":"product_cat-dorrhandtag-innerdorr","7":"product_cat-dorrhandtag-ytterdorr","8":"product_tag-pf","9":"product_shipping_class-postnord-varubrev","10":"pa_brands-abloy","11":"tm-no-options","13":"first","14":"onbackorder","15":"sale","16":"taxable","17":"shipping-taxable","18":"purchasable","19":"product-type-simple"},"acf":[],"_links":{"self":[{"href":"https:\/\/secureus.se\/fr\/wp-json\/wp\/v2\/product\/97630","targetHints":{"allow":["GET"]}}],"collection":[{"href":"https:\/\/secureus.se\/fr\/wp-json\/wp\/v2\/product"}],"about":[{"href":"https:\/\/secureus.se\/fr\/wp-json\/wp\/v2\/types\/product"}],"wp:featuredmedia":[{"embeddable":true,"href":"https:\/\/secureus.se\/fr\/wp-json\/wp\/v2\/media\/136525"}],"wp:attachment":[{"href":"https:\/\/secureus.se\/fr\/wp-json\/wp\/v2\/media?parent=97630"}],"wp:term":[{"taxonomy":"product_brand","embeddable":true,"href":"https:\/\/secureus.se\/fr\/wp-json\/wp\/v2\/product_brand?post=97630"},{"taxonomy":"product_cat","embeddable":true,"href":"https:\/\/secureus.se\/fr\/wp-json\/wp\/v2\/product_cat?post=97630"},{"taxonomy":"product_tag","embeddable":true,"href":"https:\/\/secureus.se\/fr\/wp-json\/wp\/v2\/product_tag?post=97630"}],"curies":[{"name":"wp","href":"https:\/\/api.w.org\/{rel}","templated":true}]}}